{"id":9192,"date":"2023-08-01T20:04:22","date_gmt":"2023-08-02T02:04:22","guid":{"rendered":"https:\/\/feralframe.com\/?post_type=product&#038;p=9192"},"modified":"2024-01-12T00:54:27","modified_gmt":"2024-01-12T06:54:27","slug":"islandia-sep-2024","status":"publish","type":"product","link":"https:\/\/feralframe.com\/en\/product\/islandia-sep-2024\/","title":{"rendered":"Islandia- <br> Highlands Verano 2024<br><span style=\"font-size:16px;\"> 29 Agosto al 09 Sep 2024"},"content":{"rendered":"<div class=\"c-viajes\">\n<p>\u00a1Bienvenidos a un viaje fotogr\u00e1fico extraordinario a las Tierras Altas de Islandia! Nos embarcaremos en una expedici\u00f3n visual a trav\u00e9s de paisajes impresionantes, donde la naturaleza islandesa revelar\u00e1 su belleza en cada imagen capturada. Equipados con veh\u00edculos 4&#215;4, exploraremos glaciares majestuosos, cascadas encantadoras y campos de lava que ofrecen composiciones visuales \u00fanicas. Prep\u00e1rense para inmortalizar momentos m\u00e1gicos y descubrir la riqueza fotogr\u00e1fica que aguarda en cada rinc\u00f3n de las Highlands. Este no es solo un viaje, es una oportunidad para tejer historias visuales inolvidables en el tapiz de la asombrosa Islandia. \u00a1Que la traves\u00eda fotogr\u00e1fica comience!<\/p>\n<p><span class=\"c-viaje\" style=\"font-size: 18pt;\">Incluye<\/span><\/p>\n<ul>\n<li>Transportaci\u00f3n interna durante el viaje, desde\/hasta el aeropuerto, m\u00e1s todos los gastos derivados del mismo<\/li>\n<li>Hospedaje durante el viaje, 11 noches en habitaci\u00f3n doble compartida.<\/li>\n<li>Transportes 4&#215;4<\/li>\n<li>Gu\u00edas fotogr\u00e1ficos especializados<\/li>\n<li>Instrucci\u00f3n y asistencia personalizada<\/li>\n<li>Sesi\u00f3n de revelado online en grupo, despu\u00e9s del viaje<\/li>\n<li>Impresi\u00f3n con\u00a0<a href=\"https:\/\/galeria.specto.mx\/\">Specto Galer\u00eda<\/a>\u00a0en papel fine art de 30x45cm. (no incluye env\u00edo)<\/li>\n<li>Clase previa de t\u00e9cnicas fotogr\u00e1fica<\/li>\n<li>Sesi\u00f3n de post proceso<\/li>\n<\/ul>\n<p>&nbsp;<\/p>\n<p><span class=\"c-viaje\" style=\"font-size: 18pt;\">No Incluye<\/span><\/p>\n<ul>\n<li>Vuelos internacionales o nacionales hasta\/desde Islandia (aeropuerto Keflavik)<\/li>\n<li>Comidas (desayunos, comidas o cenas) y bebidas no especificadas<\/li>\n<li>Actividad en Cuevas de Hielo o Glaciar<\/li>\n<li>Propinas<\/li>\n<li>Gastos personales<\/li>\n<li>Todo lo que no est\u00e9 expresamente mencionado en el apartado \u201cIncluye\u201d<\/li>\n<li>Seguro de viaje<\/li>\n<\/ul>\n<\/div>\n","protected":false},"excerpt":{"rendered":"<p>Viaja con nosotros a Islandia durante 12 d\u00edas donde realizaremos fotograf\u00eda de paisajes de cascadas, playas y glaciares.<br \/>\nEste viaje ser\u00e1 del 29 de agosto al\u00a0 09 de septiembre del 2024.<br \/>\nAparta tu lugar.<\/p>\n","protected":false},"featured_media":10001,"template":"","meta":[],"product_brand":[],"product_cat":[258],"product_tag":[],"class_list":{"0":"post-9192","1":"product","2":"type-product","3":"status-publish","4":"has-post-thumbnail","6":"product_cat-sin-categorizar","8":"first","9":"instock","10":"taxable","11":"shipping-taxable","12":"purchasable","13":"product-type-variable"},"yoast_head":"<!-- This site is optimized with the Yoast SEO Premium plugin v23.3 (Yoast SEO v27.4) - https:\/\/yoast.com\/product\/yoast-seo-premium-wordpress\/ -->\n<title>Islandia-  Highlands Verano 2024 29 Agosto al 09 Sep 2024 - Feral Frame<\/title>\n<meta name=\"description\" content=\"Viaje fotogr\u00e1fico a Islandia a los Highlands en \u00e9poca de verano. Acomp\u00e1\u00f1anos a esta incre\u00edble experiencia y retrata los paisajes m\u00e1s espectaculares de este pa\u00eds.\" \/>\n<meta name=\"robots\" content=\"index, follow, max-snippet:-1, max-image-preview:large, max-video-preview:-1\" \/>\n<link rel=\"canonical\" href=\"https:\/\/feralframe.com\/en\/product\/islandia-sep-2024\/\" \/>\n<meta property=\"og:locale\" content=\"en_US\" \/>\n<meta property=\"og:type\" content=\"article\" \/>\n<meta property=\"og:title\" content=\"Islandia-  Highlands Verano 2024 29 Agosto al 09 Sep 2024\" \/>\n<meta property=\"og:description\" content=\"Viaje fotogr\u00e1fico a Islandia a los Highlands en \u00e9poca de verano. Acomp\u00e1\u00f1anos a esta incre\u00edble experiencia y retrata los paisajes m\u00e1s espectaculares de este pa\u00eds.\" \/>\n<meta property=\"og:url\" content=\"https:\/\/feralframe.com\/en\/product\/islandia-sep-2024\/\" \/>\n<meta property=\"og:site_name\" content=\"Feral Frame\" \/>\n<meta property=\"article:publisher\" content=\"https:\/\/www.facebook.com\/feralframe\" \/>\n<meta property=\"article:modified_time\" content=\"2024-01-12T06:54:27+00:00\" \/>\n<meta property=\"og:image\" content=\"https:\/\/feralframe.com\/wp-content\/uploads\/2023\/08\/20230902_Islandia_DJI_20230902074653_0246_D.jpg\" \/>\n\t<meta property=\"og:image:width\" content=\"1950\" \/>\n\t<meta property=\"og:image:height\" content=\"1460\" \/>\n\t<meta property=\"og:image:type\" content=\"image\/jpeg\" \/>\n<meta name=\"twitter:card\" content=\"summary_large_image\" \/>\n<meta name=\"twitter:label1\" content=\"Est. reading time\" \/>\n\t<meta name=\"twitter:data1\" content=\"2 minutes\" \/>\n<script type=\"application\/ld+json\" class=\"yoast-schema-graph\">{\"@context\":\"https:\\\/\\\/schema.org\",\"@graph\":[{\"@type\":\"WebPage\",\"@id\":\"https:\\\/\\\/feralframe.com\\\/en\\\/product\\\/islandia-sep-2024\\\/\",\"url\":\"https:\\\/\\\/feralframe.com\\\/en\\\/product\\\/islandia-sep-2024\\\/\",\"name\":\"Islandia- Highlands Verano 2024 29 Agosto al 09 Sep 2024 - Feral Frame\",\"isPartOf\":{\"@id\":\"https:\\\/\\\/feralframe.com\\\/en\\\/#website\"},\"primaryImageOfPage\":{\"@id\":\"https:\\\/\\\/feralframe.com\\\/en\\\/product\\\/islandia-sep-2024\\\/#primaryimage\"},\"image\":{\"@id\":\"https:\\\/\\\/feralframe.com\\\/en\\\/product\\\/islandia-sep-2024\\\/#primaryimage\"},\"thumbnailUrl\":\"https:\\\/\\\/feralframe.com\\\/wp-content\\\/uploads\\\/2023\\\/08\\\/20230902_Islandia_DJI_20230902074653_0246_D.jpg\",\"datePublished\":\"2023-08-02T02:04:22+00:00\",\"dateModified\":\"2024-01-12T06:54:27+00:00\",\"description\":\"Viaje fotogr\u00e1fico a Islandia a los Highlands en \u00e9poca de verano. Acomp\u00e1\u00f1anos a esta incre\u00edble experiencia y retrata los paisajes m\u00e1s espectaculares de este pa\u00eds.\",\"breadcrumb\":{\"@id\":\"https:\\\/\\\/feralframe.com\\\/en\\\/product\\\/islandia-sep-2024\\\/#breadcrumb\"},\"inLanguage\":\"en-US\",\"potentialAction\":[{\"@type\":\"ReadAction\",\"target\":[\"https:\\\/\\\/feralframe.com\\\/en\\\/product\\\/islandia-sep-2024\\\/\"]}]},{\"@type\":\"ImageObject\",\"inLanguage\":\"en-US\",\"@id\":\"https:\\\/\\\/feralframe.com\\\/en\\\/product\\\/islandia-sep-2024\\\/#primaryimage\",\"url\":\"https:\\\/\\\/feralframe.com\\\/wp-content\\\/uploads\\\/2023\\\/08\\\/20230902_Islandia_DJI_20230902074653_0246_D.jpg\",\"contentUrl\":\"https:\\\/\\\/feralframe.com\\\/wp-content\\\/uploads\\\/2023\\\/08\\\/20230902_Islandia_DJI_20230902074653_0246_D.jpg\",\"width\":1950,\"height\":1460,\"caption\":\"default\"},{\"@type\":\"BreadcrumbList\",\"@id\":\"https:\\\/\\\/feralframe.com\\\/en\\\/product\\\/islandia-sep-2024\\\/#breadcrumb\",\"itemListElement\":[{\"@type\":\"ListItem\",\"position\":1,\"name\":\"Portada\",\"item\":\"https:\\\/\\\/feralframe.com\\\/en\\\/\"},{\"@type\":\"ListItem\",\"position\":2,\"name\":\"Shop\",\"item\":\"https:\\\/\\\/feralframe.com\\\/en\\\/shop\\\/\"},{\"@type\":\"ListItem\",\"position\":3,\"name\":\"Islandia- Highlands Verano 2024 29 Agosto al 09 Sep 2024\"}]},{\"@type\":\"WebSite\",\"@id\":\"https:\\\/\\\/feralframe.com\\\/en\\\/#website\",\"url\":\"https:\\\/\\\/feralframe.com\\\/en\\\/\",\"name\":\"Feral Frame, Viajes Fotogr\u00e1ficos\",\"description\":\"Viajes Fotogr\u00e1ficos\",\"publisher\":{\"@id\":\"https:\\\/\\\/feralframe.com\\\/en\\\/#organization\"},\"alternateName\":\"Feral Frame - Viajes Fotogr\u00e1ficos\",\"potentialAction\":[{\"@type\":\"SearchAction\",\"target\":{\"@type\":\"EntryPoint\",\"urlTemplate\":\"https:\\\/\\\/feralframe.com\\\/en\\\/?s={search_term_string}\"},\"query-input\":{\"@type\":\"PropertyValueSpecification\",\"valueRequired\":true,\"valueName\":\"search_term_string\"}}],\"inLanguage\":\"en-US\"},{\"@type\":\"Organization\",\"@id\":\"https:\\\/\\\/feralframe.com\\\/en\\\/#organization\",\"name\":\"FERAL FRAME\",\"url\":\"https:\\\/\\\/feralframe.com\\\/en\\\/\",\"logo\":{\"@type\":\"ImageObject\",\"inLanguage\":\"en-US\",\"@id\":\"https:\\\/\\\/feralframe.com\\\/en\\\/#\\\/schema\\\/logo\\\/image\\\/\",\"url\":\"https:\\\/\\\/feralframe.com\\\/wp-content\\\/uploads\\\/2022\\\/01\\\/logo-2-retina.png\",\"contentUrl\":\"https:\\\/\\\/feralframe.com\\\/wp-content\\\/uploads\\\/2022\\\/01\\\/logo-2-retina.png\",\"width\":200,\"height\":120,\"caption\":\"FERAL FRAME\"},\"image\":{\"@id\":\"https:\\\/\\\/feralframe.com\\\/en\\\/#\\\/schema\\\/logo\\\/image\\\/\"},\"sameAs\":[\"https:\\\/\\\/www.facebook.com\\\/feralframe\",\"https:\\\/\\\/www.instagram.com\\\/feralframe\"],\"email\":\"hola@feralframe.com\",\"telephone\":\"2228069678\"}]}<\/script>\n<!-- \/ Yoast SEO Premium plugin. -->","yoast_head_json":{"title":"Islandia-  Highlands Verano 2024 29 Agosto al 09 Sep 2024 - Feral Frame","description":"Viaje fotogr\u00e1fico a Islandia a los Highlands en \u00e9poca de verano. Acomp\u00e1\u00f1anos a esta incre\u00edble experiencia y retrata los paisajes m\u00e1s espectaculares de este pa\u00eds.","robots":{"index":"index","follow":"follow","max-snippet":"max-snippet:-1","max-image-preview":"max-image-preview:large","max-video-preview":"max-video-preview:-1"},"canonical":"https:\/\/feralframe.com\/en\/product\/islandia-sep-2024\/","og_locale":"en_US","og_type":"article","og_title":"Islandia-  Highlands Verano 2024 29 Agosto al 09 Sep 2024","og_description":"Viaje fotogr\u00e1fico a Islandia a los Highlands en \u00e9poca de verano. Acomp\u00e1\u00f1anos a esta incre\u00edble experiencia y retrata los paisajes m\u00e1s espectaculares de este pa\u00eds.","og_url":"https:\/\/feralframe.com\/en\/product\/islandia-sep-2024\/","og_site_name":"Feral Frame","article_publisher":"https:\/\/www.facebook.com\/feralframe","article_modified_time":"2024-01-12T06:54:27+00:00","og_image":[{"width":1950,"height":1460,"url":"https:\/\/feralframe.com\/wp-content\/uploads\/2023\/08\/20230902_Islandia_DJI_20230902074653_0246_D.jpg","type":"image\/jpeg"}],"twitter_card":"summary_large_image","twitter_misc":{"Est. reading time":"2 minutes"},"schema":{"@context":"https:\/\/schema.org","@graph":[{"@type":"WebPage","@id":"https:\/\/feralframe.com\/en\/product\/islandia-sep-2024\/","url":"https:\/\/feralframe.com\/en\/product\/islandia-sep-2024\/","name":"Islandia- Highlands Verano 2024 29 Agosto al 09 Sep 2024 - Feral Frame","isPartOf":{"@id":"https:\/\/feralframe.com\/en\/#website"},"primaryImageOfPage":{"@id":"https:\/\/feralframe.com\/en\/product\/islandia-sep-2024\/#primaryimage"},"image":{"@id":"https:\/\/feralframe.com\/en\/product\/islandia-sep-2024\/#primaryimage"},"thumbnailUrl":"https:\/\/feralframe.com\/wp-content\/uploads\/2023\/08\/20230902_Islandia_DJI_20230902074653_0246_D.jpg","datePublished":"2023-08-02T02:04:22+00:00","dateModified":"2024-01-12T06:54:27+00:00","description":"Viaje fotogr\u00e1fico a Islandia a los Highlands en \u00e9poca de verano. Acomp\u00e1\u00f1anos a esta incre\u00edble experiencia y retrata los paisajes m\u00e1s espectaculares de este pa\u00eds.","breadcrumb":{"@id":"https:\/\/feralframe.com\/en\/product\/islandia-sep-2024\/#breadcrumb"},"inLanguage":"en-US","potentialAction":[{"@type":"ReadAction","target":["https:\/\/feralframe.com\/en\/product\/islandia-sep-2024\/"]}]},{"@type":"ImageObject","inLanguage":"en-US","@id":"https:\/\/feralframe.com\/en\/product\/islandia-sep-2024\/#primaryimage","url":"https:\/\/feralframe.com\/wp-content\/uploads\/2023\/08\/20230902_Islandia_DJI_20230902074653_0246_D.jpg","contentUrl":"https:\/\/feralframe.com\/wp-content\/uploads\/2023\/08\/20230902_Islandia_DJI_20230902074653_0246_D.jpg","width":1950,"height":1460,"caption":"default"},{"@type":"BreadcrumbList","@id":"https:\/\/feralframe.com\/en\/product\/islandia-sep-2024\/#breadcrumb","itemListElement":[{"@type":"ListItem","position":1,"name":"Portada","item":"https:\/\/feralframe.com\/en\/"},{"@type":"ListItem","position":2,"name":"Shop","item":"https:\/\/feralframe.com\/en\/shop\/"},{"@type":"ListItem","position":3,"name":"Islandia- Highlands Verano 2024 29 Agosto al 09 Sep 2024"}]},{"@type":"WebSite","@id":"https:\/\/feralframe.com\/en\/#website","url":"https:\/\/feralframe.com\/en\/","name":"Feral Frame, Viajes Fotogr\u00e1ficos","description":"Viajes Fotogr\u00e1ficos","publisher":{"@id":"https:\/\/feralframe.com\/en\/#organization"},"alternateName":"Feral Frame - Viajes Fotogr\u00e1ficos","potentialAction":[{"@type":"SearchAction","target":{"@type":"EntryPoint","urlTemplate":"https:\/\/feralframe.com\/en\/?s={search_term_string}"},"query-input":{"@type":"PropertyValueSpecification","valueRequired":true,"valueName":"search_term_string"}}],"inLanguage":"en-US"},{"@type":"Organization","@id":"https:\/\/feralframe.com\/en\/#organization","name":"FERAL FRAME","url":"https:\/\/feralframe.com\/en\/","logo":{"@type":"ImageObject","inLanguage":"en-US","@id":"https:\/\/feralframe.com\/en\/#\/schema\/logo\/image\/","url":"https:\/\/feralframe.com\/wp-content\/uploads\/2022\/01\/logo-2-retina.png","contentUrl":"https:\/\/feralframe.com\/wp-content\/uploads\/2022\/01\/logo-2-retina.png","width":200,"height":120,"caption":"FERAL FRAME"},"image":{"@id":"https:\/\/feralframe.com\/en\/#\/schema\/logo\/image\/"},"sameAs":["https:\/\/www.facebook.com\/feralframe","https:\/\/www.instagram.com\/feralframe"],"email":"hola@feralframe.com","telephone":"2228069678"}]}},"_links":{"self":[{"href":"https:\/\/feralframe.com\/en\/wp-json\/wp\/v2\/product\/9192","targetHints":{"allow":["GET"]}}],"collection":[{"href":"https:\/\/feralframe.com\/en\/wp-json\/wp\/v2\/product"}],"about":[{"href":"https:\/\/feralframe.com\/en\/wp-json\/wp\/v2\/types\/product"}],"wp:featuredmedia":[{"embeddable":true,"href":"https:\/\/feralframe.com\/en\/wp-json\/wp\/v2\/media\/10001"}],"wp:attachment":[{"href":"https:\/\/feralframe.com\/en\/wp-json\/wp\/v2\/media?parent=9192"}],"wp:term":[{"taxonomy":"product_brand","embeddable":true,"href":"https:\/\/feralframe.com\/en\/wp-json\/wp\/v2\/product_brand?post=9192"},{"taxonomy":"product_cat","embeddable":true,"href":"https:\/\/feralframe.com\/en\/wp-json\/wp\/v2\/product_cat?post=9192"},{"taxonomy":"product_tag","embeddable":true,"href":"https:\/\/feralframe.com\/en\/wp-json\/wp\/v2\/product_tag?post=9192"}],"curies":[{"name":"wp","href":"https:\/\/api.w.org\/{rel}","templated":true}]}}