{"id":8960,"date":"2023-06-29T00:16:26","date_gmt":"2023-06-29T06:16:26","guid":{"rendered":"https:\/\/feralframe.com\/?post_type=product&#038;p=8960"},"modified":"2024-02-22T13:49:01","modified_gmt":"2024-02-22T19:49:01","slug":"namibia-2024","status":"publish","type":"product","link":"https:\/\/feralframe.com\/en\/product\/namibia-2024\/","title":{"rendered":"Namibia &#8211; <span style=\"font-size:16px;\">29 Junio al 13 Julio 2024<\/span> (copia)"},"content":{"rendered":"<h3 class=\"caracteristicas-viaje\">Lugares y actividades a realizar<\/h3>\n<ul class=\"listas\">\n<li>Taller en l\u00ednea con aspectos t\u00e9cnicos para sacar mejor provecho del viaje<\/li>\n<li>Estancia en Parque Nacional de Etosha<\/li>\n<li>Visita a la tribu Ovahimba<\/li>\n<li>B\u00fasqueda de elefantes del desierto<\/li>\n<li>Zona arqueol\u00f3gica de <strong>Twyfelfontein<\/strong> con pinturas rupestres<\/li>\n<li><strong>Visita a la tribu Himba<\/strong><\/li>\n<li>Estancia en Spitzkoppe y visita al enorme arco de piedra<\/li>\n<li>Visita a reserva de focas en<strong> Cape Cross<\/strong><\/li>\n<li>Fotos del barco encallado en <strong>Skeleton Coast<\/strong><\/li>\n<li>Estancia en Swakopmund<\/li>\n<li>Experiencia en Catamaran y b\u00fasqueda de ballena jorobada<\/li>\n<li><strong>Recorrido en dunas de Sandwich Harbour en veh\u00edculos 4&#215;4<\/strong><\/li>\n<li>Fotograf\u00eda de flamingos en la costa<\/li>\n<li>Estancia en <strong>Sosussvlei<\/strong>, visita a las dunas y alrededores<\/li>\n<li>Visita a Dead Vlei con sus arboles muertos y paisajes surreales<\/li>\n<li>Vuelo en <strong>Globo aerost\u00e1tico en el desierto del Namib-Naukluft<\/strong><\/li>\n<li>Amanecer y atardecer en el pueblo fantasma de<strong> Kolmanskop<\/strong><\/li>\n<li>Estancia en la pintoresca ciudad de Luderitz<\/li>\n<li>Fotograf\u00eda en <strong>Quiver Tree Forest<\/strong> con sus singulares \u00e1rboles carcaj<\/li>\n<li>Recorrido en <strong>Windhoek<\/strong>, la pintoresca capital de Namibia<\/li>\n<li>Sesi\u00f3n de edici\u00f3n fotogr\u00e1fica en l\u00ednea posterior al viaje<\/li>\n<\/ul>\n<p>&nbsp;<\/p>\n<p><span class=\"dias-viaje\">Inclu\u00eddo<\/span><\/p>\n<ul class=\"listas\">\n<li>Alojamiento durante las 14 noches del viaje en habitaci\u00f3n compartida con otro\/a participante<\/li>\n<li>Traslados entre el aeropuerto de Windhoek y la ciudad al inicio y al final de nuestro viaje<\/li>\n<li>Transporte en veh\u00edculos durante todo el viaje, m\u00e1s todos los gastos derivados del mismo<\/li>\n<li>Comidas (desayuno, comida y cena) durante el viaje, a excepci\u00f3n del desayuno del d\u00eda de llegada y el desayuno del \u00faltimo d\u00eda<\/li>\n<li>Boletos de entrada a todos los Parques Nacionales, reservas y tours<\/li>\n<li>Safaris dentro del Parque Nacional de Etosha<\/li>\n<li>Paseo en Globo por el desierto con desayuno de lujo en las dunas<\/li>\n<li>Catamaran<\/li>\n<li>Gu\u00eda\/s fotogr\u00e1fico\/s especializado\/s en el destino<\/li>\n<li>Instrucci\u00f3n y asistencia personalizadas<\/li>\n<li>Seguro de viaje b\u00e1sico<\/li>\n<li>Agua embotellada durante todo el viaje<\/li>\n<li>Propinas a guias locales, meseros y prestadores de servicios<\/li>\n<li>2 sesiones previas por zoom para prepararnos para el viaje<\/li>\n<li>Sesi\u00f3n de procesado online en grupo para editar algunas de las im\u00e1genes tomadas durante el viaje, este se dar\u00e1 una vez que regresemos del viaje.<\/li>\n<\/ul>\n","protected":false},"excerpt":{"rendered":"<div class=\"c-viajes\">Viaja con nosotros a Namibia durante 15 d\u00edas en donde realizaremos fotograf\u00eda de fauna, paisaje, fotograf\u00eda nocturna con V\u00eda L\u00e1ctea, vuelo en Globo y m\u00e1s.<\/div>\n<div class=\"c-viajes\">Este viaje ser\u00e1 del 29 de junio al 13 de julio del 2024.<\/div>\n<div class=\"c-viajes\">Aparta tu lugar.<\/div>\n","protected":false},"featured_media":5673,"template":"","meta":[],"product_brand":[],"product_cat":[258],"product_tag":[],"class_list":{"0":"post-8960","1":"product","2":"type-product","3":"status-publish","4":"has-post-thumbnail","6":"product_cat-sin-categorizar","8":"first","9":"instock","10":"taxable","11":"shipping-taxable","12":"purchasable","13":"product-type-variable"},"yoast_head":"<!-- This site is optimized with the Yoast SEO Premium plugin v23.3 (Yoast SEO v27.4) - https:\/\/yoast.com\/product\/yoast-seo-premium-wordpress\/ -->\n<title>Namibia - 29 Junio al 13 Julio 2024 (copia) - Feral Frame<\/title>\n<meta name=\"description\" content=\"Viaje fotogr\u00e1fico Bolivia marzo 2023. Acomp\u00e1\u00f1anos durante 8 d\u00edas y 7 noches en este incre\u00edble viaje en donde veremos incre\u00edbles parajes de este pa\u00eds.\" \/>\n<meta name=\"robots\" content=\"index, follow, max-snippet:-1, max-image-preview:large, max-video-preview:-1\" \/>\n<link rel=\"canonical\" href=\"https:\/\/feralframe.com\/en\/product\/namibia-2024\/\" \/>\n<meta property=\"og:locale\" content=\"en_US\" \/>\n<meta property=\"og:type\" content=\"article\" \/>\n<meta property=\"og:title\" content=\"Namibia - 29 Junio al 13 Julio 2024 (copia)\" \/>\n<meta property=\"og:description\" content=\"Viaje fotogr\u00e1fico Bolivia marzo 2023. Acomp\u00e1\u00f1anos durante 8 d\u00edas y 7 noches en este incre\u00edble viaje en donde veremos incre\u00edbles parajes de este pa\u00eds.\" \/>\n<meta property=\"og:url\" content=\"https:\/\/feralframe.com\/en\/product\/namibia-2024\/\" \/>\n<meta property=\"og:site_name\" content=\"Feral Frame\" \/>\n<meta property=\"article:publisher\" content=\"https:\/\/www.facebook.com\/feralframe\" \/>\n<meta property=\"article:modified_time\" content=\"2024-02-22T19:49:01+00:00\" \/>\n<meta property=\"og:image\" content=\"https:\/\/feralframe.com\/wp-content\/uploads\/2022\/10\/A742389-1.jpg\" \/>\n\t<meta property=\"og:image:width\" content=\"1800\" \/>\n\t<meta property=\"og:image:height\" content=\"1200\" \/>\n\t<meta property=\"og:image:type\" content=\"image\/jpeg\" \/>\n<meta name=\"twitter:card\" content=\"summary_large_image\" \/>\n<meta name=\"twitter:label1\" content=\"Est. reading time\" \/>\n\t<meta name=\"twitter:data1\" content=\"2 minutes\" \/>\n<script type=\"application\/ld+json\" class=\"yoast-schema-graph\">{\"@context\":\"https:\\\/\\\/schema.org\",\"@graph\":[{\"@type\":\"WebPage\",\"@id\":\"https:\\\/\\\/feralframe.com\\\/en\\\/product\\\/namibia-2024\\\/\",\"url\":\"https:\\\/\\\/feralframe.com\\\/en\\\/product\\\/namibia-2024\\\/\",\"name\":\"Namibia - 29 Junio al 13 Julio 2024 (copia) - Feral Frame\",\"isPartOf\":{\"@id\":\"https:\\\/\\\/feralframe.com\\\/en\\\/#website\"},\"primaryImageOfPage\":{\"@id\":\"https:\\\/\\\/feralframe.com\\\/en\\\/product\\\/namibia-2024\\\/#primaryimage\"},\"image\":{\"@id\":\"https:\\\/\\\/feralframe.com\\\/en\\\/product\\\/namibia-2024\\\/#primaryimage\"},\"thumbnailUrl\":\"https:\\\/\\\/feralframe.com\\\/wp-content\\\/uploads\\\/2022\\\/10\\\/A742389-1.jpg\",\"datePublished\":\"2023-06-29T06:16:26+00:00\",\"dateModified\":\"2024-02-22T19:49:01+00:00\",\"description\":\"Viaje fotogr\u00e1fico Bolivia marzo 2023. Acomp\u00e1\u00f1anos durante 8 d\u00edas y 7 noches en este incre\u00edble viaje en donde veremos incre\u00edbles parajes de este pa\u00eds.\",\"breadcrumb\":{\"@id\":\"https:\\\/\\\/feralframe.com\\\/en\\\/product\\\/namibia-2024\\\/#breadcrumb\"},\"inLanguage\":\"en-US\",\"potentialAction\":[{\"@type\":\"ReadAction\",\"target\":[\"https:\\\/\\\/feralframe.com\\\/en\\\/product\\\/namibia-2024\\\/\"]}]},{\"@type\":\"ImageObject\",\"inLanguage\":\"en-US\",\"@id\":\"https:\\\/\\\/feralframe.com\\\/en\\\/product\\\/namibia-2024\\\/#primaryimage\",\"url\":\"https:\\\/\\\/feralframe.com\\\/wp-content\\\/uploads\\\/2022\\\/10\\\/A742389-1.jpg\",\"contentUrl\":\"https:\\\/\\\/feralframe.com\\\/wp-content\\\/uploads\\\/2022\\\/10\\\/A742389-1.jpg\",\"width\":1800,\"height\":1200},{\"@type\":\"BreadcrumbList\",\"@id\":\"https:\\\/\\\/feralframe.com\\\/en\\\/product\\\/namibia-2024\\\/#breadcrumb\",\"itemListElement\":[{\"@type\":\"ListItem\",\"position\":1,\"name\":\"Portada\",\"item\":\"https:\\\/\\\/feralframe.com\\\/en\\\/\"},{\"@type\":\"ListItem\",\"position\":2,\"name\":\"Shop\",\"item\":\"https:\\\/\\\/feralframe.com\\\/en\\\/shop\\\/\"},{\"@type\":\"ListItem\",\"position\":3,\"name\":\"Namibia &#8211; 29 Junio al 13 Julio 2024 (copia)\"}]},{\"@type\":\"WebSite\",\"@id\":\"https:\\\/\\\/feralframe.com\\\/en\\\/#website\",\"url\":\"https:\\\/\\\/feralframe.com\\\/en\\\/\",\"name\":\"Feral Frame, Viajes Fotogr\u00e1ficos\",\"description\":\"Viajes Fotogr\u00e1ficos\",\"publisher\":{\"@id\":\"https:\\\/\\\/feralframe.com\\\/en\\\/#organization\"},\"alternateName\":\"Feral Frame - Viajes Fotogr\u00e1ficos\",\"potentialAction\":[{\"@type\":\"SearchAction\",\"target\":{\"@type\":\"EntryPoint\",\"urlTemplate\":\"https:\\\/\\\/feralframe.com\\\/en\\\/?s={search_term_string}\"},\"query-input\":{\"@type\":\"PropertyValueSpecification\",\"valueRequired\":true,\"valueName\":\"search_term_string\"}}],\"inLanguage\":\"en-US\"},{\"@type\":\"Organization\",\"@id\":\"https:\\\/\\\/feralframe.com\\\/en\\\/#organization\",\"name\":\"FERAL FRAME\",\"url\":\"https:\\\/\\\/feralframe.com\\\/en\\\/\",\"logo\":{\"@type\":\"ImageObject\",\"inLanguage\":\"en-US\",\"@id\":\"https:\\\/\\\/feralframe.com\\\/en\\\/#\\\/schema\\\/logo\\\/image\\\/\",\"url\":\"https:\\\/\\\/feralframe.com\\\/wp-content\\\/uploads\\\/2022\\\/01\\\/logo-2-retina.png\",\"contentUrl\":\"https:\\\/\\\/feralframe.com\\\/wp-content\\\/uploads\\\/2022\\\/01\\\/logo-2-retina.png\",\"width\":200,\"height\":120,\"caption\":\"FERAL FRAME\"},\"image\":{\"@id\":\"https:\\\/\\\/feralframe.com\\\/en\\\/#\\\/schema\\\/logo\\\/image\\\/\"},\"sameAs\":[\"https:\\\/\\\/www.facebook.com\\\/feralframe\",\"https:\\\/\\\/www.instagram.com\\\/feralframe\"],\"email\":\"hola@feralframe.com\",\"telephone\":\"2228069678\"}]}<\/script>\n<!-- \/ Yoast SEO Premium plugin. -->","yoast_head_json":{"title":"Namibia - 29 Junio al 13 Julio 2024 (copia) - Feral Frame","description":"Viaje fotogr\u00e1fico Bolivia marzo 2023. Acomp\u00e1\u00f1anos durante 8 d\u00edas y 7 noches en este incre\u00edble viaje en donde veremos incre\u00edbles parajes de este pa\u00eds.","robots":{"index":"index","follow":"follow","max-snippet":"max-snippet:-1","max-image-preview":"max-image-preview:large","max-video-preview":"max-video-preview:-1"},"canonical":"https:\/\/feralframe.com\/en\/product\/namibia-2024\/","og_locale":"en_US","og_type":"article","og_title":"Namibia - 29 Junio al 13 Julio 2024 (copia)","og_description":"Viaje fotogr\u00e1fico Bolivia marzo 2023. Acomp\u00e1\u00f1anos durante 8 d\u00edas y 7 noches en este incre\u00edble viaje en donde veremos incre\u00edbles parajes de este pa\u00eds.","og_url":"https:\/\/feralframe.com\/en\/product\/namibia-2024\/","og_site_name":"Feral Frame","article_publisher":"https:\/\/www.facebook.com\/feralframe","article_modified_time":"2024-02-22T19:49:01+00:00","og_image":[{"width":1800,"height":1200,"url":"https:\/\/feralframe.com\/wp-content\/uploads\/2022\/10\/A742389-1.jpg","type":"image\/jpeg"}],"twitter_card":"summary_large_image","twitter_misc":{"Est. reading time":"2 minutes"},"schema":{"@context":"https:\/\/schema.org","@graph":[{"@type":"WebPage","@id":"https:\/\/feralframe.com\/en\/product\/namibia-2024\/","url":"https:\/\/feralframe.com\/en\/product\/namibia-2024\/","name":"Namibia - 29 Junio al 13 Julio 2024 (copia) - Feral Frame","isPartOf":{"@id":"https:\/\/feralframe.com\/en\/#website"},"primaryImageOfPage":{"@id":"https:\/\/feralframe.com\/en\/product\/namibia-2024\/#primaryimage"},"image":{"@id":"https:\/\/feralframe.com\/en\/product\/namibia-2024\/#primaryimage"},"thumbnailUrl":"https:\/\/feralframe.com\/wp-content\/uploads\/2022\/10\/A742389-1.jpg","datePublished":"2023-06-29T06:16:26+00:00","dateModified":"2024-02-22T19:49:01+00:00","description":"Viaje fotogr\u00e1fico Bolivia marzo 2023. Acomp\u00e1\u00f1anos durante 8 d\u00edas y 7 noches en este incre\u00edble viaje en donde veremos incre\u00edbles parajes de este pa\u00eds.","breadcrumb":{"@id":"https:\/\/feralframe.com\/en\/product\/namibia-2024\/#breadcrumb"},"inLanguage":"en-US","potentialAction":[{"@type":"ReadAction","target":["https:\/\/feralframe.com\/en\/product\/namibia-2024\/"]}]},{"@type":"ImageObject","inLanguage":"en-US","@id":"https:\/\/feralframe.com\/en\/product\/namibia-2024\/#primaryimage","url":"https:\/\/feralframe.com\/wp-content\/uploads\/2022\/10\/A742389-1.jpg","contentUrl":"https:\/\/feralframe.com\/wp-content\/uploads\/2022\/10\/A742389-1.jpg","width":1800,"height":1200},{"@type":"BreadcrumbList","@id":"https:\/\/feralframe.com\/en\/product\/namibia-2024\/#breadcrumb","itemListElement":[{"@type":"ListItem","position":1,"name":"Portada","item":"https:\/\/feralframe.com\/en\/"},{"@type":"ListItem","position":2,"name":"Shop","item":"https:\/\/feralframe.com\/en\/shop\/"},{"@type":"ListItem","position":3,"name":"Namibia &#8211; 29 Junio al 13 Julio 2024 (copia)"}]},{"@type":"WebSite","@id":"https:\/\/feralframe.com\/en\/#website","url":"https:\/\/feralframe.com\/en\/","name":"Feral Frame, Viajes Fotogr\u00e1ficos","description":"Viajes Fotogr\u00e1ficos","publisher":{"@id":"https:\/\/feralframe.com\/en\/#organization"},"alternateName":"Feral Frame - Viajes Fotogr\u00e1ficos","potentialAction":[{"@type":"SearchAction","target":{"@type":"EntryPoint","urlTemplate":"https:\/\/feralframe.com\/en\/?s={search_term_string}"},"query-input":{"@type":"PropertyValueSpecification","valueRequired":true,"valueName":"search_term_string"}}],"inLanguage":"en-US"},{"@type":"Organization","@id":"https:\/\/feralframe.com\/en\/#organization","name":"FERAL FRAME","url":"https:\/\/feralframe.com\/en\/","logo":{"@type":"ImageObject","inLanguage":"en-US","@id":"https:\/\/feralframe.com\/en\/#\/schema\/logo\/image\/","url":"https:\/\/feralframe.com\/wp-content\/uploads\/2022\/01\/logo-2-retina.png","contentUrl":"https:\/\/feralframe.com\/wp-content\/uploads\/2022\/01\/logo-2-retina.png","width":200,"height":120,"caption":"FERAL FRAME"},"image":{"@id":"https:\/\/feralframe.com\/en\/#\/schema\/logo\/image\/"},"sameAs":["https:\/\/www.facebook.com\/feralframe","https:\/\/www.instagram.com\/feralframe"],"email":"hola@feralframe.com","telephone":"2228069678"}]}},"_links":{"self":[{"href":"https:\/\/feralframe.com\/en\/wp-json\/wp\/v2\/product\/8960","targetHints":{"allow":["GET"]}}],"collection":[{"href":"https:\/\/feralframe.com\/en\/wp-json\/wp\/v2\/product"}],"about":[{"href":"https:\/\/feralframe.com\/en\/wp-json\/wp\/v2\/types\/product"}],"wp:featuredmedia":[{"embeddable":true,"href":"https:\/\/feralframe.com\/en\/wp-json\/wp\/v2\/media\/5673"}],"wp:attachment":[{"href":"https:\/\/feralframe.com\/en\/wp-json\/wp\/v2\/media?parent=8960"}],"wp:term":[{"taxonomy":"product_brand","embeddable":true,"href":"https:\/\/feralframe.com\/en\/wp-json\/wp\/v2\/product_brand?post=8960"},{"taxonomy":"product_cat","embeddable":true,"href":"https:\/\/feralframe.com\/en\/wp-json\/wp\/v2\/product_cat?post=8960"},{"taxonomy":"product_tag","embeddable":true,"href":"https:\/\/feralframe.com\/en\/wp-json\/wp\/v2\/product_tag?post=8960"}],"curies":[{"name":"wp","href":"https:\/\/api.w.org\/{rel}","templated":true}]}}