{"id":7984,"date":"2023-06-02T16:05:12","date_gmt":"2023-06-02T22:05:12","guid":{"rendered":"https:\/\/feralframe.com\/?post_type=product&#038;p=7984"},"modified":"2023-10-31T10:17:30","modified_gmt":"2023-10-31T16:17:30","slug":"guatemala-2023","status":"publish","type":"product","link":"https:\/\/feralframe.com\/en\/product\/guatemala-2023\/","title":{"rendered":"Guatemala &#8211; <span style=\"font-size:16px;\">6 -11 Diciembre 2023 <\/span>"},"content":{"rendered":"<p>Viaje del:<\/p>\n<ul>\n<li>6 al 11 de diciembre 2023<\/li>\n<\/ul>\n<p><span class=\"dias-viaje\">Incluido<\/span><\/p>\n<p>&nbsp;<\/p>\n<ul class=\"listas\">\n<li>Transportaci\u00f3n interna durante el viaje, desde\/hasta Atitlan<strong><br \/>\n<\/strong><\/li>\n<li>Veh\u00edculo 4&#215;4 todo terreno en el volc\u00e1n Acatenango<\/li>\n<li>Ticket de entrada al Volc\u00e1n de Acatenango<\/li>\n<li>Porteadores para el Volc\u00e1n Acatenango<\/li>\n<li>Gu\u00eda de monta\u00f1a en el Volc\u00e1n de Acatenango<\/li>\n<li>Refugio de monta\u00f1a en el volc\u00e1n Acatenango y<strong> alimentos incluidos<\/strong>(2 noches)<\/li>\n<li>Embarcaciones en lago Atitl\u00e1n<\/li>\n<li>Hospedaje en hotel boutique de Lago Atitl\u00e1n durante 3 noches (en habitaci\u00f3n privada)<\/li>\n<li>Tour cultural en algunos poblados que est\u00e1n en alrededor del lago Atitl\u00e1n<\/li>\n<li>Gu\u00edas fotogr\u00e1ficos especializados<\/li>\n<li>Instrucci\u00f3n y asistencia personalizada<\/li>\n<li>Seguro b\u00e1sico de viaje<\/li>\n<li>Sesi\u00f3n de revelado online en grupo, despu\u00e9s del viaje<\/li>\n<li>Fotograf\u00eda de 30x45cm en papel fine art con <a href=\"https:\/\/galeria.specto.mx\/\">Specto Galer\u00eda<\/a><\/li>\n<\/ul>\n<p><span class=\"dias-viaje\">No Incluido<\/span><\/p>\n<ul class=\"listas\">\n<li>Vuelos desde\/hasta la ciudad de inicio del viaje<\/li>\n<li>Comidas (desayunos, comidas o cenas) y bebidas no especificadas.<\/li>\n<li>Propinas<\/li>\n<li>Gastos personales<\/li>\n<li>Todo lo que no est\u00e9 expresamente mencionado en el apartado &#8220;Incluido&#8221;<\/li>\n<\/ul>\n<p>&nbsp;<\/p>\n","protected":false},"excerpt":{"rendered":"<p>Acomp\u00e1\u00f1anos en este viaje fotogr\u00e1fico que se llevar\u00e1 a cabo del <strong>6 al 11 de Diciembre 2023<\/strong><\/p>\n<p>Es un grupo para m\u00e1ximo de 10 personas.<\/p>\n","protected":false},"featured_media":8987,"template":"","meta":[],"product_brand":[],"product_cat":[258],"product_tag":[],"class_list":{"0":"post-7984","1":"product","2":"type-product","3":"status-publish","4":"has-post-thumbnail","6":"product_cat-sin-categorizar","8":"first","9":"instock","10":"taxable","11":"shipping-taxable","12":"purchasable","13":"product-type-variable"},"yoast_head":"<!-- This site is optimized with the Yoast SEO Premium plugin v23.3 (Yoast SEO v27.4) - https:\/\/yoast.com\/product\/yoast-seo-premium-wordpress\/ -->\n<title>Guatemala - 6 -11 Diciembre 2023  - Feral Frame<\/title>\n<meta name=\"description\" content=\"Viaje fotogr\u00e1fico a Guatemala. Conoce los incre\u00edbles volcanes de Guatemala junto a nuestros fot\u00f3grafos profesionales, vive una gran experiencia fotogr\u00e1fica.\" \/>\n<meta name=\"robots\" content=\"index, follow, max-snippet:-1, max-image-preview:large, max-video-preview:-1\" \/>\n<link rel=\"canonical\" href=\"https:\/\/feralframe.com\/en\/product\/guatemala-2023\/\" \/>\n<meta property=\"og:locale\" content=\"en_US\" \/>\n<meta property=\"og:type\" content=\"article\" \/>\n<meta property=\"og:title\" content=\"Guatemala - 6 -11 Diciembre 2023\" \/>\n<meta property=\"og:description\" content=\"Viaje fotogr\u00e1fico a Guatemala. Conoce los incre\u00edbles volcanes de Guatemala junto a nuestros fot\u00f3grafos profesionales, vive una gran experiencia fotogr\u00e1fica.\" \/>\n<meta property=\"og:url\" content=\"https:\/\/feralframe.com\/en\/product\/guatemala-2023\/\" \/>\n<meta property=\"og:site_name\" content=\"Feral Frame\" \/>\n<meta property=\"article:publisher\" content=\"https:\/\/www.facebook.com\/feralframe\" \/>\n<meta property=\"article:modified_time\" content=\"2023-10-31T16:17:30+00:00\" \/>\n<meta property=\"og:image\" content=\"https:\/\/feralframe.com\/wp-content\/uploads\/2023\/06\/ERB1815-Mejorado-NR-2.jpg\" \/>\n\t<meta property=\"og:image:width\" content=\"2000\" \/>\n\t<meta property=\"og:image:height\" content=\"1333\" \/>\n\t<meta property=\"og:image:type\" content=\"image\/jpeg\" \/>\n<meta name=\"twitter:card\" content=\"summary_large_image\" \/>\n<meta name=\"twitter:label1\" content=\"Est. reading time\" \/>\n\t<meta name=\"twitter:data1\" content=\"1 minute\" \/>\n<script type=\"application\/ld+json\" class=\"yoast-schema-graph\">{\"@context\":\"https:\\\/\\\/schema.org\",\"@graph\":[{\"@type\":\"WebPage\",\"@id\":\"https:\\\/\\\/feralframe.com\\\/en\\\/product\\\/guatemala-2023\\\/\",\"url\":\"https:\\\/\\\/feralframe.com\\\/en\\\/product\\\/guatemala-2023\\\/\",\"name\":\"Guatemala - 6 -11 Diciembre 2023 - Feral Frame\",\"isPartOf\":{\"@id\":\"https:\\\/\\\/feralframe.com\\\/en\\\/#website\"},\"primaryImageOfPage\":{\"@id\":\"https:\\\/\\\/feralframe.com\\\/en\\\/product\\\/guatemala-2023\\\/#primaryimage\"},\"image\":{\"@id\":\"https:\\\/\\\/feralframe.com\\\/en\\\/product\\\/guatemala-2023\\\/#primaryimage\"},\"thumbnailUrl\":\"https:\\\/\\\/feralframe.com\\\/wp-content\\\/uploads\\\/2023\\\/06\\\/ERB1815-Mejorado-NR-2.jpg\",\"datePublished\":\"2023-06-02T22:05:12+00:00\",\"dateModified\":\"2023-10-31T16:17:30+00:00\",\"description\":\"Viaje fotogr\u00e1fico a Guatemala. Conoce los incre\u00edbles volcanes de Guatemala junto a nuestros fot\u00f3grafos profesionales, vive una gran experiencia fotogr\u00e1fica.\",\"breadcrumb\":{\"@id\":\"https:\\\/\\\/feralframe.com\\\/en\\\/product\\\/guatemala-2023\\\/#breadcrumb\"},\"inLanguage\":\"en-US\",\"potentialAction\":[{\"@type\":\"ReadAction\",\"target\":[\"https:\\\/\\\/feralframe.com\\\/en\\\/product\\\/guatemala-2023\\\/\"]}]},{\"@type\":\"ImageObject\",\"inLanguage\":\"en-US\",\"@id\":\"https:\\\/\\\/feralframe.com\\\/en\\\/product\\\/guatemala-2023\\\/#primaryimage\",\"url\":\"https:\\\/\\\/feralframe.com\\\/wp-content\\\/uploads\\\/2023\\\/06\\\/ERB1815-Mejorado-NR-2.jpg\",\"contentUrl\":\"https:\\\/\\\/feralframe.com\\\/wp-content\\\/uploads\\\/2023\\\/06\\\/ERB1815-Mejorado-NR-2.jpg\",\"width\":2000,\"height\":1333},{\"@type\":\"BreadcrumbList\",\"@id\":\"https:\\\/\\\/feralframe.com\\\/en\\\/product\\\/guatemala-2023\\\/#breadcrumb\",\"itemListElement\":[{\"@type\":\"ListItem\",\"position\":1,\"name\":\"Portada\",\"item\":\"https:\\\/\\\/feralframe.com\\\/en\\\/\"},{\"@type\":\"ListItem\",\"position\":2,\"name\":\"Shop\",\"item\":\"https:\\\/\\\/feralframe.com\\\/en\\\/shop\\\/\"},{\"@type\":\"ListItem\",\"position\":3,\"name\":\"Guatemala &#8211; 6 -11 Diciembre 2023\"}]},{\"@type\":\"WebSite\",\"@id\":\"https:\\\/\\\/feralframe.com\\\/en\\\/#website\",\"url\":\"https:\\\/\\\/feralframe.com\\\/en\\\/\",\"name\":\"Feral Frame, Viajes Fotogr\u00e1ficos\",\"description\":\"Viajes Fotogr\u00e1ficos\",\"publisher\":{\"@id\":\"https:\\\/\\\/feralframe.com\\\/en\\\/#organization\"},\"alternateName\":\"Feral Frame - Viajes Fotogr\u00e1ficos\",\"potentialAction\":[{\"@type\":\"SearchAction\",\"target\":{\"@type\":\"EntryPoint\",\"urlTemplate\":\"https:\\\/\\\/feralframe.com\\\/en\\\/?s={search_term_string}\"},\"query-input\":{\"@type\":\"PropertyValueSpecification\",\"valueRequired\":true,\"valueName\":\"search_term_string\"}}],\"inLanguage\":\"en-US\"},{\"@type\":\"Organization\",\"@id\":\"https:\\\/\\\/feralframe.com\\\/en\\\/#organization\",\"name\":\"FERAL FRAME\",\"url\":\"https:\\\/\\\/feralframe.com\\\/en\\\/\",\"logo\":{\"@type\":\"ImageObject\",\"inLanguage\":\"en-US\",\"@id\":\"https:\\\/\\\/feralframe.com\\\/en\\\/#\\\/schema\\\/logo\\\/image\\\/\",\"url\":\"https:\\\/\\\/feralframe.com\\\/wp-content\\\/uploads\\\/2022\\\/01\\\/logo-2-retina.png\",\"contentUrl\":\"https:\\\/\\\/feralframe.com\\\/wp-content\\\/uploads\\\/2022\\\/01\\\/logo-2-retina.png\",\"width\":200,\"height\":120,\"caption\":\"FERAL FRAME\"},\"image\":{\"@id\":\"https:\\\/\\\/feralframe.com\\\/en\\\/#\\\/schema\\\/logo\\\/image\\\/\"},\"sameAs\":[\"https:\\\/\\\/www.facebook.com\\\/feralframe\",\"https:\\\/\\\/www.instagram.com\\\/feralframe\"],\"email\":\"hola@feralframe.com\",\"telephone\":\"2228069678\"}]}<\/script>\n<!-- \/ Yoast SEO Premium plugin. -->","yoast_head_json":{"title":"Guatemala - 6 -11 Diciembre 2023  - Feral Frame","description":"Viaje fotogr\u00e1fico a Guatemala. Conoce los incre\u00edbles volcanes de Guatemala junto a nuestros fot\u00f3grafos profesionales, vive una gran experiencia fotogr\u00e1fica.","robots":{"index":"index","follow":"follow","max-snippet":"max-snippet:-1","max-image-preview":"max-image-preview:large","max-video-preview":"max-video-preview:-1"},"canonical":"https:\/\/feralframe.com\/en\/product\/guatemala-2023\/","og_locale":"en_US","og_type":"article","og_title":"Guatemala - 6 -11 Diciembre 2023","og_description":"Viaje fotogr\u00e1fico a Guatemala. Conoce los incre\u00edbles volcanes de Guatemala junto a nuestros fot\u00f3grafos profesionales, vive una gran experiencia fotogr\u00e1fica.","og_url":"https:\/\/feralframe.com\/en\/product\/guatemala-2023\/","og_site_name":"Feral Frame","article_publisher":"https:\/\/www.facebook.com\/feralframe","article_modified_time":"2023-10-31T16:17:30+00:00","og_image":[{"width":2000,"height":1333,"url":"https:\/\/feralframe.com\/wp-content\/uploads\/2023\/06\/ERB1815-Mejorado-NR-2.jpg","type":"image\/jpeg"}],"twitter_card":"summary_large_image","twitter_misc":{"Est. reading time":"1 minute"},"schema":{"@context":"https:\/\/schema.org","@graph":[{"@type":"WebPage","@id":"https:\/\/feralframe.com\/en\/product\/guatemala-2023\/","url":"https:\/\/feralframe.com\/en\/product\/guatemala-2023\/","name":"Guatemala - 6 -11 Diciembre 2023 - Feral Frame","isPartOf":{"@id":"https:\/\/feralframe.com\/en\/#website"},"primaryImageOfPage":{"@id":"https:\/\/feralframe.com\/en\/product\/guatemala-2023\/#primaryimage"},"image":{"@id":"https:\/\/feralframe.com\/en\/product\/guatemala-2023\/#primaryimage"},"thumbnailUrl":"https:\/\/feralframe.com\/wp-content\/uploads\/2023\/06\/ERB1815-Mejorado-NR-2.jpg","datePublished":"2023-06-02T22:05:12+00:00","dateModified":"2023-10-31T16:17:30+00:00","description":"Viaje fotogr\u00e1fico a Guatemala. Conoce los incre\u00edbles volcanes de Guatemala junto a nuestros fot\u00f3grafos profesionales, vive una gran experiencia fotogr\u00e1fica.","breadcrumb":{"@id":"https:\/\/feralframe.com\/en\/product\/guatemala-2023\/#breadcrumb"},"inLanguage":"en-US","potentialAction":[{"@type":"ReadAction","target":["https:\/\/feralframe.com\/en\/product\/guatemala-2023\/"]}]},{"@type":"ImageObject","inLanguage":"en-US","@id":"https:\/\/feralframe.com\/en\/product\/guatemala-2023\/#primaryimage","url":"https:\/\/feralframe.com\/wp-content\/uploads\/2023\/06\/ERB1815-Mejorado-NR-2.jpg","contentUrl":"https:\/\/feralframe.com\/wp-content\/uploads\/2023\/06\/ERB1815-Mejorado-NR-2.jpg","width":2000,"height":1333},{"@type":"BreadcrumbList","@id":"https:\/\/feralframe.com\/en\/product\/guatemala-2023\/#breadcrumb","itemListElement":[{"@type":"ListItem","position":1,"name":"Portada","item":"https:\/\/feralframe.com\/en\/"},{"@type":"ListItem","position":2,"name":"Shop","item":"https:\/\/feralframe.com\/en\/shop\/"},{"@type":"ListItem","position":3,"name":"Guatemala &#8211; 6 -11 Diciembre 2023"}]},{"@type":"WebSite","@id":"https:\/\/feralframe.com\/en\/#website","url":"https:\/\/feralframe.com\/en\/","name":"Feral Frame, Viajes Fotogr\u00e1ficos","description":"Viajes Fotogr\u00e1ficos","publisher":{"@id":"https:\/\/feralframe.com\/en\/#organization"},"alternateName":"Feral Frame - Viajes Fotogr\u00e1ficos","potentialAction":[{"@type":"SearchAction","target":{"@type":"EntryPoint","urlTemplate":"https:\/\/feralframe.com\/en\/?s={search_term_string}"},"query-input":{"@type":"PropertyValueSpecification","valueRequired":true,"valueName":"search_term_string"}}],"inLanguage":"en-US"},{"@type":"Organization","@id":"https:\/\/feralframe.com\/en\/#organization","name":"FERAL FRAME","url":"https:\/\/feralframe.com\/en\/","logo":{"@type":"ImageObject","inLanguage":"en-US","@id":"https:\/\/feralframe.com\/en\/#\/schema\/logo\/image\/","url":"https:\/\/feralframe.com\/wp-content\/uploads\/2022\/01\/logo-2-retina.png","contentUrl":"https:\/\/feralframe.com\/wp-content\/uploads\/2022\/01\/logo-2-retina.png","width":200,"height":120,"caption":"FERAL FRAME"},"image":{"@id":"https:\/\/feralframe.com\/en\/#\/schema\/logo\/image\/"},"sameAs":["https:\/\/www.facebook.com\/feralframe","https:\/\/www.instagram.com\/feralframe"],"email":"hola@feralframe.com","telephone":"2228069678"}]}},"_links":{"self":[{"href":"https:\/\/feralframe.com\/en\/wp-json\/wp\/v2\/product\/7984","targetHints":{"allow":["GET"]}}],"collection":[{"href":"https:\/\/feralframe.com\/en\/wp-json\/wp\/v2\/product"}],"about":[{"href":"https:\/\/feralframe.com\/en\/wp-json\/wp\/v2\/types\/product"}],"wp:featuredmedia":[{"embeddable":true,"href":"https:\/\/feralframe.com\/en\/wp-json\/wp\/v2\/media\/8987"}],"wp:attachment":[{"href":"https:\/\/feralframe.com\/en\/wp-json\/wp\/v2\/media?parent=7984"}],"wp:term":[{"taxonomy":"product_brand","embeddable":true,"href":"https:\/\/feralframe.com\/en\/wp-json\/wp\/v2\/product_brand?post=7984"},{"taxonomy":"product_cat","embeddable":true,"href":"https:\/\/feralframe.com\/en\/wp-json\/wp\/v2\/product_cat?post=7984"},{"taxonomy":"product_tag","embeddable":true,"href":"https:\/\/feralframe.com\/en\/wp-json\/wp\/v2\/product_tag?post=7984"}],"curies":[{"name":"wp","href":"https:\/\/api.w.org\/{rel}","templated":true}]}}