{"id":7894,"date":"2023-05-09T18:13:39","date_gmt":"2023-05-10T00:13:39","guid":{"rendered":"https:\/\/feralframe.com\/?post_type=product&#038;p=7894"},"modified":"2024-05-29T16:39:09","modified_gmt":"2024-05-29T22:39:09","slug":"sajama-extension","status":"publish","type":"product","link":"https:\/\/feralframe.com\/en\/product\/sajama-extension\/","title":{"rendered":"Sajama &#8211; Abril 2025 (extensi\u00f3n)"},"content":{"rendered":"<div class=\"c-viajes\">\n<p>Esta extensi\u00f3n es del 1<strong> al 4 de abril, <\/strong>que empezar\u00e1 desde <strong>Uyuni<\/strong>, en donde estaremos una noche hospedados y realizaremos diversas actividades. Para emprender al siguiente d\u00eda, camino al <strong>Parque Nacional Sajama<\/strong>.<\/p>\n<p>&nbsp;<\/p>\n<p><strong><span class=\"dias-viaje\">Incluye<\/span><\/strong><\/p>\n<ul class=\"listas\">\n<li>Transportaci\u00f3n terrestre desde Uyuni &#8211; Sajama &#8211; La Paz<\/li>\n<li>Se incluyen desayunos, comidas y cenas del d\u00eda 2 y d\u00eda 3, del d\u00eda 4 se incluye el desayuno.<\/li>\n<li>Accesos al Parque Sajama<\/li>\n<li>1 Noche en el hotel de Uyuni<\/li>\n<li>2 Noches en cuarto privado en el parque Nacional Sajama<\/li>\n<li>Veh\u00edculo 4&#215;4<\/li>\n<li>Gu\u00edas fotogr\u00e1ficos especializados<\/li>\n<li>Instrucci\u00f3n y asistencia personalizada<\/li>\n<\/ul>\n<p>Las habitaciones ser\u00e1n dobles, en caso de requerir individual indicarnos para ver costos.<\/p>\n<p>&nbsp;<\/p>\n<\/div>\n","protected":false},"excerpt":{"rendered":"<p>Esta extensi\u00f3n es del 1<strong> al 4 de abril, <\/strong>que empezar\u00e1 desde <strong>Uyuni<\/strong>, en donde estaremos una noche hospedados y realizaremos diversas actividades. Para emprender al siguiente d\u00eda, camino al <strong>Parque Nacional Sajama<\/strong>.<\/p>\n<p>&nbsp;<\/p>\n<p>&nbsp;<\/p>\n","protected":false},"featured_media":6607,"template":"","meta":[],"product_brand":[],"product_cat":[258],"product_tag":[],"class_list":{"0":"post-7894","1":"product","2":"type-product","3":"status-publish","4":"has-post-thumbnail","6":"product_cat-sin-categorizar","8":"first","9":"instock","10":"taxable","11":"shipping-taxable","12":"purchasable","13":"product-type-simple"},"yoast_head":"<!-- This site is optimized with the Yoast SEO Premium plugin v23.3 (Yoast SEO v27.4) - https:\/\/yoast.com\/product\/yoast-seo-premium-wordpress\/ -->\n<title>Sajama - Abril 2025 (extensi\u00f3n) - Feral Frame<\/title>\n<meta name=\"description\" content=\"Viaje fotogr\u00e1fico Bolivia marzo 2023. Acomp\u00e1\u00f1anos durante 9 d\u00edas y 8 noches en este incre\u00edble viaje en donde veremos incre\u00edbles parajes de este pa\u00eds.\" \/>\n<meta name=\"robots\" content=\"index, follow, max-snippet:-1, max-image-preview:large, max-video-preview:-1\" \/>\n<link rel=\"canonical\" href=\"https:\/\/feralframe.com\/en\/product\/sajama-extension\/\" \/>\n<meta property=\"og:locale\" content=\"en_US\" \/>\n<meta property=\"og:type\" content=\"article\" \/>\n<meta property=\"og:title\" content=\"Sajama - Abril 2025 (extensi\u00f3n)\" \/>\n<meta property=\"og:description\" content=\"Viaje fotogr\u00e1fico Bolivia marzo 2023. Acomp\u00e1\u00f1anos durante 9 d\u00edas y 8 noches en este incre\u00edble viaje en donde veremos incre\u00edbles parajes de este pa\u00eds.\" \/>\n<meta property=\"og:url\" content=\"https:\/\/feralframe.com\/en\/product\/sajama-extension\/\" \/>\n<meta property=\"og:site_name\" content=\"Feral Frame\" \/>\n<meta property=\"article:publisher\" content=\"https:\/\/www.facebook.com\/feralframe\" \/>\n<meta property=\"article:modified_time\" content=\"2024-05-29T22:39:09+00:00\" \/>\n<meta property=\"og:image\" content=\"https:\/\/feralframe.com\/wp-content\/uploads\/2023\/01\/DSC0378-NEF_DxO_DeepPRIME-Edit-2.jpg\" \/>\n\t<meta property=\"og:image:width\" content=\"2200\" \/>\n\t<meta property=\"og:image:height\" content=\"1467\" \/>\n\t<meta property=\"og:image:type\" content=\"image\/jpeg\" \/>\n<meta name=\"twitter:card\" content=\"summary_large_image\" \/>\n<meta name=\"twitter:label1\" content=\"Est. reading time\" \/>\n\t<meta name=\"twitter:data1\" content=\"1 minute\" \/>\n<script type=\"application\/ld+json\" class=\"yoast-schema-graph\">{\"@context\":\"https:\\\/\\\/schema.org\",\"@graph\":[{\"@type\":\"WebPage\",\"@id\":\"https:\\\/\\\/feralframe.com\\\/en\\\/product\\\/sajama-extension\\\/\",\"url\":\"https:\\\/\\\/feralframe.com\\\/en\\\/product\\\/sajama-extension\\\/\",\"name\":\"Sajama - Abril 2025 (extensi\u00f3n) - Feral Frame\",\"isPartOf\":{\"@id\":\"https:\\\/\\\/feralframe.com\\\/en\\\/#website\"},\"primaryImageOfPage\":{\"@id\":\"https:\\\/\\\/feralframe.com\\\/en\\\/product\\\/sajama-extension\\\/#primaryimage\"},\"image\":{\"@id\":\"https:\\\/\\\/feralframe.com\\\/en\\\/product\\\/sajama-extension\\\/#primaryimage\"},\"thumbnailUrl\":\"https:\\\/\\\/feralframe.com\\\/wp-content\\\/uploads\\\/2023\\\/01\\\/DSC0378-NEF_DxO_DeepPRIME-Edit-2.jpg\",\"datePublished\":\"2023-05-10T00:13:39+00:00\",\"dateModified\":\"2024-05-29T22:39:09+00:00\",\"description\":\"Viaje fotogr\u00e1fico Bolivia marzo 2023. Acomp\u00e1\u00f1anos durante 9 d\u00edas y 8 noches en este incre\u00edble viaje en donde veremos incre\u00edbles parajes de este pa\u00eds.\",\"breadcrumb\":{\"@id\":\"https:\\\/\\\/feralframe.com\\\/en\\\/product\\\/sajama-extension\\\/#breadcrumb\"},\"inLanguage\":\"en-US\",\"potentialAction\":[{\"@type\":\"ReadAction\",\"target\":[\"https:\\\/\\\/feralframe.com\\\/en\\\/product\\\/sajama-extension\\\/\"]}]},{\"@type\":\"ImageObject\",\"inLanguage\":\"en-US\",\"@id\":\"https:\\\/\\\/feralframe.com\\\/en\\\/product\\\/sajama-extension\\\/#primaryimage\",\"url\":\"https:\\\/\\\/feralframe.com\\\/wp-content\\\/uploads\\\/2023\\\/01\\\/DSC0378-NEF_DxO_DeepPRIME-Edit-2.jpg\",\"contentUrl\":\"https:\\\/\\\/feralframe.com\\\/wp-content\\\/uploads\\\/2023\\\/01\\\/DSC0378-NEF_DxO_DeepPRIME-Edit-2.jpg\",\"width\":2200,\"height\":1467},{\"@type\":\"BreadcrumbList\",\"@id\":\"https:\\\/\\\/feralframe.com\\\/en\\\/product\\\/sajama-extension\\\/#breadcrumb\",\"itemListElement\":[{\"@type\":\"ListItem\",\"position\":1,\"name\":\"Portada\",\"item\":\"https:\\\/\\\/feralframe.com\\\/en\\\/\"},{\"@type\":\"ListItem\",\"position\":2,\"name\":\"Shop\",\"item\":\"https:\\\/\\\/feralframe.com\\\/en\\\/shop\\\/\"},{\"@type\":\"ListItem\",\"position\":3,\"name\":\"Sajama &#8211; Abril 2025 (extensi\u00f3n)\"}]},{\"@type\":\"WebSite\",\"@id\":\"https:\\\/\\\/feralframe.com\\\/en\\\/#website\",\"url\":\"https:\\\/\\\/feralframe.com\\\/en\\\/\",\"name\":\"Feral Frame, Viajes Fotogr\u00e1ficos\",\"description\":\"Viajes Fotogr\u00e1ficos\",\"publisher\":{\"@id\":\"https:\\\/\\\/feralframe.com\\\/en\\\/#organization\"},\"alternateName\":\"Feral Frame - Viajes Fotogr\u00e1ficos\",\"potentialAction\":[{\"@type\":\"SearchAction\",\"target\":{\"@type\":\"EntryPoint\",\"urlTemplate\":\"https:\\\/\\\/feralframe.com\\\/en\\\/?s={search_term_string}\"},\"query-input\":{\"@type\":\"PropertyValueSpecification\",\"valueRequired\":true,\"valueName\":\"search_term_string\"}}],\"inLanguage\":\"en-US\"},{\"@type\":\"Organization\",\"@id\":\"https:\\\/\\\/feralframe.com\\\/en\\\/#organization\",\"name\":\"FERAL FRAME\",\"url\":\"https:\\\/\\\/feralframe.com\\\/en\\\/\",\"logo\":{\"@type\":\"ImageObject\",\"inLanguage\":\"en-US\",\"@id\":\"https:\\\/\\\/feralframe.com\\\/en\\\/#\\\/schema\\\/logo\\\/image\\\/\",\"url\":\"https:\\\/\\\/feralframe.com\\\/wp-content\\\/uploads\\\/2022\\\/01\\\/logo-2-retina.png\",\"contentUrl\":\"https:\\\/\\\/feralframe.com\\\/wp-content\\\/uploads\\\/2022\\\/01\\\/logo-2-retina.png\",\"width\":200,\"height\":120,\"caption\":\"FERAL FRAME\"},\"image\":{\"@id\":\"https:\\\/\\\/feralframe.com\\\/en\\\/#\\\/schema\\\/logo\\\/image\\\/\"},\"sameAs\":[\"https:\\\/\\\/www.facebook.com\\\/feralframe\",\"https:\\\/\\\/www.instagram.com\\\/feralframe\"],\"email\":\"hola@feralframe.com\",\"telephone\":\"2228069678\"}]}<\/script>\n<!-- \/ Yoast SEO Premium plugin. -->","yoast_head_json":{"title":"Sajama - Abril 2025 (extensi\u00f3n) - Feral Frame","description":"Viaje fotogr\u00e1fico Bolivia marzo 2023. Acomp\u00e1\u00f1anos durante 9 d\u00edas y 8 noches en este incre\u00edble viaje en donde veremos incre\u00edbles parajes de este pa\u00eds.","robots":{"index":"index","follow":"follow","max-snippet":"max-snippet:-1","max-image-preview":"max-image-preview:large","max-video-preview":"max-video-preview:-1"},"canonical":"https:\/\/feralframe.com\/en\/product\/sajama-extension\/","og_locale":"en_US","og_type":"article","og_title":"Sajama - Abril 2025 (extensi\u00f3n)","og_description":"Viaje fotogr\u00e1fico Bolivia marzo 2023. Acomp\u00e1\u00f1anos durante 9 d\u00edas y 8 noches en este incre\u00edble viaje en donde veremos incre\u00edbles parajes de este pa\u00eds.","og_url":"https:\/\/feralframe.com\/en\/product\/sajama-extension\/","og_site_name":"Feral Frame","article_publisher":"https:\/\/www.facebook.com\/feralframe","article_modified_time":"2024-05-29T22:39:09+00:00","og_image":[{"width":2200,"height":1467,"url":"https:\/\/feralframe.com\/wp-content\/uploads\/2023\/01\/DSC0378-NEF_DxO_DeepPRIME-Edit-2.jpg","type":"image\/jpeg"}],"twitter_card":"summary_large_image","twitter_misc":{"Est. reading time":"1 minute"},"schema":{"@context":"https:\/\/schema.org","@graph":[{"@type":"WebPage","@id":"https:\/\/feralframe.com\/en\/product\/sajama-extension\/","url":"https:\/\/feralframe.com\/en\/product\/sajama-extension\/","name":"Sajama - Abril 2025 (extensi\u00f3n) - Feral Frame","isPartOf":{"@id":"https:\/\/feralframe.com\/en\/#website"},"primaryImageOfPage":{"@id":"https:\/\/feralframe.com\/en\/product\/sajama-extension\/#primaryimage"},"image":{"@id":"https:\/\/feralframe.com\/en\/product\/sajama-extension\/#primaryimage"},"thumbnailUrl":"https:\/\/feralframe.com\/wp-content\/uploads\/2023\/01\/DSC0378-NEF_DxO_DeepPRIME-Edit-2.jpg","datePublished":"2023-05-10T00:13:39+00:00","dateModified":"2024-05-29T22:39:09+00:00","description":"Viaje fotogr\u00e1fico Bolivia marzo 2023. Acomp\u00e1\u00f1anos durante 9 d\u00edas y 8 noches en este incre\u00edble viaje en donde veremos incre\u00edbles parajes de este pa\u00eds.","breadcrumb":{"@id":"https:\/\/feralframe.com\/en\/product\/sajama-extension\/#breadcrumb"},"inLanguage":"en-US","potentialAction":[{"@type":"ReadAction","target":["https:\/\/feralframe.com\/en\/product\/sajama-extension\/"]}]},{"@type":"ImageObject","inLanguage":"en-US","@id":"https:\/\/feralframe.com\/en\/product\/sajama-extension\/#primaryimage","url":"https:\/\/feralframe.com\/wp-content\/uploads\/2023\/01\/DSC0378-NEF_DxO_DeepPRIME-Edit-2.jpg","contentUrl":"https:\/\/feralframe.com\/wp-content\/uploads\/2023\/01\/DSC0378-NEF_DxO_DeepPRIME-Edit-2.jpg","width":2200,"height":1467},{"@type":"BreadcrumbList","@id":"https:\/\/feralframe.com\/en\/product\/sajama-extension\/#breadcrumb","itemListElement":[{"@type":"ListItem","position":1,"name":"Portada","item":"https:\/\/feralframe.com\/en\/"},{"@type":"ListItem","position":2,"name":"Shop","item":"https:\/\/feralframe.com\/en\/shop\/"},{"@type":"ListItem","position":3,"name":"Sajama &#8211; Abril 2025 (extensi\u00f3n)"}]},{"@type":"WebSite","@id":"https:\/\/feralframe.com\/en\/#website","url":"https:\/\/feralframe.com\/en\/","name":"Feral Frame, Viajes Fotogr\u00e1ficos","description":"Viajes Fotogr\u00e1ficos","publisher":{"@id":"https:\/\/feralframe.com\/en\/#organization"},"alternateName":"Feral Frame - Viajes Fotogr\u00e1ficos","potentialAction":[{"@type":"SearchAction","target":{"@type":"EntryPoint","urlTemplate":"https:\/\/feralframe.com\/en\/?s={search_term_string}"},"query-input":{"@type":"PropertyValueSpecification","valueRequired":true,"valueName":"search_term_string"}}],"inLanguage":"en-US"},{"@type":"Organization","@id":"https:\/\/feralframe.com\/en\/#organization","name":"FERAL FRAME","url":"https:\/\/feralframe.com\/en\/","logo":{"@type":"ImageObject","inLanguage":"en-US","@id":"https:\/\/feralframe.com\/en\/#\/schema\/logo\/image\/","url":"https:\/\/feralframe.com\/wp-content\/uploads\/2022\/01\/logo-2-retina.png","contentUrl":"https:\/\/feralframe.com\/wp-content\/uploads\/2022\/01\/logo-2-retina.png","width":200,"height":120,"caption":"FERAL FRAME"},"image":{"@id":"https:\/\/feralframe.com\/en\/#\/schema\/logo\/image\/"},"sameAs":["https:\/\/www.facebook.com\/feralframe","https:\/\/www.instagram.com\/feralframe"],"email":"hola@feralframe.com","telephone":"2228069678"}]}},"_links":{"self":[{"href":"https:\/\/feralframe.com\/en\/wp-json\/wp\/v2\/product\/7894","targetHints":{"allow":["GET"]}}],"collection":[{"href":"https:\/\/feralframe.com\/en\/wp-json\/wp\/v2\/product"}],"about":[{"href":"https:\/\/feralframe.com\/en\/wp-json\/wp\/v2\/types\/product"}],"wp:featuredmedia":[{"embeddable":true,"href":"https:\/\/feralframe.com\/en\/wp-json\/wp\/v2\/media\/6607"}],"wp:attachment":[{"href":"https:\/\/feralframe.com\/en\/wp-json\/wp\/v2\/media?parent=7894"}],"wp:term":[{"taxonomy":"product_brand","embeddable":true,"href":"https:\/\/feralframe.com\/en\/wp-json\/wp\/v2\/product_brand?post=7894"},{"taxonomy":"product_cat","embeddable":true,"href":"https:\/\/feralframe.com\/en\/wp-json\/wp\/v2\/product_cat?post=7894"},{"taxonomy":"product_tag","embeddable":true,"href":"https:\/\/feralframe.com\/en\/wp-json\/wp\/v2\/product_tag?post=7894"}],"curies":[{"name":"wp","href":"https:\/\/api.w.org\/{rel}","templated":true}]}}