{"id":7655,"date":"2023-04-19T21:33:32","date_gmt":"2023-04-20T03:33:32","guid":{"rendered":"https:\/\/feralframe.com\/?post_type=product&#038;p=7655"},"modified":"2024-10-01T19:12:04","modified_gmt":"2024-10-02T01:12:04","slug":"bolivia","status":"publish","type":"product","link":"https:\/\/feralframe.com\/en\/product\/bolivia\/","title":{"rendered":"Bolivia &#8211; Marzo 205"},"content":{"rendered":"<p>Viaja con nosotros por 8 d\u00edas y 7 noches a Bolivia. Visitaremos el de <strong>Salar de Uyuni, que ser\u00e1n 3 noches, <\/strong>se tiene la opci\u00f3n de habitaci\u00f3n doble compartida con <strong>vista al Salar de Uyuni<\/strong><\/p>\n<p>Incluye<\/p>\n<ul>\n<li>Transporte terrestre hacia Uyuni \u2013 La Paz \u2013 Uyuni<\/li>\n<li>Se incluyen desayunos, comidas y cenas del d\u00eda 2 al d\u00eda 7.<\/li>\n<li>1 noche en La paz (d\u00eda previo al comienzo de nuestro viaje)<\/li>\n<li>3 noches incluidas en el Hotel Palacio de Sal<\/li>\n<li>3 noches en hospedajes c\u00f3modos y sencillos en la zona de Avaroa (hoteles con habitaci\u00f3n compartida o privada con agua caliente)<\/li>\n<li>Veh\u00edculo 4\u00d74 todo terreno en el Salar de Uyuni<\/li>\n<li>Veh\u00edculo 4\u00d74 dentro de la Reserva Nacional Avaroa<\/li>\n<li>Accesos de entrada<\/li>\n<li>Gu\u00edas fotogr\u00e1ficos especializados<\/li>\n<li>Instrucci\u00f3n y asistencia personalizada<\/li>\n<li>Sesi\u00f3n de revelado online en grupo, despu\u00e9s del viaje<\/li>\n<li>Impresi\u00f3n con\u00a0<a href=\"https:\/\/galeria.specto.mx\/\">Specto Galer\u00eda<\/a>\u00a0en papel fine art de 30x45cm. (no incluye env\u00edo)<\/li>\n<\/ul>\n<p>En los dem\u00e1s lados las habitaciones compartidas ser\u00e1n similares para todos<\/p>\n<p>Si requiere habitaci\u00f3n privada para toda la estancia el costo es de 950 USD, por favor contactarnos a hola@feralframe.com para ver disponibilidad.<\/p>\n","protected":false},"excerpt":{"rendered":"<p>Viaja con nosotros por 8 d\u00edas y 7 noches a Bolivia. Visitaremos el de <strong>Salar de Uyuni, que ser\u00e1n 3 noches, <\/strong>se tiene la opci\u00f3n de habitaci\u00f3n doble compartida con <strong>vista al Salar de Uyuni<\/strong><\/p>\n<p>Comparte con nosotros este incre\u00edble viaje y realiza fotograf\u00eda con profesionales.<\/p>\n","protected":false},"featured_media":4740,"template":"","meta":[],"product_brand":[],"product_cat":[],"product_tag":[],"class_list":{"0":"post-7655","1":"product","2":"type-product","3":"status-publish","4":"has-post-thumbnail","7":"first","8":"instock","9":"virtual","10":"taxable","11":"purchasable","12":"product-type-simple"},"yoast_head":"<!-- This site is optimized with the Yoast SEO Premium plugin v23.3 (Yoast SEO v27.4) - https:\/\/yoast.com\/product\/yoast-seo-premium-wordpress\/ -->\n<title>Bolivia - Marzo 205 - Feral Frame<\/title>\n<meta name=\"description\" content=\"Viaje fotogr\u00e1fico Bolivia marzo 2023. Acomp\u00e1\u00f1anos durante 9 d\u00edas y 8 noches en este incre\u00edble viaje en donde veremos incre\u00edbles parajes de este pa\u00eds.\" \/>\n<meta name=\"robots\" content=\"index, follow, max-snippet:-1, max-image-preview:large, max-video-preview:-1\" \/>\n<link rel=\"canonical\" href=\"https:\/\/feralframe.com\/en\/product\/bolivia\/\" \/>\n<meta property=\"og:locale\" content=\"en_US\" \/>\n<meta property=\"og:type\" content=\"article\" \/>\n<meta property=\"og:title\" content=\"Bolivia - Marzo 205\" \/>\n<meta property=\"og:description\" content=\"Viaje fotogr\u00e1fico Bolivia marzo 2023. Acomp\u00e1\u00f1anos durante 9 d\u00edas y 8 noches en este incre\u00edble viaje en donde veremos incre\u00edbles parajes de este pa\u00eds.\" \/>\n<meta property=\"og:url\" content=\"https:\/\/feralframe.com\/en\/product\/bolivia\/\" \/>\n<meta property=\"og:site_name\" content=\"Feral Frame\" \/>\n<meta property=\"article:publisher\" content=\"https:\/\/www.facebook.com\/feralframe\" \/>\n<meta property=\"article:modified_time\" content=\"2024-10-02T01:12:04+00:00\" \/>\n<meta property=\"og:image\" content=\"https:\/\/feralframe.com\/wp-content\/uploads\/2022\/08\/DSC1389.jpg\" \/>\n\t<meta property=\"og:image:width\" content=\"2300\" \/>\n\t<meta property=\"og:image:height\" content=\"1533\" \/>\n\t<meta property=\"og:image:type\" content=\"image\/jpeg\" \/>\n<meta name=\"twitter:card\" content=\"summary_large_image\" \/>\n<meta name=\"twitter:label1\" content=\"Est. reading time\" \/>\n\t<meta name=\"twitter:data1\" content=\"2 minutes\" \/>\n<script type=\"application\/ld+json\" class=\"yoast-schema-graph\">{\"@context\":\"https:\\\/\\\/schema.org\",\"@graph\":[{\"@type\":\"WebPage\",\"@id\":\"https:\\\/\\\/feralframe.com\\\/en\\\/product\\\/bolivia\\\/\",\"url\":\"https:\\\/\\\/feralframe.com\\\/en\\\/product\\\/bolivia\\\/\",\"name\":\"Bolivia - Marzo 205 - Feral Frame\",\"isPartOf\":{\"@id\":\"https:\\\/\\\/feralframe.com\\\/en\\\/#website\"},\"primaryImageOfPage\":{\"@id\":\"https:\\\/\\\/feralframe.com\\\/en\\\/product\\\/bolivia\\\/#primaryimage\"},\"image\":{\"@id\":\"https:\\\/\\\/feralframe.com\\\/en\\\/product\\\/bolivia\\\/#primaryimage\"},\"thumbnailUrl\":\"https:\\\/\\\/feralframe.com\\\/wp-content\\\/uploads\\\/2022\\\/08\\\/DSC1389.jpg\",\"datePublished\":\"2023-04-20T03:33:32+00:00\",\"dateModified\":\"2024-10-02T01:12:04+00:00\",\"description\":\"Viaje fotogr\u00e1fico Bolivia marzo 2023. Acomp\u00e1\u00f1anos durante 9 d\u00edas y 8 noches en este incre\u00edble viaje en donde veremos incre\u00edbles parajes de este pa\u00eds.\",\"breadcrumb\":{\"@id\":\"https:\\\/\\\/feralframe.com\\\/en\\\/product\\\/bolivia\\\/#breadcrumb\"},\"inLanguage\":\"en-US\",\"potentialAction\":[{\"@type\":\"ReadAction\",\"target\":[\"https:\\\/\\\/feralframe.com\\\/en\\\/product\\\/bolivia\\\/\"]}]},{\"@type\":\"ImageObject\",\"inLanguage\":\"en-US\",\"@id\":\"https:\\\/\\\/feralframe.com\\\/en\\\/product\\\/bolivia\\\/#primaryimage\",\"url\":\"https:\\\/\\\/feralframe.com\\\/wp-content\\\/uploads\\\/2022\\\/08\\\/DSC1389.jpg\",\"contentUrl\":\"https:\\\/\\\/feralframe.com\\\/wp-content\\\/uploads\\\/2022\\\/08\\\/DSC1389.jpg\",\"width\":2300,\"height\":1533},{\"@type\":\"BreadcrumbList\",\"@id\":\"https:\\\/\\\/feralframe.com\\\/en\\\/product\\\/bolivia\\\/#breadcrumb\",\"itemListElement\":[{\"@type\":\"ListItem\",\"position\":1,\"name\":\"Portada\",\"item\":\"https:\\\/\\\/feralframe.com\\\/en\\\/\"},{\"@type\":\"ListItem\",\"position\":2,\"name\":\"Shop\",\"item\":\"https:\\\/\\\/feralframe.com\\\/en\\\/shop\\\/\"},{\"@type\":\"ListItem\",\"position\":3,\"name\":\"Bolivia &#8211; Marzo 205\"}]},{\"@type\":\"WebSite\",\"@id\":\"https:\\\/\\\/feralframe.com\\\/en\\\/#website\",\"url\":\"https:\\\/\\\/feralframe.com\\\/en\\\/\",\"name\":\"Feral Frame, Viajes Fotogr\u00e1ficos\",\"description\":\"Viajes Fotogr\u00e1ficos\",\"publisher\":{\"@id\":\"https:\\\/\\\/feralframe.com\\\/en\\\/#organization\"},\"alternateName\":\"Feral Frame - Viajes Fotogr\u00e1ficos\",\"potentialAction\":[{\"@type\":\"SearchAction\",\"target\":{\"@type\":\"EntryPoint\",\"urlTemplate\":\"https:\\\/\\\/feralframe.com\\\/en\\\/?s={search_term_string}\"},\"query-input\":{\"@type\":\"PropertyValueSpecification\",\"valueRequired\":true,\"valueName\":\"search_term_string\"}}],\"inLanguage\":\"en-US\"},{\"@type\":\"Organization\",\"@id\":\"https:\\\/\\\/feralframe.com\\\/en\\\/#organization\",\"name\":\"FERAL FRAME\",\"url\":\"https:\\\/\\\/feralframe.com\\\/en\\\/\",\"logo\":{\"@type\":\"ImageObject\",\"inLanguage\":\"en-US\",\"@id\":\"https:\\\/\\\/feralframe.com\\\/en\\\/#\\\/schema\\\/logo\\\/image\\\/\",\"url\":\"https:\\\/\\\/feralframe.com\\\/wp-content\\\/uploads\\\/2022\\\/01\\\/logo-2-retina.png\",\"contentUrl\":\"https:\\\/\\\/feralframe.com\\\/wp-content\\\/uploads\\\/2022\\\/01\\\/logo-2-retina.png\",\"width\":200,\"height\":120,\"caption\":\"FERAL FRAME\"},\"image\":{\"@id\":\"https:\\\/\\\/feralframe.com\\\/en\\\/#\\\/schema\\\/logo\\\/image\\\/\"},\"sameAs\":[\"https:\\\/\\\/www.facebook.com\\\/feralframe\",\"https:\\\/\\\/www.instagram.com\\\/feralframe\"],\"email\":\"hola@feralframe.com\",\"telephone\":\"2228069678\"}]}<\/script>\n<!-- \/ Yoast SEO Premium plugin. -->","yoast_head_json":{"title":"Bolivia - Marzo 205 - Feral Frame","description":"Viaje fotogr\u00e1fico Bolivia marzo 2023. Acomp\u00e1\u00f1anos durante 9 d\u00edas y 8 noches en este incre\u00edble viaje en donde veremos incre\u00edbles parajes de este pa\u00eds.","robots":{"index":"index","follow":"follow","max-snippet":"max-snippet:-1","max-image-preview":"max-image-preview:large","max-video-preview":"max-video-preview:-1"},"canonical":"https:\/\/feralframe.com\/en\/product\/bolivia\/","og_locale":"en_US","og_type":"article","og_title":"Bolivia - Marzo 205","og_description":"Viaje fotogr\u00e1fico Bolivia marzo 2023. Acomp\u00e1\u00f1anos durante 9 d\u00edas y 8 noches en este incre\u00edble viaje en donde veremos incre\u00edbles parajes de este pa\u00eds.","og_url":"https:\/\/feralframe.com\/en\/product\/bolivia\/","og_site_name":"Feral Frame","article_publisher":"https:\/\/www.facebook.com\/feralframe","article_modified_time":"2024-10-02T01:12:04+00:00","og_image":[{"width":2300,"height":1533,"url":"https:\/\/feralframe.com\/wp-content\/uploads\/2022\/08\/DSC1389.jpg","type":"image\/jpeg"}],"twitter_card":"summary_large_image","twitter_misc":{"Est. reading time":"2 minutes"},"schema":{"@context":"https:\/\/schema.org","@graph":[{"@type":"WebPage","@id":"https:\/\/feralframe.com\/en\/product\/bolivia\/","url":"https:\/\/feralframe.com\/en\/product\/bolivia\/","name":"Bolivia - Marzo 205 - Feral Frame","isPartOf":{"@id":"https:\/\/feralframe.com\/en\/#website"},"primaryImageOfPage":{"@id":"https:\/\/feralframe.com\/en\/product\/bolivia\/#primaryimage"},"image":{"@id":"https:\/\/feralframe.com\/en\/product\/bolivia\/#primaryimage"},"thumbnailUrl":"https:\/\/feralframe.com\/wp-content\/uploads\/2022\/08\/DSC1389.jpg","datePublished":"2023-04-20T03:33:32+00:00","dateModified":"2024-10-02T01:12:04+00:00","description":"Viaje fotogr\u00e1fico Bolivia marzo 2023. Acomp\u00e1\u00f1anos durante 9 d\u00edas y 8 noches en este incre\u00edble viaje en donde veremos incre\u00edbles parajes de este pa\u00eds.","breadcrumb":{"@id":"https:\/\/feralframe.com\/en\/product\/bolivia\/#breadcrumb"},"inLanguage":"en-US","potentialAction":[{"@type":"ReadAction","target":["https:\/\/feralframe.com\/en\/product\/bolivia\/"]}]},{"@type":"ImageObject","inLanguage":"en-US","@id":"https:\/\/feralframe.com\/en\/product\/bolivia\/#primaryimage","url":"https:\/\/feralframe.com\/wp-content\/uploads\/2022\/08\/DSC1389.jpg","contentUrl":"https:\/\/feralframe.com\/wp-content\/uploads\/2022\/08\/DSC1389.jpg","width":2300,"height":1533},{"@type":"BreadcrumbList","@id":"https:\/\/feralframe.com\/en\/product\/bolivia\/#breadcrumb","itemListElement":[{"@type":"ListItem","position":1,"name":"Portada","item":"https:\/\/feralframe.com\/en\/"},{"@type":"ListItem","position":2,"name":"Shop","item":"https:\/\/feralframe.com\/en\/shop\/"},{"@type":"ListItem","position":3,"name":"Bolivia &#8211; Marzo 205"}]},{"@type":"WebSite","@id":"https:\/\/feralframe.com\/en\/#website","url":"https:\/\/feralframe.com\/en\/","name":"Feral Frame, Viajes Fotogr\u00e1ficos","description":"Viajes Fotogr\u00e1ficos","publisher":{"@id":"https:\/\/feralframe.com\/en\/#organization"},"alternateName":"Feral Frame - Viajes Fotogr\u00e1ficos","potentialAction":[{"@type":"SearchAction","target":{"@type":"EntryPoint","urlTemplate":"https:\/\/feralframe.com\/en\/?s={search_term_string}"},"query-input":{"@type":"PropertyValueSpecification","valueRequired":true,"valueName":"search_term_string"}}],"inLanguage":"en-US"},{"@type":"Organization","@id":"https:\/\/feralframe.com\/en\/#organization","name":"FERAL FRAME","url":"https:\/\/feralframe.com\/en\/","logo":{"@type":"ImageObject","inLanguage":"en-US","@id":"https:\/\/feralframe.com\/en\/#\/schema\/logo\/image\/","url":"https:\/\/feralframe.com\/wp-content\/uploads\/2022\/01\/logo-2-retina.png","contentUrl":"https:\/\/feralframe.com\/wp-content\/uploads\/2022\/01\/logo-2-retina.png","width":200,"height":120,"caption":"FERAL FRAME"},"image":{"@id":"https:\/\/feralframe.com\/en\/#\/schema\/logo\/image\/"},"sameAs":["https:\/\/www.facebook.com\/feralframe","https:\/\/www.instagram.com\/feralframe"],"email":"hola@feralframe.com","telephone":"2228069678"}]}},"_links":{"self":[{"href":"https:\/\/feralframe.com\/en\/wp-json\/wp\/v2\/product\/7655","targetHints":{"allow":["GET"]}}],"collection":[{"href":"https:\/\/feralframe.com\/en\/wp-json\/wp\/v2\/product"}],"about":[{"href":"https:\/\/feralframe.com\/en\/wp-json\/wp\/v2\/types\/product"}],"wp:featuredmedia":[{"embeddable":true,"href":"https:\/\/feralframe.com\/en\/wp-json\/wp\/v2\/media\/4740"}],"wp:attachment":[{"href":"https:\/\/feralframe.com\/en\/wp-json\/wp\/v2\/media?parent=7655"}],"wp:term":[{"taxonomy":"product_brand","embeddable":true,"href":"https:\/\/feralframe.com\/en\/wp-json\/wp\/v2\/product_brand?post=7655"},{"taxonomy":"product_cat","embeddable":true,"href":"https:\/\/feralframe.com\/en\/wp-json\/wp\/v2\/product_cat?post=7655"},{"taxonomy":"product_tag","embeddable":true,"href":"https:\/\/feralframe.com\/en\/wp-json\/wp\/v2\/product_tag?post=7655"}],"curies":[{"name":"wp","href":"https:\/\/api.w.org\/{rel}","templated":true}]}}