{"id":7061,"date":"2023-03-12T10:49:32","date_gmt":"2023-03-12T16:49:32","guid":{"rendered":"https:\/\/feralframe.com\/?post_type=product&#038;p=7061"},"modified":"2024-10-01T19:24:25","modified_gmt":"2024-10-02T01:24:25","slug":"islandia-verano-2023","status":"publish","type":"product","link":"https:\/\/feralframe.com\/en\/product\/islandia-verano-2023\/","title":{"rendered":"Islandia- Tierra de fuego y hielo"},"content":{"rendered":"<div class=\"c-viajes\">\n<p>Algunos de los paisajes m\u00e1s espectaculares que podr\u00e1s fotografiar son el ic\u00f3nico Monte Kirkjufell, la impresionante Cascada de Skogafoss con m\u00e1s de 60 metros de altura y la asombrosa playa de arena negra de Reynisfjara.<\/p>\n<p>&nbsp;<\/p>\n<p><span class=\"c-viaje\" style=\"font-size: 18pt;\">Incluye<\/span><\/p>\n<ul style=\"margin-left: 1.5rem;\">\n<li><span style=\"font-size: 14pt;\">Transportaci\u00f3n interna durante el viaje<\/span><\/li>\n<li><span style=\"font-size: 14pt;\">Hospedaje durante el viaje, 8 noches en habitaci\u00f3n doble compartida<\/span><\/li>\n<li><span style=\"font-size: 14pt;\">Gu\u00edas fotogr\u00e1ficos especializados<\/span><\/li>\n<li><span style=\"font-size: 14pt;\">Instrucci\u00f3n y asistencia personalizada<\/span><\/li>\n<li><span style=\"font-size: 14pt;\">Seguro de viaje<\/span><\/li>\n<li><span style=\"font-size: 14pt;\">Sesi\u00f3n de revelado online en grupo, despu\u00e9s del viaje<\/span><\/li>\n<\/ul>\n<p>&nbsp;<\/p>\n<p><span class=\"c-viaje\" style=\"font-size: 18pt;\">No Incluye<\/span><\/p>\n<ul style=\"margin-left: 1.5rem;\">\n<li><span style=\"font-size: 14pt;\">Vuelos hasta\/desde Islandia<\/span><\/li>\n<li><span style=\"font-size: 14pt;\">Comidas (desayunos, comidas o cenas) y bebidas no especificadas&gt;<\/span><\/li>\n<li><span style=\"font-size: 14pt;\">Propinas<\/span><\/li>\n<li><span style=\"font-size: 14pt;\">Gastos personales<\/span><\/li>\n<li><span style=\"font-size: 14pt;\">Todo lo que no est\u00e9 expresamente mencionado en el apartado \u201cIncluye\u201d<\/span><\/li>\n<\/ul>\n<\/div>\n","protected":false},"excerpt":{"rendered":"<p>Viaja con nosotros a Islandia durante 9 d\u00edas donde realizaremos fotograf\u00eda de paisajes de cascadas, playas y glaciares.<br \/>\nEste viaje ser\u00e1 del 04 al 12 de septiembre del 2023.<br \/>\nAparta tu lugar.<\/p>\n","protected":false},"featured_media":7223,"template":"","meta":[],"product_brand":[],"product_cat":[],"product_tag":[],"class_list":{"0":"post-7061","1":"product","2":"type-product","3":"status-publish","4":"has-post-thumbnail","7":"first","8":"instock","9":"taxable","10":"shipping-taxable","11":"purchasable","12":"product-type-simple"},"yoast_head":"<!-- This site is optimized with the Yoast SEO Premium plugin v23.3 (Yoast SEO v27.4) - https:\/\/yoast.com\/product\/yoast-seo-premium-wordpress\/ -->\n<title>Islandia- Tierra de fuego y hielo - Feral Frame<\/title>\n<meta name=\"description\" content=\"Viaje fotogr\u00e1fico a Islandia en \u00e9poca de verano. Acomp\u00e1\u00f1anos a esta incre\u00edble experiencia y retrata los paisajes m\u00e1s espectaculares de este pa\u00eds.\" \/>\n<meta name=\"robots\" content=\"index, follow, max-snippet:-1, max-image-preview:large, max-video-preview:-1\" \/>\n<link rel=\"canonical\" href=\"https:\/\/feralframe.com\/en\/product\/islandia-verano-2023\/\" \/>\n<meta property=\"og:locale\" content=\"en_US\" \/>\n<meta property=\"og:type\" content=\"article\" \/>\n<meta property=\"og:title\" content=\"Islandia- Tierra de fuego y hielo\" \/>\n<meta property=\"og:description\" content=\"Viaje fotogr\u00e1fico a Islandia en \u00e9poca de verano. Acomp\u00e1\u00f1anos a esta incre\u00edble experiencia y retrata los paisajes m\u00e1s espectaculares de este pa\u00eds.\" \/>\n<meta property=\"og:url\" content=\"https:\/\/feralframe.com\/en\/product\/islandia-verano-2023\/\" \/>\n<meta property=\"og:site_name\" content=\"Feral Frame\" \/>\n<meta property=\"article:publisher\" content=\"https:\/\/www.facebook.com\/feralframe\" \/>\n<meta property=\"article:modified_time\" content=\"2024-10-02T01:24:25+00:00\" \/>\n<meta property=\"og:image\" content=\"https:\/\/feralframe.com\/wp-content\/uploads\/2023\/03\/AdobeStock_289106058.jpg\" \/>\n\t<meta property=\"og:image:width\" content=\"1920\" \/>\n\t<meta property=\"og:image:height\" content=\"1074\" \/>\n\t<meta property=\"og:image:type\" content=\"image\/jpeg\" \/>\n<meta name=\"twitter:card\" content=\"summary_large_image\" \/>\n<meta name=\"twitter:label1\" content=\"Est. reading time\" \/>\n\t<meta name=\"twitter:data1\" content=\"1 minute\" \/>\n<script type=\"application\/ld+json\" class=\"yoast-schema-graph\">{\"@context\":\"https:\\\/\\\/schema.org\",\"@graph\":[{\"@type\":\"WebPage\",\"@id\":\"https:\\\/\\\/feralframe.com\\\/en\\\/product\\\/islandia-verano-2023\\\/\",\"url\":\"https:\\\/\\\/feralframe.com\\\/en\\\/product\\\/islandia-verano-2023\\\/\",\"name\":\"Islandia- Tierra de fuego y hielo - Feral Frame\",\"isPartOf\":{\"@id\":\"https:\\\/\\\/feralframe.com\\\/en\\\/#website\"},\"primaryImageOfPage\":{\"@id\":\"https:\\\/\\\/feralframe.com\\\/en\\\/product\\\/islandia-verano-2023\\\/#primaryimage\"},\"image\":{\"@id\":\"https:\\\/\\\/feralframe.com\\\/en\\\/product\\\/islandia-verano-2023\\\/#primaryimage\"},\"thumbnailUrl\":\"https:\\\/\\\/feralframe.com\\\/wp-content\\\/uploads\\\/2023\\\/03\\\/AdobeStock_289106058.jpg\",\"datePublished\":\"2023-03-12T16:49:32+00:00\",\"dateModified\":\"2024-10-02T01:24:25+00:00\",\"description\":\"Viaje fotogr\u00e1fico a Islandia en \u00e9poca de verano. Acomp\u00e1\u00f1anos a esta incre\u00edble experiencia y retrata los paisajes m\u00e1s espectaculares de este pa\u00eds.\",\"breadcrumb\":{\"@id\":\"https:\\\/\\\/feralframe.com\\\/en\\\/product\\\/islandia-verano-2023\\\/#breadcrumb\"},\"inLanguage\":\"en-US\",\"potentialAction\":[{\"@type\":\"ReadAction\",\"target\":[\"https:\\\/\\\/feralframe.com\\\/en\\\/product\\\/islandia-verano-2023\\\/\"]}]},{\"@type\":\"ImageObject\",\"inLanguage\":\"en-US\",\"@id\":\"https:\\\/\\\/feralframe.com\\\/en\\\/product\\\/islandia-verano-2023\\\/#primaryimage\",\"url\":\"https:\\\/\\\/feralframe.com\\\/wp-content\\\/uploads\\\/2023\\\/03\\\/AdobeStock_289106058.jpg\",\"contentUrl\":\"https:\\\/\\\/feralframe.com\\\/wp-content\\\/uploads\\\/2023\\\/03\\\/AdobeStock_289106058.jpg\",\"width\":1920,\"height\":1074},{\"@type\":\"BreadcrumbList\",\"@id\":\"https:\\\/\\\/feralframe.com\\\/en\\\/product\\\/islandia-verano-2023\\\/#breadcrumb\",\"itemListElement\":[{\"@type\":\"ListItem\",\"position\":1,\"name\":\"Portada\",\"item\":\"https:\\\/\\\/feralframe.com\\\/en\\\/\"},{\"@type\":\"ListItem\",\"position\":2,\"name\":\"Shop\",\"item\":\"https:\\\/\\\/feralframe.com\\\/en\\\/shop\\\/\"},{\"@type\":\"ListItem\",\"position\":3,\"name\":\"Islandia- Tierra de fuego y hielo\"}]},{\"@type\":\"WebSite\",\"@id\":\"https:\\\/\\\/feralframe.com\\\/en\\\/#website\",\"url\":\"https:\\\/\\\/feralframe.com\\\/en\\\/\",\"name\":\"Feral Frame, Viajes Fotogr\u00e1ficos\",\"description\":\"Viajes Fotogr\u00e1ficos\",\"publisher\":{\"@id\":\"https:\\\/\\\/feralframe.com\\\/en\\\/#organization\"},\"alternateName\":\"Feral Frame - Viajes Fotogr\u00e1ficos\",\"potentialAction\":[{\"@type\":\"SearchAction\",\"target\":{\"@type\":\"EntryPoint\",\"urlTemplate\":\"https:\\\/\\\/feralframe.com\\\/en\\\/?s={search_term_string}\"},\"query-input\":{\"@type\":\"PropertyValueSpecification\",\"valueRequired\":true,\"valueName\":\"search_term_string\"}}],\"inLanguage\":\"en-US\"},{\"@type\":\"Organization\",\"@id\":\"https:\\\/\\\/feralframe.com\\\/en\\\/#organization\",\"name\":\"FERAL FRAME\",\"url\":\"https:\\\/\\\/feralframe.com\\\/en\\\/\",\"logo\":{\"@type\":\"ImageObject\",\"inLanguage\":\"en-US\",\"@id\":\"https:\\\/\\\/feralframe.com\\\/en\\\/#\\\/schema\\\/logo\\\/image\\\/\",\"url\":\"https:\\\/\\\/feralframe.com\\\/wp-content\\\/uploads\\\/2022\\\/01\\\/logo-2-retina.png\",\"contentUrl\":\"https:\\\/\\\/feralframe.com\\\/wp-content\\\/uploads\\\/2022\\\/01\\\/logo-2-retina.png\",\"width\":200,\"height\":120,\"caption\":\"FERAL FRAME\"},\"image\":{\"@id\":\"https:\\\/\\\/feralframe.com\\\/en\\\/#\\\/schema\\\/logo\\\/image\\\/\"},\"sameAs\":[\"https:\\\/\\\/www.facebook.com\\\/feralframe\",\"https:\\\/\\\/www.instagram.com\\\/feralframe\"],\"email\":\"hola@feralframe.com\",\"telephone\":\"2228069678\"}]}<\/script>\n<!-- \/ Yoast SEO Premium plugin. -->","yoast_head_json":{"title":"Islandia- Tierra de fuego y hielo - Feral Frame","description":"Viaje fotogr\u00e1fico a Islandia en \u00e9poca de verano. Acomp\u00e1\u00f1anos a esta incre\u00edble experiencia y retrata los paisajes m\u00e1s espectaculares de este pa\u00eds.","robots":{"index":"index","follow":"follow","max-snippet":"max-snippet:-1","max-image-preview":"max-image-preview:large","max-video-preview":"max-video-preview:-1"},"canonical":"https:\/\/feralframe.com\/en\/product\/islandia-verano-2023\/","og_locale":"en_US","og_type":"article","og_title":"Islandia- Tierra de fuego y hielo","og_description":"Viaje fotogr\u00e1fico a Islandia en \u00e9poca de verano. Acomp\u00e1\u00f1anos a esta incre\u00edble experiencia y retrata los paisajes m\u00e1s espectaculares de este pa\u00eds.","og_url":"https:\/\/feralframe.com\/en\/product\/islandia-verano-2023\/","og_site_name":"Feral Frame","article_publisher":"https:\/\/www.facebook.com\/feralframe","article_modified_time":"2024-10-02T01:24:25+00:00","og_image":[{"width":1920,"height":1074,"url":"https:\/\/feralframe.com\/wp-content\/uploads\/2023\/03\/AdobeStock_289106058.jpg","type":"image\/jpeg"}],"twitter_card":"summary_large_image","twitter_misc":{"Est. reading time":"1 minute"},"schema":{"@context":"https:\/\/schema.org","@graph":[{"@type":"WebPage","@id":"https:\/\/feralframe.com\/en\/product\/islandia-verano-2023\/","url":"https:\/\/feralframe.com\/en\/product\/islandia-verano-2023\/","name":"Islandia- Tierra de fuego y hielo - Feral Frame","isPartOf":{"@id":"https:\/\/feralframe.com\/en\/#website"},"primaryImageOfPage":{"@id":"https:\/\/feralframe.com\/en\/product\/islandia-verano-2023\/#primaryimage"},"image":{"@id":"https:\/\/feralframe.com\/en\/product\/islandia-verano-2023\/#primaryimage"},"thumbnailUrl":"https:\/\/feralframe.com\/wp-content\/uploads\/2023\/03\/AdobeStock_289106058.jpg","datePublished":"2023-03-12T16:49:32+00:00","dateModified":"2024-10-02T01:24:25+00:00","description":"Viaje fotogr\u00e1fico a Islandia en \u00e9poca de verano. Acomp\u00e1\u00f1anos a esta incre\u00edble experiencia y retrata los paisajes m\u00e1s espectaculares de este pa\u00eds.","breadcrumb":{"@id":"https:\/\/feralframe.com\/en\/product\/islandia-verano-2023\/#breadcrumb"},"inLanguage":"en-US","potentialAction":[{"@type":"ReadAction","target":["https:\/\/feralframe.com\/en\/product\/islandia-verano-2023\/"]}]},{"@type":"ImageObject","inLanguage":"en-US","@id":"https:\/\/feralframe.com\/en\/product\/islandia-verano-2023\/#primaryimage","url":"https:\/\/feralframe.com\/wp-content\/uploads\/2023\/03\/AdobeStock_289106058.jpg","contentUrl":"https:\/\/feralframe.com\/wp-content\/uploads\/2023\/03\/AdobeStock_289106058.jpg","width":1920,"height":1074},{"@type":"BreadcrumbList","@id":"https:\/\/feralframe.com\/en\/product\/islandia-verano-2023\/#breadcrumb","itemListElement":[{"@type":"ListItem","position":1,"name":"Portada","item":"https:\/\/feralframe.com\/en\/"},{"@type":"ListItem","position":2,"name":"Shop","item":"https:\/\/feralframe.com\/en\/shop\/"},{"@type":"ListItem","position":3,"name":"Islandia- Tierra de fuego y hielo"}]},{"@type":"WebSite","@id":"https:\/\/feralframe.com\/en\/#website","url":"https:\/\/feralframe.com\/en\/","name":"Feral Frame, Viajes Fotogr\u00e1ficos","description":"Viajes Fotogr\u00e1ficos","publisher":{"@id":"https:\/\/feralframe.com\/en\/#organization"},"alternateName":"Feral Frame - Viajes Fotogr\u00e1ficos","potentialAction":[{"@type":"SearchAction","target":{"@type":"EntryPoint","urlTemplate":"https:\/\/feralframe.com\/en\/?s={search_term_string}"},"query-input":{"@type":"PropertyValueSpecification","valueRequired":true,"valueName":"search_term_string"}}],"inLanguage":"en-US"},{"@type":"Organization","@id":"https:\/\/feralframe.com\/en\/#organization","name":"FERAL FRAME","url":"https:\/\/feralframe.com\/en\/","logo":{"@type":"ImageObject","inLanguage":"en-US","@id":"https:\/\/feralframe.com\/en\/#\/schema\/logo\/image\/","url":"https:\/\/feralframe.com\/wp-content\/uploads\/2022\/01\/logo-2-retina.png","contentUrl":"https:\/\/feralframe.com\/wp-content\/uploads\/2022\/01\/logo-2-retina.png","width":200,"height":120,"caption":"FERAL FRAME"},"image":{"@id":"https:\/\/feralframe.com\/en\/#\/schema\/logo\/image\/"},"sameAs":["https:\/\/www.facebook.com\/feralframe","https:\/\/www.instagram.com\/feralframe"],"email":"hola@feralframe.com","telephone":"2228069678"}]}},"_links":{"self":[{"href":"https:\/\/feralframe.com\/en\/wp-json\/wp\/v2\/product\/7061","targetHints":{"allow":["GET"]}}],"collection":[{"href":"https:\/\/feralframe.com\/en\/wp-json\/wp\/v2\/product"}],"about":[{"href":"https:\/\/feralframe.com\/en\/wp-json\/wp\/v2\/types\/product"}],"wp:featuredmedia":[{"embeddable":true,"href":"https:\/\/feralframe.com\/en\/wp-json\/wp\/v2\/media\/7223"}],"wp:attachment":[{"href":"https:\/\/feralframe.com\/en\/wp-json\/wp\/v2\/media?parent=7061"}],"wp:term":[{"taxonomy":"product_brand","embeddable":true,"href":"https:\/\/feralframe.com\/en\/wp-json\/wp\/v2\/product_brand?post=7061"},{"taxonomy":"product_cat","embeddable":true,"href":"https:\/\/feralframe.com\/en\/wp-json\/wp\/v2\/product_cat?post=7061"},{"taxonomy":"product_tag","embeddable":true,"href":"https:\/\/feralframe.com\/en\/wp-json\/wp\/v2\/product_tag?post=7061"}],"curies":[{"name":"wp","href":"https:\/\/api.w.org\/{rel}","templated":true}]}}