{"id":4528,"date":"2022-08-18T22:06:28","date_gmt":"2022-08-19T03:06:28","guid":{"rendered":"https:\/\/feralframe.com\/?post_type=product&#038;p=4528"},"modified":"2023-01-25T00:27:17","modified_gmt":"2023-01-25T06:27:17","slug":"bolivia-mzo-2023","status":"publish","type":"product","link":"https:\/\/feralframe.com\/en\/product\/bolivia-mzo-2023\/","title":{"rendered":"Bolivia &#8211; <span style=\"font-size:16px;\"> 15 al Marzo 2023<\/span>"},"content":{"rendered":"<div class=\"c-viajes\">\n<p>Viaja con nosotros por 9 d\u00edas y 8 noches a Bolivia. Visitaremos el de <strong>Salar de Uyuni, que ser\u00e1n 3 noches,\u00a0 <\/strong>se tiene la opci\u00f3n de habitaci\u00f3n doble compartida con <strong>vista al Salar de Uyuni<\/strong><\/p>\n<p><span class=\"dias-viaje\">Incluido<\/span><\/p>\n<ul class=\"listas\">\n<li>Transportaci\u00f3n terrestre desde La Paz &#8211; Uyuni &#8211; La Paz<\/li>\n<li>Alimentos incluidos en nuestro viaje hacia la Reserva Nacional Avaroa<\/li>\n<li>3 noches inlcuidas en el Hotel Luna Salada (habitaci\u00f3n doble compartida)<\/li>\n<li>3 noche en un hospedaje b\u00e1sico (habitaci\u00f3n doble compartida)<\/li>\n<li>2 noche en hotel en La Paz, Bolivia (habitaci\u00f3n doble compartida)<\/li>\n<li>Veh\u00edculo 4&#215;4 todo terreno en el Salar de Uyuni<\/li>\n<li>Veh\u00edculo 4&#215;4 dentro de la Reserva Nacional Avaroa<\/li>\n<li>Accesos de entrada<\/li>\n<li>Gu\u00edas fotogr\u00e1ficos especializados<\/li>\n<li>Instrucci\u00f3n y asistencia personalizada<\/li>\n<li>Seguro b\u00e1sico de viaje<\/li>\n<li>Sesi\u00f3n de revelado online en grupo, despu\u00e9s del viaje<\/li>\n<\/ul>\n<p>En los dem\u00e1s lados las habitaciones compartidas ser\u00e1n similares para todos<\/p>\n<p>Si requiere habitaci\u00f3n privada para toda la estancia, por favor contactarnos a hola@feralframe.com para ver disponibilidad y costos.<\/p>\n<\/div>\n","protected":false},"excerpt":{"rendered":"<p>Viaja con nosotros por 9 d\u00edas y 8 noches a Bolivia. Visitaremos el de Salar de Uyuni, que ser\u00e1n 3 noches,\u00a0 se tiene la opci\u00f3n de habitaci\u00f3n doble compartida con vista al Salar de Uyuni.<\/p>\n<p>No te pierdas la experiencia de vivir la fotograf\u00eda de paisaje con nosotros.<\/p>\n","protected":false},"featured_media":4740,"template":"","meta":[],"product_brand":[],"product_cat":[258],"product_tag":[],"class_list":{"0":"post-4528","1":"product","2":"type-product","3":"status-publish","4":"has-post-thumbnail","6":"product_cat-sin-categorizar","8":"first","9":"outofstock","10":"taxable","11":"shipping-taxable","12":"purchasable","13":"product-type-variable"},"yoast_head":"<!-- This site is optimized with the Yoast SEO Premium plugin v23.3 (Yoast SEO v27.4) - https:\/\/yoast.com\/product\/yoast-seo-premium-wordpress\/ -->\n<title>Bolivia -  15 al Marzo 2023 - Feral Frame<\/title>\n<meta name=\"description\" content=\"Viaje fotogr\u00e1fico Bolivia marzo 2023. Acomp\u00e1\u00f1anos durante 9 d\u00edas y 8 noches en este incre\u00edble viaje en donde veremos incre\u00edbles parajes de este pa\u00eds.\" \/>\n<meta name=\"robots\" content=\"index, follow, max-snippet:-1, max-image-preview:large, max-video-preview:-1\" \/>\n<link rel=\"canonical\" href=\"https:\/\/feralframe.com\/en\/product\/bolivia-mzo-2023\/\" \/>\n<meta property=\"og:locale\" content=\"en_US\" \/>\n<meta property=\"og:type\" content=\"article\" \/>\n<meta property=\"og:title\" content=\"Bolivia -  15 al Marzo 2023\" \/>\n<meta property=\"og:description\" content=\"Viaje fotogr\u00e1fico Bolivia marzo 2023. Acomp\u00e1\u00f1anos durante 9 d\u00edas y 8 noches en este incre\u00edble viaje en donde veremos incre\u00edbles parajes de este pa\u00eds.\" \/>\n<meta property=\"og:url\" content=\"https:\/\/feralframe.com\/en\/product\/bolivia-mzo-2023\/\" \/>\n<meta property=\"og:site_name\" content=\"Feral Frame\" \/>\n<meta property=\"article:publisher\" content=\"https:\/\/www.facebook.com\/feralframe\" \/>\n<meta property=\"article:modified_time\" content=\"2023-01-25T06:27:17+00:00\" \/>\n<meta property=\"og:image\" content=\"https:\/\/feralframe.com\/wp-content\/uploads\/2022\/08\/DSC1389.jpg\" \/>\n\t<meta property=\"og:image:width\" content=\"2300\" \/>\n\t<meta property=\"og:image:height\" content=\"1533\" \/>\n\t<meta property=\"og:image:type\" content=\"image\/jpeg\" \/>\n<meta name=\"twitter:card\" content=\"summary_large_image\" \/>\n<meta name=\"twitter:label1\" content=\"Est. reading time\" \/>\n\t<meta name=\"twitter:data1\" content=\"1 minute\" \/>\n<script type=\"application\/ld+json\" class=\"yoast-schema-graph\">{\"@context\":\"https:\\\/\\\/schema.org\",\"@graph\":[{\"@type\":\"WebPage\",\"@id\":\"https:\\\/\\\/feralframe.com\\\/en\\\/product\\\/bolivia-mzo-2023\\\/\",\"url\":\"https:\\\/\\\/feralframe.com\\\/en\\\/product\\\/bolivia-mzo-2023\\\/\",\"name\":\"Bolivia - 15 al Marzo 2023 - Feral Frame\",\"isPartOf\":{\"@id\":\"https:\\\/\\\/feralframe.com\\\/en\\\/#website\"},\"primaryImageOfPage\":{\"@id\":\"https:\\\/\\\/feralframe.com\\\/en\\\/product\\\/bolivia-mzo-2023\\\/#primaryimage\"},\"image\":{\"@id\":\"https:\\\/\\\/feralframe.com\\\/en\\\/product\\\/bolivia-mzo-2023\\\/#primaryimage\"},\"thumbnailUrl\":\"https:\\\/\\\/feralframe.com\\\/wp-content\\\/uploads\\\/2022\\\/08\\\/DSC1389.jpg\",\"datePublished\":\"2022-08-19T03:06:28+00:00\",\"dateModified\":\"2023-01-25T06:27:17+00:00\",\"description\":\"Viaje fotogr\u00e1fico Bolivia marzo 2023. Acomp\u00e1\u00f1anos durante 9 d\u00edas y 8 noches en este incre\u00edble viaje en donde veremos incre\u00edbles parajes de este pa\u00eds.\",\"breadcrumb\":{\"@id\":\"https:\\\/\\\/feralframe.com\\\/en\\\/product\\\/bolivia-mzo-2023\\\/#breadcrumb\"},\"inLanguage\":\"en-US\",\"potentialAction\":[{\"@type\":\"ReadAction\",\"target\":[\"https:\\\/\\\/feralframe.com\\\/en\\\/product\\\/bolivia-mzo-2023\\\/\"]}]},{\"@type\":\"ImageObject\",\"inLanguage\":\"en-US\",\"@id\":\"https:\\\/\\\/feralframe.com\\\/en\\\/product\\\/bolivia-mzo-2023\\\/#primaryimage\",\"url\":\"https:\\\/\\\/feralframe.com\\\/wp-content\\\/uploads\\\/2022\\\/08\\\/DSC1389.jpg\",\"contentUrl\":\"https:\\\/\\\/feralframe.com\\\/wp-content\\\/uploads\\\/2022\\\/08\\\/DSC1389.jpg\",\"width\":2300,\"height\":1533},{\"@type\":\"BreadcrumbList\",\"@id\":\"https:\\\/\\\/feralframe.com\\\/en\\\/product\\\/bolivia-mzo-2023\\\/#breadcrumb\",\"itemListElement\":[{\"@type\":\"ListItem\",\"position\":1,\"name\":\"Portada\",\"item\":\"https:\\\/\\\/feralframe.com\\\/en\\\/\"},{\"@type\":\"ListItem\",\"position\":2,\"name\":\"Shop\",\"item\":\"https:\\\/\\\/feralframe.com\\\/en\\\/shop\\\/\"},{\"@type\":\"ListItem\",\"position\":3,\"name\":\"Bolivia &#8211; 15 al Marzo 2023\"}]},{\"@type\":\"WebSite\",\"@id\":\"https:\\\/\\\/feralframe.com\\\/en\\\/#website\",\"url\":\"https:\\\/\\\/feralframe.com\\\/en\\\/\",\"name\":\"Feral Frame, Viajes Fotogr\u00e1ficos\",\"description\":\"Viajes Fotogr\u00e1ficos\",\"publisher\":{\"@id\":\"https:\\\/\\\/feralframe.com\\\/en\\\/#organization\"},\"alternateName\":\"Feral Frame - Viajes Fotogr\u00e1ficos\",\"potentialAction\":[{\"@type\":\"SearchAction\",\"target\":{\"@type\":\"EntryPoint\",\"urlTemplate\":\"https:\\\/\\\/feralframe.com\\\/en\\\/?s={search_term_string}\"},\"query-input\":{\"@type\":\"PropertyValueSpecification\",\"valueRequired\":true,\"valueName\":\"search_term_string\"}}],\"inLanguage\":\"en-US\"},{\"@type\":\"Organization\",\"@id\":\"https:\\\/\\\/feralframe.com\\\/en\\\/#organization\",\"name\":\"FERAL FRAME\",\"url\":\"https:\\\/\\\/feralframe.com\\\/en\\\/\",\"logo\":{\"@type\":\"ImageObject\",\"inLanguage\":\"en-US\",\"@id\":\"https:\\\/\\\/feralframe.com\\\/en\\\/#\\\/schema\\\/logo\\\/image\\\/\",\"url\":\"https:\\\/\\\/feralframe.com\\\/wp-content\\\/uploads\\\/2022\\\/01\\\/logo-2-retina.png\",\"contentUrl\":\"https:\\\/\\\/feralframe.com\\\/wp-content\\\/uploads\\\/2022\\\/01\\\/logo-2-retina.png\",\"width\":200,\"height\":120,\"caption\":\"FERAL FRAME\"},\"image\":{\"@id\":\"https:\\\/\\\/feralframe.com\\\/en\\\/#\\\/schema\\\/logo\\\/image\\\/\"},\"sameAs\":[\"https:\\\/\\\/www.facebook.com\\\/feralframe\",\"https:\\\/\\\/www.instagram.com\\\/feralframe\"],\"email\":\"hola@feralframe.com\",\"telephone\":\"2228069678\"}]}<\/script>\n<!-- \/ Yoast SEO Premium plugin. -->","yoast_head_json":{"title":"Bolivia -  15 al Marzo 2023 - Feral Frame","description":"Viaje fotogr\u00e1fico Bolivia marzo 2023. Acomp\u00e1\u00f1anos durante 9 d\u00edas y 8 noches en este incre\u00edble viaje en donde veremos incre\u00edbles parajes de este pa\u00eds.","robots":{"index":"index","follow":"follow","max-snippet":"max-snippet:-1","max-image-preview":"max-image-preview:large","max-video-preview":"max-video-preview:-1"},"canonical":"https:\/\/feralframe.com\/en\/product\/bolivia-mzo-2023\/","og_locale":"en_US","og_type":"article","og_title":"Bolivia -  15 al Marzo 2023","og_description":"Viaje fotogr\u00e1fico Bolivia marzo 2023. Acomp\u00e1\u00f1anos durante 9 d\u00edas y 8 noches en este incre\u00edble viaje en donde veremos incre\u00edbles parajes de este pa\u00eds.","og_url":"https:\/\/feralframe.com\/en\/product\/bolivia-mzo-2023\/","og_site_name":"Feral Frame","article_publisher":"https:\/\/www.facebook.com\/feralframe","article_modified_time":"2023-01-25T06:27:17+00:00","og_image":[{"width":2300,"height":1533,"url":"https:\/\/feralframe.com\/wp-content\/uploads\/2022\/08\/DSC1389.jpg","type":"image\/jpeg"}],"twitter_card":"summary_large_image","twitter_misc":{"Est. reading time":"1 minute"},"schema":{"@context":"https:\/\/schema.org","@graph":[{"@type":"WebPage","@id":"https:\/\/feralframe.com\/en\/product\/bolivia-mzo-2023\/","url":"https:\/\/feralframe.com\/en\/product\/bolivia-mzo-2023\/","name":"Bolivia - 15 al Marzo 2023 - Feral Frame","isPartOf":{"@id":"https:\/\/feralframe.com\/en\/#website"},"primaryImageOfPage":{"@id":"https:\/\/feralframe.com\/en\/product\/bolivia-mzo-2023\/#primaryimage"},"image":{"@id":"https:\/\/feralframe.com\/en\/product\/bolivia-mzo-2023\/#primaryimage"},"thumbnailUrl":"https:\/\/feralframe.com\/wp-content\/uploads\/2022\/08\/DSC1389.jpg","datePublished":"2022-08-19T03:06:28+00:00","dateModified":"2023-01-25T06:27:17+00:00","description":"Viaje fotogr\u00e1fico Bolivia marzo 2023. Acomp\u00e1\u00f1anos durante 9 d\u00edas y 8 noches en este incre\u00edble viaje en donde veremos incre\u00edbles parajes de este pa\u00eds.","breadcrumb":{"@id":"https:\/\/feralframe.com\/en\/product\/bolivia-mzo-2023\/#breadcrumb"},"inLanguage":"en-US","potentialAction":[{"@type":"ReadAction","target":["https:\/\/feralframe.com\/en\/product\/bolivia-mzo-2023\/"]}]},{"@type":"ImageObject","inLanguage":"en-US","@id":"https:\/\/feralframe.com\/en\/product\/bolivia-mzo-2023\/#primaryimage","url":"https:\/\/feralframe.com\/wp-content\/uploads\/2022\/08\/DSC1389.jpg","contentUrl":"https:\/\/feralframe.com\/wp-content\/uploads\/2022\/08\/DSC1389.jpg","width":2300,"height":1533},{"@type":"BreadcrumbList","@id":"https:\/\/feralframe.com\/en\/product\/bolivia-mzo-2023\/#breadcrumb","itemListElement":[{"@type":"ListItem","position":1,"name":"Portada","item":"https:\/\/feralframe.com\/en\/"},{"@type":"ListItem","position":2,"name":"Shop","item":"https:\/\/feralframe.com\/en\/shop\/"},{"@type":"ListItem","position":3,"name":"Bolivia &#8211; 15 al Marzo 2023"}]},{"@type":"WebSite","@id":"https:\/\/feralframe.com\/en\/#website","url":"https:\/\/feralframe.com\/en\/","name":"Feral Frame, Viajes Fotogr\u00e1ficos","description":"Viajes Fotogr\u00e1ficos","publisher":{"@id":"https:\/\/feralframe.com\/en\/#organization"},"alternateName":"Feral Frame - Viajes Fotogr\u00e1ficos","potentialAction":[{"@type":"SearchAction","target":{"@type":"EntryPoint","urlTemplate":"https:\/\/feralframe.com\/en\/?s={search_term_string}"},"query-input":{"@type":"PropertyValueSpecification","valueRequired":true,"valueName":"search_term_string"}}],"inLanguage":"en-US"},{"@type":"Organization","@id":"https:\/\/feralframe.com\/en\/#organization","name":"FERAL FRAME","url":"https:\/\/feralframe.com\/en\/","logo":{"@type":"ImageObject","inLanguage":"en-US","@id":"https:\/\/feralframe.com\/en\/#\/schema\/logo\/image\/","url":"https:\/\/feralframe.com\/wp-content\/uploads\/2022\/01\/logo-2-retina.png","contentUrl":"https:\/\/feralframe.com\/wp-content\/uploads\/2022\/01\/logo-2-retina.png","width":200,"height":120,"caption":"FERAL FRAME"},"image":{"@id":"https:\/\/feralframe.com\/en\/#\/schema\/logo\/image\/"},"sameAs":["https:\/\/www.facebook.com\/feralframe","https:\/\/www.instagram.com\/feralframe"],"email":"hola@feralframe.com","telephone":"2228069678"}]}},"_links":{"self":[{"href":"https:\/\/feralframe.com\/en\/wp-json\/wp\/v2\/product\/4528","targetHints":{"allow":["GET"]}}],"collection":[{"href":"https:\/\/feralframe.com\/en\/wp-json\/wp\/v2\/product"}],"about":[{"href":"https:\/\/feralframe.com\/en\/wp-json\/wp\/v2\/types\/product"}],"wp:featuredmedia":[{"embeddable":true,"href":"https:\/\/feralframe.com\/en\/wp-json\/wp\/v2\/media\/4740"}],"wp:attachment":[{"href":"https:\/\/feralframe.com\/en\/wp-json\/wp\/v2\/media?parent=4528"}],"wp:term":[{"taxonomy":"product_brand","embeddable":true,"href":"https:\/\/feralframe.com\/en\/wp-json\/wp\/v2\/product_brand?post=4528"},{"taxonomy":"product_cat","embeddable":true,"href":"https:\/\/feralframe.com\/en\/wp-json\/wp\/v2\/product_cat?post=4528"},{"taxonomy":"product_tag","embeddable":true,"href":"https:\/\/feralframe.com\/en\/wp-json\/wp\/v2\/product_tag?post=4528"}],"curies":[{"name":"wp","href":"https:\/\/api.w.org\/{rel}","templated":true}]}}