{"id":3642,"date":"2022-08-02T21:13:35","date_gmt":"2022-08-03T02:13:35","guid":{"rendered":"https:\/\/feralframe.com\/?post_type=product&#038;p=3642"},"modified":"2023-09-29T10:10:50","modified_gmt":"2023-09-29T16:10:50","slug":"islandia-tierra-de-hielo-y-fuego","status":"publish","type":"product","link":"https:\/\/feralframe.com\/en\/product\/islandia-tierra-de-hielo-y-fuego\/","title":{"rendered":"Islandia &#8211; Tierra de hielo y fuego (24 Febrero al 3 de Marzo 2024)"},"content":{"rendered":"<p>Acomp\u00e1\u00f1anos a este incre\u00edble viaje fotogr\u00e1fico a Islandia acompa\u00f1ado de fot\u00f3grafos profesionales que te apoyar\u00e1n para poder mejorar tus fotograf\u00edas.<\/p>\n<p><span class=\"dias-viaje\">Incluye<\/span><\/p>\n<ul>\n<li>Transportaci\u00f3n interna durante el viaje, desde\/hasta el aeropuerto, m\u00e1s todos los gastos derivados del mismo<\/li>\n<li>Hospedaje durante el viaje, 8 noches en habitaci\u00f3n doble compartida.<\/li>\n<li>Gu\u00edas fotogr\u00e1ficos especializados<\/li>\n<li>Instrucci\u00f3n y asistencia personalizada<\/li>\n<li>Sesi\u00f3n de revelado online en grupo, despu\u00e9s del viaje<\/li>\n<li>Impresi\u00f3n con\u00a0<a href=\"https:\/\/galeria.specto.mx\/\">Specto Galer\u00eda<\/a>\u00a0en papel fine art de 30x45cm. (no incluye env\u00edo)<\/li>\n<li>Clase previa de t\u00e9cnicas fotogr\u00e1fica<\/li>\n<li>Sesi\u00f3n de post proceso<\/li>\n<\/ul>\n<p><span class=\"dias-viaje\">No Incluye<\/span><\/p>\n<ul>\n<li>Vuelos internacionales o nacionales hasta\/desde Islandia (aeropuerto Keflavik)<\/li>\n<li>Comidas (desayunos, comidas o cenas) y bebidas no especificadas<\/li>\n<li>Actividad en Cuevas de Hielo<\/li>\n<li>Propinas<\/li>\n<li>Gastos personales<\/li>\n<li>Todo lo que no est\u00e9 expresamente mencionado en el apartado \u201cIncluye\u201d<\/li>\n<li>Seguro de viaje<\/li>\n<\/ul>\n","protected":false},"excerpt":{"rendered":"<div class=\"page\" title=\"Page 7\">\n<div class=\"section\">\n<div class=\"layoutArea\">\n<div class=\"column\">\n<div class=\"page\" title=\"Page 3\">\n<div class=\"section\">\n<div class=\"layoutArea\">\n<div class=\"column\">\n<p><span dir=\"ltr\" role=\"presentation\">Islandia<\/span>\u00a0es uno de los mejores destinos<span dir=\"ltr\" role=\"presentation\">\u00a0para todos<\/span><span dir=\"ltr\" role=\"presentation\">\u00a0los amantes de\u00a0<\/span>fotografi\u0301a de paisaje y de naturaleza. La isla es un aut\u00e9ntico para\u00edso que nos ofrece tantas opciones a nivel fotogr\u00e1fico, que encontraremos increi\u0301bles posibilidades de fotografiar auroras boreales e inolvidables amaneceres y atardeceres junto a playas volc\u00e1nicas con icebergs, glaciares, espectaculares monta\u00f1as o caudalosas cascadas.\u00a0S<span dir=\"ltr\" role=\"presentation\">in duda,<\/span>\u00a0es viaje fotogr\u00e1fico que te permitir\u00e1 fotografiar uno de los lugares ma\u0301s bellos del mundo, mientras aprendes, mejoras y expandes tu arte fotogr\u00e1fico.<\/p>\n<\/div>\n<\/div>\n<\/div>\n<\/div>\n<\/div>\n<\/div>\n<\/div>\n<\/div>\n","protected":false},"featured_media":4693,"template":"","meta":[],"product_brand":[],"product_cat":[258],"product_tag":[154,157,155,156,153],"class_list":{"0":"post-3642","1":"product","2":"type-product","3":"status-publish","4":"has-post-thumbnail","6":"product_cat-sin-categorizar","7":"product_tag-auroras-boreales","8":"product_tag-experiencia-fotografica","9":"product_tag-fotografia-de-paisaje","10":"product_tag-islandia","11":"product_tag-viajes-fotograficos","13":"first","14":"instock","15":"taxable","16":"shipping-taxable","17":"purchasable","18":"product-type-variable"},"yoast_head":"<!-- This site is optimized with the Yoast SEO Premium plugin v23.3 (Yoast SEO v27.4) - https:\/\/yoast.com\/product\/yoast-seo-premium-wordpress\/ -->\n<title>Islandia - Tierra de hielo y fuego (24 Febrero al 3 de Marzo 2024) - Feral Frame<\/title>\n<meta name=\"robots\" content=\"index, follow, max-snippet:-1, max-image-preview:large, max-video-preview:-1\" \/>\n<link rel=\"canonical\" href=\"https:\/\/feralframe.com\/en\/product\/islandia-tierra-de-hielo-y-fuego\/\" \/>\n<meta property=\"og:locale\" content=\"en_US\" \/>\n<meta property=\"og:type\" content=\"article\" \/>\n<meta property=\"og:title\" content=\"Islandia - Tierra de hielo y fuego (24 Febrero al 3 de Marzo 2024)\" \/>\n<meta property=\"og:description\" content=\"Islandia\u00a0es uno de los mejores destinos\u00a0para todos\u00a0los amantes de\u00a0fotografi\u0301a de paisaje y de naturaleza. La isla es un aut\u00e9ntico para\u00edso que nos ofrece tantas opciones a nivel fotogr\u00e1fico, que encontraremos increi\u0301bles posibilidades de fotografiar auroras boreales e inolvidables amaneceres y atardeceres junto a playas volc\u00e1nicas con icebergs, glaciares, espectaculares monta\u00f1as o caudalosas cascadas.\u00a0Sin duda,\u00a0es viaje fotogr\u00e1fico que te permitir\u00e1 fotografiar uno de los lugares ma\u0301s bellos del mundo, mientras aprendes, mejoras y expandes tu arte fotogr\u00e1fico.\" \/>\n<meta property=\"og:url\" content=\"https:\/\/feralframe.com\/en\/product\/islandia-tierra-de-hielo-y-fuego\/\" \/>\n<meta property=\"og:site_name\" content=\"Feral Frame\" \/>\n<meta property=\"article:publisher\" content=\"https:\/\/www.facebook.com\/feralframe\" \/>\n<meta property=\"article:modified_time\" content=\"2023-09-29T16:10:50+00:00\" \/>\n<meta property=\"og:image\" content=\"https:\/\/feralframe.com\/wp-content\/uploads\/2022\/08\/DSC5237-NEF_DxO_DeepPRIME.jpg\" \/>\n\t<meta property=\"og:image:width\" content=\"2300\" \/>\n\t<meta property=\"og:image:height\" content=\"1533\" \/>\n\t<meta property=\"og:image:type\" content=\"image\/jpeg\" \/>\n<meta name=\"twitter:card\" content=\"summary_large_image\" \/>\n<meta name=\"twitter:label1\" content=\"Est. reading time\" \/>\n\t<meta name=\"twitter:data1\" content=\"1 minute\" \/>\n<script type=\"application\/ld+json\" class=\"yoast-schema-graph\">{\"@context\":\"https:\\\/\\\/schema.org\",\"@graph\":[{\"@type\":\"WebPage\",\"@id\":\"https:\\\/\\\/feralframe.com\\\/en\\\/product\\\/islandia-tierra-de-hielo-y-fuego\\\/\",\"url\":\"https:\\\/\\\/feralframe.com\\\/en\\\/product\\\/islandia-tierra-de-hielo-y-fuego\\\/\",\"name\":\"Islandia - Tierra de hielo y fuego (24 Febrero al 3 de Marzo 2024) - Feral Frame\",\"isPartOf\":{\"@id\":\"https:\\\/\\\/feralframe.com\\\/en\\\/#website\"},\"primaryImageOfPage\":{\"@id\":\"https:\\\/\\\/feralframe.com\\\/en\\\/product\\\/islandia-tierra-de-hielo-y-fuego\\\/#primaryimage\"},\"image\":{\"@id\":\"https:\\\/\\\/feralframe.com\\\/en\\\/product\\\/islandia-tierra-de-hielo-y-fuego\\\/#primaryimage\"},\"thumbnailUrl\":\"https:\\\/\\\/feralframe.com\\\/wp-content\\\/uploads\\\/2022\\\/08\\\/DSC5237-NEF_DxO_DeepPRIME.jpg\",\"datePublished\":\"2022-08-03T02:13:35+00:00\",\"dateModified\":\"2023-09-29T16:10:50+00:00\",\"breadcrumb\":{\"@id\":\"https:\\\/\\\/feralframe.com\\\/en\\\/product\\\/islandia-tierra-de-hielo-y-fuego\\\/#breadcrumb\"},\"inLanguage\":\"en-US\",\"potentialAction\":[{\"@type\":\"ReadAction\",\"target\":[\"https:\\\/\\\/feralframe.com\\\/en\\\/product\\\/islandia-tierra-de-hielo-y-fuego\\\/\"]}]},{\"@type\":\"ImageObject\",\"inLanguage\":\"en-US\",\"@id\":\"https:\\\/\\\/feralframe.com\\\/en\\\/product\\\/islandia-tierra-de-hielo-y-fuego\\\/#primaryimage\",\"url\":\"https:\\\/\\\/feralframe.com\\\/wp-content\\\/uploads\\\/2022\\\/08\\\/DSC5237-NEF_DxO_DeepPRIME.jpg\",\"contentUrl\":\"https:\\\/\\\/feralframe.com\\\/wp-content\\\/uploads\\\/2022\\\/08\\\/DSC5237-NEF_DxO_DeepPRIME.jpg\",\"width\":2300,\"height\":1533},{\"@type\":\"BreadcrumbList\",\"@id\":\"https:\\\/\\\/feralframe.com\\\/en\\\/product\\\/islandia-tierra-de-hielo-y-fuego\\\/#breadcrumb\",\"itemListElement\":[{\"@type\":\"ListItem\",\"position\":1,\"name\":\"Portada\",\"item\":\"https:\\\/\\\/feralframe.com\\\/en\\\/\"},{\"@type\":\"ListItem\",\"position\":2,\"name\":\"Shop\",\"item\":\"https:\\\/\\\/feralframe.com\\\/en\\\/shop\\\/\"},{\"@type\":\"ListItem\",\"position\":3,\"name\":\"Islandia &#8211; Tierra de hielo y fuego (24 Febrero al 3 de Marzo 2024)\"}]},{\"@type\":\"WebSite\",\"@id\":\"https:\\\/\\\/feralframe.com\\\/en\\\/#website\",\"url\":\"https:\\\/\\\/feralframe.com\\\/en\\\/\",\"name\":\"Feral Frame, Viajes Fotogr\u00e1ficos\",\"description\":\"Viajes Fotogr\u00e1ficos\",\"publisher\":{\"@id\":\"https:\\\/\\\/feralframe.com\\\/en\\\/#organization\"},\"alternateName\":\"Feral Frame - Viajes Fotogr\u00e1ficos\",\"potentialAction\":[{\"@type\":\"SearchAction\",\"target\":{\"@type\":\"EntryPoint\",\"urlTemplate\":\"https:\\\/\\\/feralframe.com\\\/en\\\/?s={search_term_string}\"},\"query-input\":{\"@type\":\"PropertyValueSpecification\",\"valueRequired\":true,\"valueName\":\"search_term_string\"}}],\"inLanguage\":\"en-US\"},{\"@type\":\"Organization\",\"@id\":\"https:\\\/\\\/feralframe.com\\\/en\\\/#organization\",\"name\":\"FERAL FRAME\",\"url\":\"https:\\\/\\\/feralframe.com\\\/en\\\/\",\"logo\":{\"@type\":\"ImageObject\",\"inLanguage\":\"en-US\",\"@id\":\"https:\\\/\\\/feralframe.com\\\/en\\\/#\\\/schema\\\/logo\\\/image\\\/\",\"url\":\"https:\\\/\\\/feralframe.com\\\/wp-content\\\/uploads\\\/2022\\\/01\\\/logo-2-retina.png\",\"contentUrl\":\"https:\\\/\\\/feralframe.com\\\/wp-content\\\/uploads\\\/2022\\\/01\\\/logo-2-retina.png\",\"width\":200,\"height\":120,\"caption\":\"FERAL FRAME\"},\"image\":{\"@id\":\"https:\\\/\\\/feralframe.com\\\/en\\\/#\\\/schema\\\/logo\\\/image\\\/\"},\"sameAs\":[\"https:\\\/\\\/www.facebook.com\\\/feralframe\",\"https:\\\/\\\/www.instagram.com\\\/feralframe\"],\"email\":\"hola@feralframe.com\",\"telephone\":\"2228069678\"}]}<\/script>\n<!-- \/ Yoast SEO Premium plugin. -->","yoast_head_json":{"title":"Islandia - Tierra de hielo y fuego (24 Febrero al 3 de Marzo 2024) - Feral Frame","robots":{"index":"index","follow":"follow","max-snippet":"max-snippet:-1","max-image-preview":"max-image-preview:large","max-video-preview":"max-video-preview:-1"},"canonical":"https:\/\/feralframe.com\/en\/product\/islandia-tierra-de-hielo-y-fuego\/","og_locale":"en_US","og_type":"article","og_title":"Islandia - Tierra de hielo y fuego (24 Febrero al 3 de Marzo 2024)","og_description":"Islandia\u00a0es uno de los mejores destinos\u00a0para todos\u00a0los amantes de\u00a0fotografi\u0301a de paisaje y de naturaleza. La isla es un aut\u00e9ntico para\u00edso que nos ofrece tantas opciones a nivel fotogr\u00e1fico, que encontraremos increi\u0301bles posibilidades de fotografiar auroras boreales e inolvidables amaneceres y atardeceres junto a playas volc\u00e1nicas con icebergs, glaciares, espectaculares monta\u00f1as o caudalosas cascadas.\u00a0Sin duda,\u00a0es viaje fotogr\u00e1fico que te permitir\u00e1 fotografiar uno de los lugares ma\u0301s bellos del mundo, mientras aprendes, mejoras y expandes tu arte fotogr\u00e1fico.","og_url":"https:\/\/feralframe.com\/en\/product\/islandia-tierra-de-hielo-y-fuego\/","og_site_name":"Feral Frame","article_publisher":"https:\/\/www.facebook.com\/feralframe","article_modified_time":"2023-09-29T16:10:50+00:00","og_image":[{"width":2300,"height":1533,"url":"https:\/\/feralframe.com\/wp-content\/uploads\/2022\/08\/DSC5237-NEF_DxO_DeepPRIME.jpg","type":"image\/jpeg"}],"twitter_card":"summary_large_image","twitter_misc":{"Est. reading time":"1 minute"},"schema":{"@context":"https:\/\/schema.org","@graph":[{"@type":"WebPage","@id":"https:\/\/feralframe.com\/en\/product\/islandia-tierra-de-hielo-y-fuego\/","url":"https:\/\/feralframe.com\/en\/product\/islandia-tierra-de-hielo-y-fuego\/","name":"Islandia - Tierra de hielo y fuego (24 Febrero al 3 de Marzo 2024) - Feral Frame","isPartOf":{"@id":"https:\/\/feralframe.com\/en\/#website"},"primaryImageOfPage":{"@id":"https:\/\/feralframe.com\/en\/product\/islandia-tierra-de-hielo-y-fuego\/#primaryimage"},"image":{"@id":"https:\/\/feralframe.com\/en\/product\/islandia-tierra-de-hielo-y-fuego\/#primaryimage"},"thumbnailUrl":"https:\/\/feralframe.com\/wp-content\/uploads\/2022\/08\/DSC5237-NEF_DxO_DeepPRIME.jpg","datePublished":"2022-08-03T02:13:35+00:00","dateModified":"2023-09-29T16:10:50+00:00","breadcrumb":{"@id":"https:\/\/feralframe.com\/en\/product\/islandia-tierra-de-hielo-y-fuego\/#breadcrumb"},"inLanguage":"en-US","potentialAction":[{"@type":"ReadAction","target":["https:\/\/feralframe.com\/en\/product\/islandia-tierra-de-hielo-y-fuego\/"]}]},{"@type":"ImageObject","inLanguage":"en-US","@id":"https:\/\/feralframe.com\/en\/product\/islandia-tierra-de-hielo-y-fuego\/#primaryimage","url":"https:\/\/feralframe.com\/wp-content\/uploads\/2022\/08\/DSC5237-NEF_DxO_DeepPRIME.jpg","contentUrl":"https:\/\/feralframe.com\/wp-content\/uploads\/2022\/08\/DSC5237-NEF_DxO_DeepPRIME.jpg","width":2300,"height":1533},{"@type":"BreadcrumbList","@id":"https:\/\/feralframe.com\/en\/product\/islandia-tierra-de-hielo-y-fuego\/#breadcrumb","itemListElement":[{"@type":"ListItem","position":1,"name":"Portada","item":"https:\/\/feralframe.com\/en\/"},{"@type":"ListItem","position":2,"name":"Shop","item":"https:\/\/feralframe.com\/en\/shop\/"},{"@type":"ListItem","position":3,"name":"Islandia &#8211; Tierra de hielo y fuego (24 Febrero al 3 de Marzo 2024)"}]},{"@type":"WebSite","@id":"https:\/\/feralframe.com\/en\/#website","url":"https:\/\/feralframe.com\/en\/","name":"Feral Frame, Viajes Fotogr\u00e1ficos","description":"Viajes Fotogr\u00e1ficos","publisher":{"@id":"https:\/\/feralframe.com\/en\/#organization"},"alternateName":"Feral Frame - Viajes Fotogr\u00e1ficos","potentialAction":[{"@type":"SearchAction","target":{"@type":"EntryPoint","urlTemplate":"https:\/\/feralframe.com\/en\/?s={search_term_string}"},"query-input":{"@type":"PropertyValueSpecification","valueRequired":true,"valueName":"search_term_string"}}],"inLanguage":"en-US"},{"@type":"Organization","@id":"https:\/\/feralframe.com\/en\/#organization","name":"FERAL FRAME","url":"https:\/\/feralframe.com\/en\/","logo":{"@type":"ImageObject","inLanguage":"en-US","@id":"https:\/\/feralframe.com\/en\/#\/schema\/logo\/image\/","url":"https:\/\/feralframe.com\/wp-content\/uploads\/2022\/01\/logo-2-retina.png","contentUrl":"https:\/\/feralframe.com\/wp-content\/uploads\/2022\/01\/logo-2-retina.png","width":200,"height":120,"caption":"FERAL FRAME"},"image":{"@id":"https:\/\/feralframe.com\/en\/#\/schema\/logo\/image\/"},"sameAs":["https:\/\/www.facebook.com\/feralframe","https:\/\/www.instagram.com\/feralframe"],"email":"hola@feralframe.com","telephone":"2228069678"}]}},"_links":{"self":[{"href":"https:\/\/feralframe.com\/en\/wp-json\/wp\/v2\/product\/3642","targetHints":{"allow":["GET"]}}],"collection":[{"href":"https:\/\/feralframe.com\/en\/wp-json\/wp\/v2\/product"}],"about":[{"href":"https:\/\/feralframe.com\/en\/wp-json\/wp\/v2\/types\/product"}],"wp:featuredmedia":[{"embeddable":true,"href":"https:\/\/feralframe.com\/en\/wp-json\/wp\/v2\/media\/4693"}],"wp:attachment":[{"href":"https:\/\/feralframe.com\/en\/wp-json\/wp\/v2\/media?parent=3642"}],"wp:term":[{"taxonomy":"product_brand","embeddable":true,"href":"https:\/\/feralframe.com\/en\/wp-json\/wp\/v2\/product_brand?post=3642"},{"taxonomy":"product_cat","embeddable":true,"href":"https:\/\/feralframe.com\/en\/wp-json\/wp\/v2\/product_cat?post=3642"},{"taxonomy":"product_tag","embeddable":true,"href":"https:\/\/feralframe.com\/en\/wp-json\/wp\/v2\/product_tag?post=3642"}],"curies":[{"name":"wp","href":"https:\/\/api.w.org\/{rel}","templated":true}]}}