{"id":17660,"date":"2024-12-27T22:17:27","date_gmt":"2024-12-28T04:17:27","guid":{"rendered":"https:\/\/feralframe.com\/?post_type=product&#038;p=17660"},"modified":"2025-01-09T19:41:55","modified_gmt":"2025-01-10T01:41:55","slug":"xochimilco-ene2025","status":"publish","type":"product","link":"https:\/\/feralframe.com\/en\/product\/xochimilco-ene2025\/","title":{"rendered":"Xochimilco Amaneceres 2025"},"content":{"rendered":"<div class=\"c-viajes\">\n<p>Acomp\u00e1\u00f1anos a esta incre\u00edble experiencia fotogr\u00e1fica a Xochimilco en CDMX.<\/p>\n<p>Tendremos las siguientes rutas por fecha:<\/p>\n<ul>\n<li>11 de Enero Humedal y Gran Canal<\/li>\n<li>12 de Enero Humedal<\/li>\n<li>13 de Enero la Isla de la Llorona<\/li>\n<\/ul>\n<p>&nbsp;<\/p>\n<p><span class=\"c-viaje\" style=\"font-size: 18pt;\">Inclu\u00eddo<\/span><\/p>\n<ul style=\"margin-left: 1.5rem;\">\n<li><span style=\"font-size: 14pt;\">Trajinera y gu\u00eda local dentro de los canales (5-6 hrs)<\/span><\/li>\n<li><span style=\"font-size: 14pt;\">Asesor\u00eda fotogr\u00e1fica profesional en todo momento<\/span><\/li>\n<li><span style=\"font-size: 14pt;\">Pan, caf\u00e9, t\u00e9 y fruta<\/span><\/li>\n<li><span style=\"font-size: 14pt;\">Pr\u00e9stamo de equipo (sujeto a disponibilidad)<\/span><\/li>\n<li><span style=\"font-size: 14pt;\">Clase de revelado digital, v\u00eda Zoom (2 hrs)<\/span><\/li>\n<li><span style=\"font-size: 14pt;\">Una impresi\u00f3n de 20x30cm por parte de Specto Galer\u00eda<\/span><\/li>\n<li><span style=\"font-size: 14pt;\">Grupo reducido<\/span><\/li>\n<li><span style=\"font-size: 14pt;\">Retroalimentaci\u00f3n fotogr\u00e1fica posterior a la salida v\u00eda WhatsApp<\/span><\/li>\n<li><span style=\"font-size: 14pt;\">Fotograf\u00edas digitales sobre tu experiencia fotogr\u00e1fica<\/span><\/li>\n<li><span style=\"font-size: 14pt;\">Acceso a un grupo exclusivo de Facebook enfocado a fotograf\u00eda de naturaleza<\/span><\/li>\n<li><span style=\"font-size: 14pt;\">Descuentos para otras experiencias, talleres y viajes<\/span><\/li>\n<\/ul>\n<p>&nbsp;<\/p>\n<p><span class=\"c-viaje\" style=\"font-size: 18pt;\">No Inclu\u00eddo<\/span><\/p>\n<ul style=\"margin-left: 1.5rem;\">\n<li><span style=\"font-size: 14pt;\">Propinas<\/span><\/li>\n<li><span style=\"font-size: 14pt;\">Gastos personales<\/span><\/li>\n<li><span style=\"font-size: 14pt;\">Todo lo que no est\u00e9 expresamente mencionado en el apartado &#8220;Inclu\u00eddo&#8221;<\/span><\/li>\n<li><span style=\"font-size: 14pt;\">Transporte a Xochimilco<\/span><\/li>\n<li><span style=\"font-size: 14pt;\">Seguro de viaje<\/span><\/li>\n<\/ul>\n<\/div>\n","protected":false},"excerpt":{"rendered":"<p>Acomp\u00e1\u00f1anos a esta incre\u00edble experiencia fotogr\u00e1fica a Xochimilco en CDMX.<\/p>\n<p>Tenemos 2 rutas por fecha (El Humedal, El Gran Canal)\u00a0 para 10 vpersonas cada una.<\/p>\n","protected":false},"featured_media":143,"template":"","meta":[],"product_brand":[],"product_cat":[269],"product_tag":[],"class_list":{"0":"post-17660","1":"product","2":"type-product","3":"status-publish","4":"has-post-thumbnail","6":"product_cat-viajes-mex","8":"first","9":"instock","10":"taxable","11":"shipping-taxable","12":"purchasable","13":"product-type-variable","14":"has-default-attributes"},"yoast_head":"<!-- This site is optimized with the Yoast SEO Premium plugin v23.3 (Yoast SEO v27.4) - https:\/\/yoast.com\/product\/yoast-seo-premium-wordpress\/ -->\n<title>Xochimilco Amaneceres 2025 - Feral Frame<\/title>\n<meta name=\"description\" content=\"Experiencia fotogr\u00e1fica a los canales de Xochimilco para este 2022 que comienza la \u00e9poca de invierno. Acomp\u00e1\u00f1anos a este viaje fotogr\u00e1fico dentro de la CDMX\" \/>\n<meta name=\"robots\" content=\"index, follow, max-snippet:-1, max-image-preview:large, max-video-preview:-1\" \/>\n<link rel=\"canonical\" href=\"https:\/\/feralframe.com\/en\/product\/xochimilco-ene2025\/\" \/>\n<meta property=\"og:locale\" content=\"en_US\" \/>\n<meta property=\"og:type\" content=\"article\" \/>\n<meta property=\"og:title\" content=\"Xochimilco Amaneceres 2025\" \/>\n<meta property=\"og:description\" content=\"Experiencia fotogr\u00e1fica a los canales de Xochimilco para este 2022 que comienza la \u00e9poca de invierno. Acomp\u00e1\u00f1anos a este viaje fotogr\u00e1fico dentro de la CDMX\" \/>\n<meta property=\"og:url\" content=\"https:\/\/feralframe.com\/en\/product\/xochimilco-ene2025\/\" \/>\n<meta property=\"og:site_name\" content=\"Feral Frame\" \/>\n<meta property=\"article:publisher\" content=\"https:\/\/www.facebook.com\/feralframe\" \/>\n<meta property=\"article:modified_time\" content=\"2025-01-10T01:41:55+00:00\" \/>\n<meta property=\"og:image\" content=\"https:\/\/feralframe.com\/wp-content\/uploads\/2022\/01\/DSC6348-2-sharpen-sharpen-Edit.jpg\" \/>\n\t<meta property=\"og:image:width\" content=\"2000\" \/>\n\t<meta property=\"og:image:height\" content=\"1333\" \/>\n\t<meta property=\"og:image:type\" content=\"image\/jpeg\" \/>\n<meta name=\"twitter:card\" content=\"summary_large_image\" \/>\n<meta name=\"twitter:label1\" content=\"Est. reading time\" \/>\n\t<meta name=\"twitter:data1\" content=\"1 minute\" \/>\n<script type=\"application\/ld+json\" class=\"yoast-schema-graph\">{\"@context\":\"https:\\\/\\\/schema.org\",\"@graph\":[{\"@type\":\"WebPage\",\"@id\":\"https:\\\/\\\/feralframe.com\\\/en\\\/product\\\/xochimilco-ene2025\\\/\",\"url\":\"https:\\\/\\\/feralframe.com\\\/en\\\/product\\\/xochimilco-ene2025\\\/\",\"name\":\"Xochimilco Amaneceres 2025 - Feral Frame\",\"isPartOf\":{\"@id\":\"https:\\\/\\\/feralframe.com\\\/en\\\/#website\"},\"primaryImageOfPage\":{\"@id\":\"https:\\\/\\\/feralframe.com\\\/en\\\/product\\\/xochimilco-ene2025\\\/#primaryimage\"},\"image\":{\"@id\":\"https:\\\/\\\/feralframe.com\\\/en\\\/product\\\/xochimilco-ene2025\\\/#primaryimage\"},\"thumbnailUrl\":\"https:\\\/\\\/feralframe.com\\\/wp-content\\\/uploads\\\/2022\\\/01\\\/DSC6348-2-sharpen-sharpen-Edit.jpg\",\"datePublished\":\"2024-12-28T04:17:27+00:00\",\"dateModified\":\"2025-01-10T01:41:55+00:00\",\"description\":\"Experiencia fotogr\u00e1fica a los canales de Xochimilco para este 2022 que comienza la \u00e9poca de invierno. Acomp\u00e1\u00f1anos a este viaje fotogr\u00e1fico dentro de la CDMX\",\"breadcrumb\":{\"@id\":\"https:\\\/\\\/feralframe.com\\\/en\\\/product\\\/xochimilco-ene2025\\\/#breadcrumb\"},\"inLanguage\":\"en-US\",\"potentialAction\":[{\"@type\":\"ReadAction\",\"target\":[\"https:\\\/\\\/feralframe.com\\\/en\\\/product\\\/xochimilco-ene2025\\\/\"]}]},{\"@type\":\"ImageObject\",\"inLanguage\":\"en-US\",\"@id\":\"https:\\\/\\\/feralframe.com\\\/en\\\/product\\\/xochimilco-ene2025\\\/#primaryimage\",\"url\":\"https:\\\/\\\/feralframe.com\\\/wp-content\\\/uploads\\\/2022\\\/01\\\/DSC6348-2-sharpen-sharpen-Edit.jpg\",\"contentUrl\":\"https:\\\/\\\/feralframe.com\\\/wp-content\\\/uploads\\\/2022\\\/01\\\/DSC6348-2-sharpen-sharpen-Edit.jpg\",\"width\":2000,\"height\":1333},{\"@type\":\"BreadcrumbList\",\"@id\":\"https:\\\/\\\/feralframe.com\\\/en\\\/product\\\/xochimilco-ene2025\\\/#breadcrumb\",\"itemListElement\":[{\"@type\":\"ListItem\",\"position\":1,\"name\":\"Portada\",\"item\":\"https:\\\/\\\/feralframe.com\\\/en\\\/\"},{\"@type\":\"ListItem\",\"position\":2,\"name\":\"Shop\",\"item\":\"https:\\\/\\\/feralframe.com\\\/en\\\/shop\\\/\"},{\"@type\":\"ListItem\",\"position\":3,\"name\":\"Xochimilco Amaneceres 2025\"}]},{\"@type\":\"WebSite\",\"@id\":\"https:\\\/\\\/feralframe.com\\\/en\\\/#website\",\"url\":\"https:\\\/\\\/feralframe.com\\\/en\\\/\",\"name\":\"Feral Frame, Viajes Fotogr\u00e1ficos\",\"description\":\"Viajes Fotogr\u00e1ficos\",\"publisher\":{\"@id\":\"https:\\\/\\\/feralframe.com\\\/en\\\/#organization\"},\"alternateName\":\"Feral Frame - Viajes Fotogr\u00e1ficos\",\"potentialAction\":[{\"@type\":\"SearchAction\",\"target\":{\"@type\":\"EntryPoint\",\"urlTemplate\":\"https:\\\/\\\/feralframe.com\\\/en\\\/?s={search_term_string}\"},\"query-input\":{\"@type\":\"PropertyValueSpecification\",\"valueRequired\":true,\"valueName\":\"search_term_string\"}}],\"inLanguage\":\"en-US\"},{\"@type\":\"Organization\",\"@id\":\"https:\\\/\\\/feralframe.com\\\/en\\\/#organization\",\"name\":\"FERAL FRAME\",\"url\":\"https:\\\/\\\/feralframe.com\\\/en\\\/\",\"logo\":{\"@type\":\"ImageObject\",\"inLanguage\":\"en-US\",\"@id\":\"https:\\\/\\\/feralframe.com\\\/en\\\/#\\\/schema\\\/logo\\\/image\\\/\",\"url\":\"https:\\\/\\\/feralframe.com\\\/wp-content\\\/uploads\\\/2022\\\/01\\\/logo-2-retina.png\",\"contentUrl\":\"https:\\\/\\\/feralframe.com\\\/wp-content\\\/uploads\\\/2022\\\/01\\\/logo-2-retina.png\",\"width\":200,\"height\":120,\"caption\":\"FERAL FRAME\"},\"image\":{\"@id\":\"https:\\\/\\\/feralframe.com\\\/en\\\/#\\\/schema\\\/logo\\\/image\\\/\"},\"sameAs\":[\"https:\\\/\\\/www.facebook.com\\\/feralframe\",\"https:\\\/\\\/www.instagram.com\\\/feralframe\"],\"email\":\"hola@feralframe.com\",\"telephone\":\"2228069678\"}]}<\/script>\n<!-- \/ Yoast SEO Premium plugin. -->","yoast_head_json":{"title":"Xochimilco Amaneceres 2025 - Feral Frame","description":"Experiencia fotogr\u00e1fica a los canales de Xochimilco para este 2022 que comienza la \u00e9poca de invierno. Acomp\u00e1\u00f1anos a este viaje fotogr\u00e1fico dentro de la CDMX","robots":{"index":"index","follow":"follow","max-snippet":"max-snippet:-1","max-image-preview":"max-image-preview:large","max-video-preview":"max-video-preview:-1"},"canonical":"https:\/\/feralframe.com\/en\/product\/xochimilco-ene2025\/","og_locale":"en_US","og_type":"article","og_title":"Xochimilco Amaneceres 2025","og_description":"Experiencia fotogr\u00e1fica a los canales de Xochimilco para este 2022 que comienza la \u00e9poca de invierno. Acomp\u00e1\u00f1anos a este viaje fotogr\u00e1fico dentro de la CDMX","og_url":"https:\/\/feralframe.com\/en\/product\/xochimilco-ene2025\/","og_site_name":"Feral Frame","article_publisher":"https:\/\/www.facebook.com\/feralframe","article_modified_time":"2025-01-10T01:41:55+00:00","og_image":[{"width":2000,"height":1333,"url":"https:\/\/feralframe.com\/wp-content\/uploads\/2022\/01\/DSC6348-2-sharpen-sharpen-Edit.jpg","type":"image\/jpeg"}],"twitter_card":"summary_large_image","twitter_misc":{"Est. reading time":"1 minute"},"schema":{"@context":"https:\/\/schema.org","@graph":[{"@type":"WebPage","@id":"https:\/\/feralframe.com\/en\/product\/xochimilco-ene2025\/","url":"https:\/\/feralframe.com\/en\/product\/xochimilco-ene2025\/","name":"Xochimilco Amaneceres 2025 - Feral Frame","isPartOf":{"@id":"https:\/\/feralframe.com\/en\/#website"},"primaryImageOfPage":{"@id":"https:\/\/feralframe.com\/en\/product\/xochimilco-ene2025\/#primaryimage"},"image":{"@id":"https:\/\/feralframe.com\/en\/product\/xochimilco-ene2025\/#primaryimage"},"thumbnailUrl":"https:\/\/feralframe.com\/wp-content\/uploads\/2022\/01\/DSC6348-2-sharpen-sharpen-Edit.jpg","datePublished":"2024-12-28T04:17:27+00:00","dateModified":"2025-01-10T01:41:55+00:00","description":"Experiencia fotogr\u00e1fica a los canales de Xochimilco para este 2022 que comienza la \u00e9poca de invierno. Acomp\u00e1\u00f1anos a este viaje fotogr\u00e1fico dentro de la CDMX","breadcrumb":{"@id":"https:\/\/feralframe.com\/en\/product\/xochimilco-ene2025\/#breadcrumb"},"inLanguage":"en-US","potentialAction":[{"@type":"ReadAction","target":["https:\/\/feralframe.com\/en\/product\/xochimilco-ene2025\/"]}]},{"@type":"ImageObject","inLanguage":"en-US","@id":"https:\/\/feralframe.com\/en\/product\/xochimilco-ene2025\/#primaryimage","url":"https:\/\/feralframe.com\/wp-content\/uploads\/2022\/01\/DSC6348-2-sharpen-sharpen-Edit.jpg","contentUrl":"https:\/\/feralframe.com\/wp-content\/uploads\/2022\/01\/DSC6348-2-sharpen-sharpen-Edit.jpg","width":2000,"height":1333},{"@type":"BreadcrumbList","@id":"https:\/\/feralframe.com\/en\/product\/xochimilco-ene2025\/#breadcrumb","itemListElement":[{"@type":"ListItem","position":1,"name":"Portada","item":"https:\/\/feralframe.com\/en\/"},{"@type":"ListItem","position":2,"name":"Shop","item":"https:\/\/feralframe.com\/en\/shop\/"},{"@type":"ListItem","position":3,"name":"Xochimilco Amaneceres 2025"}]},{"@type":"WebSite","@id":"https:\/\/feralframe.com\/en\/#website","url":"https:\/\/feralframe.com\/en\/","name":"Feral Frame, Viajes Fotogr\u00e1ficos","description":"Viajes Fotogr\u00e1ficos","publisher":{"@id":"https:\/\/feralframe.com\/en\/#organization"},"alternateName":"Feral Frame - Viajes Fotogr\u00e1ficos","potentialAction":[{"@type":"SearchAction","target":{"@type":"EntryPoint","urlTemplate":"https:\/\/feralframe.com\/en\/?s={search_term_string}"},"query-input":{"@type":"PropertyValueSpecification","valueRequired":true,"valueName":"search_term_string"}}],"inLanguage":"en-US"},{"@type":"Organization","@id":"https:\/\/feralframe.com\/en\/#organization","name":"FERAL FRAME","url":"https:\/\/feralframe.com\/en\/","logo":{"@type":"ImageObject","inLanguage":"en-US","@id":"https:\/\/feralframe.com\/en\/#\/schema\/logo\/image\/","url":"https:\/\/feralframe.com\/wp-content\/uploads\/2022\/01\/logo-2-retina.png","contentUrl":"https:\/\/feralframe.com\/wp-content\/uploads\/2022\/01\/logo-2-retina.png","width":200,"height":120,"caption":"FERAL FRAME"},"image":{"@id":"https:\/\/feralframe.com\/en\/#\/schema\/logo\/image\/"},"sameAs":["https:\/\/www.facebook.com\/feralframe","https:\/\/www.instagram.com\/feralframe"],"email":"hola@feralframe.com","telephone":"2228069678"}]}},"_links":{"self":[{"href":"https:\/\/feralframe.com\/en\/wp-json\/wp\/v2\/product\/17660","targetHints":{"allow":["GET"]}}],"collection":[{"href":"https:\/\/feralframe.com\/en\/wp-json\/wp\/v2\/product"}],"about":[{"href":"https:\/\/feralframe.com\/en\/wp-json\/wp\/v2\/types\/product"}],"wp:featuredmedia":[{"embeddable":true,"href":"https:\/\/feralframe.com\/en\/wp-json\/wp\/v2\/media\/143"}],"wp:attachment":[{"href":"https:\/\/feralframe.com\/en\/wp-json\/wp\/v2\/media?parent=17660"}],"wp:term":[{"taxonomy":"product_brand","embeddable":true,"href":"https:\/\/feralframe.com\/en\/wp-json\/wp\/v2\/product_brand?post=17660"},{"taxonomy":"product_cat","embeddable":true,"href":"https:\/\/feralframe.com\/en\/wp-json\/wp\/v2\/product_cat?post=17660"},{"taxonomy":"product_tag","embeddable":true,"href":"https:\/\/feralframe.com\/en\/wp-json\/wp\/v2\/product_tag?post=17660"}],"curies":[{"name":"wp","href":"https:\/\/api.w.org\/{rel}","templated":true}]}}