{"id":16569,"date":"2024-09-24T21:44:04","date_gmt":"2024-09-25T03:44:04","guid":{"rendered":"https:\/\/feralframe.com\/?post_type=product&#038;p=16569"},"modified":"2024-09-25T15:32:17","modified_gmt":"2024-09-25T21:32:17","slug":"gorras-feral-frame","status":"publish","type":"product","link":"https:\/\/feralframe.com\/en\/product\/gorras-feral-frame\/","title":{"rendered":"Gorras Feral Frame"},"content":{"rendered":"<p>Esta gorra de nuestra marca exclusiva combina estilo y funcionalidad para los apasionados de la aventura y la fotograf\u00eda. Con su dise\u00f1o en color negro y un llamativo bordado de monta\u00f1as en tono p\u00farpura, es el accesorio perfecto para protegerte del sol mientras exploras paisajes incre\u00edbles.<\/p>\n<p>Ideal para fot\u00f3grafos de naturaleza y viajeros que buscan una pieza c\u00f3moda y de alta calidad que refleje su amor por las expediciones al aire libre<\/p>\n<p>Es unisex y unitalla<\/p>\n","protected":false},"excerpt":{"rendered":"<p>Te traemos esta gorra de una calidad incre\u00edble en color negro para que puedas regalar y compartir con tus amigos y familiares.<\/p>\n<p>Es unitalla y unisex.<\/p>\n","protected":false},"featured_media":16573,"template":"","meta":[],"product_brand":[],"product_cat":[499],"product_tag":[498,497],"class_list":{"0":"post-16569","1":"product","2":"type-product","3":"status-publish","4":"has-post-thumbnail","6":"product_cat-productos-feral-frame","7":"product_tag-feral-frame","8":"product_tag-merch","10":"first","11":"instock","12":"taxable","13":"shipping-taxable","14":"purchasable","15":"product-type-simple"},"yoast_head":"<!-- This site is optimized with the Yoast SEO Premium plugin v23.3 (Yoast SEO v27.4) - https:\/\/yoast.com\/product\/yoast-seo-premium-wordpress\/ -->\n<title>Gorras Feral Frame - Feral Frame<\/title>\n<meta name=\"robots\" content=\"index, follow, max-snippet:-1, max-image-preview:large, max-video-preview:-1\" \/>\n<link rel=\"canonical\" href=\"https:\/\/feralframe.com\/en\/product\/gorras-feral-frame\/\" \/>\n<meta property=\"og:locale\" content=\"en_US\" \/>\n<meta property=\"og:type\" content=\"article\" \/>\n<meta property=\"og:title\" content=\"Gorras Feral Frame\" \/>\n<meta property=\"og:description\" content=\"Te traemos esta gorra de una calidad incre\u00edble en color negro para que puedas regalar y compartir con tus amigos y familiares.  Es unitalla y unisex.\" \/>\n<meta property=\"og:url\" content=\"https:\/\/feralframe.com\/en\/product\/gorras-feral-frame\/\" \/>\n<meta property=\"og:site_name\" content=\"Feral Frame\" \/>\n<meta property=\"article:publisher\" content=\"https:\/\/www.facebook.com\/feralframe\" \/>\n<meta property=\"article:modified_time\" content=\"2024-09-25T21:32:17+00:00\" \/>\n<meta property=\"og:image\" content=\"https:\/\/feralframe.com\/wp-content\/uploads\/2024\/09\/gorras-feral-2.jpg\" \/>\n\t<meta property=\"og:image:width\" content=\"1200\" \/>\n\t<meta property=\"og:image:height\" content=\"1500\" \/>\n\t<meta property=\"og:image:type\" content=\"image\/jpeg\" \/>\n<meta name=\"twitter:card\" content=\"summary_large_image\" \/>\n<meta name=\"twitter:label1\" content=\"Est. reading time\" \/>\n\t<meta name=\"twitter:data1\" content=\"1 minute\" \/>\n<script type=\"application\/ld+json\" class=\"yoast-schema-graph\">{\"@context\":\"https:\\\/\\\/schema.org\",\"@graph\":[{\"@type\":\"WebPage\",\"@id\":\"https:\\\/\\\/feralframe.com\\\/en\\\/product\\\/gorras-feral-frame\\\/\",\"url\":\"https:\\\/\\\/feralframe.com\\\/en\\\/product\\\/gorras-feral-frame\\\/\",\"name\":\"Gorras Feral Frame - Feral Frame\",\"isPartOf\":{\"@id\":\"https:\\\/\\\/feralframe.com\\\/en\\\/#website\"},\"primaryImageOfPage\":{\"@id\":\"https:\\\/\\\/feralframe.com\\\/en\\\/product\\\/gorras-feral-frame\\\/#primaryimage\"},\"image\":{\"@id\":\"https:\\\/\\\/feralframe.com\\\/en\\\/product\\\/gorras-feral-frame\\\/#primaryimage\"},\"thumbnailUrl\":\"https:\\\/\\\/feralframe.com\\\/wp-content\\\/uploads\\\/2024\\\/09\\\/gorras-feral-2.jpg\",\"datePublished\":\"2024-09-25T03:44:04+00:00\",\"dateModified\":\"2024-09-25T21:32:17+00:00\",\"breadcrumb\":{\"@id\":\"https:\\\/\\\/feralframe.com\\\/en\\\/product\\\/gorras-feral-frame\\\/#breadcrumb\"},\"inLanguage\":\"en-US\",\"potentialAction\":[{\"@type\":\"ReadAction\",\"target\":[\"https:\\\/\\\/feralframe.com\\\/en\\\/product\\\/gorras-feral-frame\\\/\"]}]},{\"@type\":\"ImageObject\",\"inLanguage\":\"en-US\",\"@id\":\"https:\\\/\\\/feralframe.com\\\/en\\\/product\\\/gorras-feral-frame\\\/#primaryimage\",\"url\":\"https:\\\/\\\/feralframe.com\\\/wp-content\\\/uploads\\\/2024\\\/09\\\/gorras-feral-2.jpg\",\"contentUrl\":\"https:\\\/\\\/feralframe.com\\\/wp-content\\\/uploads\\\/2024\\\/09\\\/gorras-feral-2.jpg\",\"width\":1200,\"height\":1500},{\"@type\":\"BreadcrumbList\",\"@id\":\"https:\\\/\\\/feralframe.com\\\/en\\\/product\\\/gorras-feral-frame\\\/#breadcrumb\",\"itemListElement\":[{\"@type\":\"ListItem\",\"position\":1,\"name\":\"Portada\",\"item\":\"https:\\\/\\\/feralframe.com\\\/en\\\/\"},{\"@type\":\"ListItem\",\"position\":2,\"name\":\"Shop\",\"item\":\"https:\\\/\\\/feralframe.com\\\/en\\\/shop\\\/\"},{\"@type\":\"ListItem\",\"position\":3,\"name\":\"Gorras Feral Frame\"}]},{\"@type\":\"WebSite\",\"@id\":\"https:\\\/\\\/feralframe.com\\\/en\\\/#website\",\"url\":\"https:\\\/\\\/feralframe.com\\\/en\\\/\",\"name\":\"Feral Frame, Viajes Fotogr\u00e1ficos\",\"description\":\"Viajes Fotogr\u00e1ficos\",\"publisher\":{\"@id\":\"https:\\\/\\\/feralframe.com\\\/en\\\/#organization\"},\"alternateName\":\"Feral Frame - Viajes Fotogr\u00e1ficos\",\"potentialAction\":[{\"@type\":\"SearchAction\",\"target\":{\"@type\":\"EntryPoint\",\"urlTemplate\":\"https:\\\/\\\/feralframe.com\\\/en\\\/?s={search_term_string}\"},\"query-input\":{\"@type\":\"PropertyValueSpecification\",\"valueRequired\":true,\"valueName\":\"search_term_string\"}}],\"inLanguage\":\"en-US\"},{\"@type\":\"Organization\",\"@id\":\"https:\\\/\\\/feralframe.com\\\/en\\\/#organization\",\"name\":\"FERAL FRAME\",\"url\":\"https:\\\/\\\/feralframe.com\\\/en\\\/\",\"logo\":{\"@type\":\"ImageObject\",\"inLanguage\":\"en-US\",\"@id\":\"https:\\\/\\\/feralframe.com\\\/en\\\/#\\\/schema\\\/logo\\\/image\\\/\",\"url\":\"https:\\\/\\\/feralframe.com\\\/wp-content\\\/uploads\\\/2022\\\/01\\\/logo-2-retina.png\",\"contentUrl\":\"https:\\\/\\\/feralframe.com\\\/wp-content\\\/uploads\\\/2022\\\/01\\\/logo-2-retina.png\",\"width\":200,\"height\":120,\"caption\":\"FERAL FRAME\"},\"image\":{\"@id\":\"https:\\\/\\\/feralframe.com\\\/en\\\/#\\\/schema\\\/logo\\\/image\\\/\"},\"sameAs\":[\"https:\\\/\\\/www.facebook.com\\\/feralframe\",\"https:\\\/\\\/www.instagram.com\\\/feralframe\"],\"email\":\"hola@feralframe.com\",\"telephone\":\"2228069678\"}]}<\/script>\n<!-- \/ Yoast SEO Premium plugin. -->","yoast_head_json":{"title":"Gorras Feral Frame - Feral Frame","robots":{"index":"index","follow":"follow","max-snippet":"max-snippet:-1","max-image-preview":"max-image-preview:large","max-video-preview":"max-video-preview:-1"},"canonical":"https:\/\/feralframe.com\/en\/product\/gorras-feral-frame\/","og_locale":"en_US","og_type":"article","og_title":"Gorras Feral Frame","og_description":"Te traemos esta gorra de una calidad incre\u00edble en color negro para que puedas regalar y compartir con tus amigos y familiares.  Es unitalla y unisex.","og_url":"https:\/\/feralframe.com\/en\/product\/gorras-feral-frame\/","og_site_name":"Feral Frame","article_publisher":"https:\/\/www.facebook.com\/feralframe","article_modified_time":"2024-09-25T21:32:17+00:00","og_image":[{"width":1200,"height":1500,"url":"https:\/\/feralframe.com\/wp-content\/uploads\/2024\/09\/gorras-feral-2.jpg","type":"image\/jpeg"}],"twitter_card":"summary_large_image","twitter_misc":{"Est. reading time":"1 minute"},"schema":{"@context":"https:\/\/schema.org","@graph":[{"@type":"WebPage","@id":"https:\/\/feralframe.com\/en\/product\/gorras-feral-frame\/","url":"https:\/\/feralframe.com\/en\/product\/gorras-feral-frame\/","name":"Gorras Feral Frame - Feral Frame","isPartOf":{"@id":"https:\/\/feralframe.com\/en\/#website"},"primaryImageOfPage":{"@id":"https:\/\/feralframe.com\/en\/product\/gorras-feral-frame\/#primaryimage"},"image":{"@id":"https:\/\/feralframe.com\/en\/product\/gorras-feral-frame\/#primaryimage"},"thumbnailUrl":"https:\/\/feralframe.com\/wp-content\/uploads\/2024\/09\/gorras-feral-2.jpg","datePublished":"2024-09-25T03:44:04+00:00","dateModified":"2024-09-25T21:32:17+00:00","breadcrumb":{"@id":"https:\/\/feralframe.com\/en\/product\/gorras-feral-frame\/#breadcrumb"},"inLanguage":"en-US","potentialAction":[{"@type":"ReadAction","target":["https:\/\/feralframe.com\/en\/product\/gorras-feral-frame\/"]}]},{"@type":"ImageObject","inLanguage":"en-US","@id":"https:\/\/feralframe.com\/en\/product\/gorras-feral-frame\/#primaryimage","url":"https:\/\/feralframe.com\/wp-content\/uploads\/2024\/09\/gorras-feral-2.jpg","contentUrl":"https:\/\/feralframe.com\/wp-content\/uploads\/2024\/09\/gorras-feral-2.jpg","width":1200,"height":1500},{"@type":"BreadcrumbList","@id":"https:\/\/feralframe.com\/en\/product\/gorras-feral-frame\/#breadcrumb","itemListElement":[{"@type":"ListItem","position":1,"name":"Portada","item":"https:\/\/feralframe.com\/en\/"},{"@type":"ListItem","position":2,"name":"Shop","item":"https:\/\/feralframe.com\/en\/shop\/"},{"@type":"ListItem","position":3,"name":"Gorras Feral Frame"}]},{"@type":"WebSite","@id":"https:\/\/feralframe.com\/en\/#website","url":"https:\/\/feralframe.com\/en\/","name":"Feral Frame, Viajes Fotogr\u00e1ficos","description":"Viajes Fotogr\u00e1ficos","publisher":{"@id":"https:\/\/feralframe.com\/en\/#organization"},"alternateName":"Feral Frame - Viajes Fotogr\u00e1ficos","potentialAction":[{"@type":"SearchAction","target":{"@type":"EntryPoint","urlTemplate":"https:\/\/feralframe.com\/en\/?s={search_term_string}"},"query-input":{"@type":"PropertyValueSpecification","valueRequired":true,"valueName":"search_term_string"}}],"inLanguage":"en-US"},{"@type":"Organization","@id":"https:\/\/feralframe.com\/en\/#organization","name":"FERAL FRAME","url":"https:\/\/feralframe.com\/en\/","logo":{"@type":"ImageObject","inLanguage":"en-US","@id":"https:\/\/feralframe.com\/en\/#\/schema\/logo\/image\/","url":"https:\/\/feralframe.com\/wp-content\/uploads\/2022\/01\/logo-2-retina.png","contentUrl":"https:\/\/feralframe.com\/wp-content\/uploads\/2022\/01\/logo-2-retina.png","width":200,"height":120,"caption":"FERAL FRAME"},"image":{"@id":"https:\/\/feralframe.com\/en\/#\/schema\/logo\/image\/"},"sameAs":["https:\/\/www.facebook.com\/feralframe","https:\/\/www.instagram.com\/feralframe"],"email":"hola@feralframe.com","telephone":"2228069678"}]}},"_links":{"self":[{"href":"https:\/\/feralframe.com\/en\/wp-json\/wp\/v2\/product\/16569","targetHints":{"allow":["GET"]}}],"collection":[{"href":"https:\/\/feralframe.com\/en\/wp-json\/wp\/v2\/product"}],"about":[{"href":"https:\/\/feralframe.com\/en\/wp-json\/wp\/v2\/types\/product"}],"wp:featuredmedia":[{"embeddable":true,"href":"https:\/\/feralframe.com\/en\/wp-json\/wp\/v2\/media\/16573"}],"wp:attachment":[{"href":"https:\/\/feralframe.com\/en\/wp-json\/wp\/v2\/media?parent=16569"}],"wp:term":[{"taxonomy":"product_brand","embeddable":true,"href":"https:\/\/feralframe.com\/en\/wp-json\/wp\/v2\/product_brand?post=16569"},{"taxonomy":"product_cat","embeddable":true,"href":"https:\/\/feralframe.com\/en\/wp-json\/wp\/v2\/product_cat?post=16569"},{"taxonomy":"product_tag","embeddable":true,"href":"https:\/\/feralframe.com\/en\/wp-json\/wp\/v2\/product_tag?post=16569"}],"curies":[{"name":"wp","href":"https:\/\/api.w.org\/{rel}","templated":true}]}}