{"id":14747,"date":"2024-09-04T11:45:41","date_gmt":"2024-09-04T17:45:41","guid":{"rendered":"https:\/\/feralframe.com\/?post_type=product&#038;p=14747"},"modified":"2024-09-05T21:31:16","modified_gmt":"2024-09-06T03:31:16","slug":"viltrox-16mm-sony","status":"publish","type":"product","link":"https:\/\/feralframe.com\/en\/product\/viltrox-16mm-sony\/","title":{"rendered":"Lente Viltrox 16mm F1.8 Gran Angular montura Sony E"},"content":{"rendered":"<p><strong>Objetivo prime ultra gran angular de alta resoluci\u00f3n<\/strong><\/p>\n<p>Con un \u00e1ngulo de visi\u00f3n ultra amplio para c\u00e1maras con montura E de Sony o Nikon Z de fotograma completo, el objetivo Viltrox AF 16mm f\/1.8 FE | Z es una opci\u00f3n ideal para una amplia variedad de actividades fotogr\u00e1ficas, que incluyen fotograf\u00eda de paisajes y arquitectura, astrofotograf\u00eda y videograf\u00eda creativa que requieren capacidades de primer plano con fondos amplios.<\/p>\n<p><strong><img fetchpriority=\"high\" decoding=\"async\" class=\"wp-image-14763 size-large aligncenter\" src=\"https:\/\/feralframe.com\/wp-content\/uploads\/2024\/09\/1_314858bd-6e72-4c62-8acf-3ab3c7cd65ac-1024x576.webp\" alt=\"\" width=\"1024\" height=\"576\" \/><\/strong><\/p>\n<p><strong>\u00d3ptica excepcional<\/strong><\/p>\n<p>El Viltrox AF 16mm f\/1.8 FE | Z, un objetivo fijo de alta resoluci\u00f3n y gran apertura, brinda una excelente nitidez de borde a borde con un bokeh suave y natural. Dise\u00f1ado tanto para aplicaciones de fotograf\u00eda como de video, este objetivo resistente y liviano es igualmente adecuado para fot\u00f3grafos y camar\u00f3grafos. 4 ED (dispersi\u00f3n ultrabaja) y 3 elementos asf\u00e9ricos se combinan para lograr una nitidez excepcional al tiempo que reducen el destello de coma sagital que distorsiona las formas de las estrellas. El dise\u00f1o \u00f3ptico tambi\u00e9n minimiza las im\u00e1genes superpuestas y los destellos al fotografiar cielos estrellados y escenas nocturnas de larga exposici\u00f3n.<\/p>\n<p><strong><img decoding=\"async\" class=\"wp-image-14765 size-full aligncenter\" src=\"https:\/\/feralframe.com\/wp-content\/uploads\/2024\/09\/5_a3376d63-7a38-427f-8743-e3b738ad1ec5.jpg\" alt=\"\" width=\"750\" height=\"750\" \/> \u00a0<\/strong><\/p>\n<ul>\n<li>El interruptor de liberaci\u00f3n de f\u00e1cil acceso permite la operaci\u00f3n con o sin clic. Cuando est\u00e1 apagado, el modo de apertura continua silenciosamente facilita transiciones suaves de profundidad de campo durante la grabaci\u00f3n de video.<\/li>\n<li>Interruptor AF\/MF incorporado para cambiar r\u00e1pidamente entre los modos de enfoque autom\u00e1tico y enfoque manual.<\/li>\n<li>Los botones personalizados Fn1 y Fn2 permiten un acceso r\u00e1pido a funciones clave con c\u00e1maras Sony seleccionadas.<\/li>\n<li>La sofisticada pantalla LCD muestra informaci\u00f3n importante sobre el disparo, incluida la distancia del sujeto, los iconos Fn y la identificaci\u00f3n de la apertura.<\/li>\n<li>Un cuerpo completamente met\u00e1lico y una bayoneta de lat\u00f3n para una conexi\u00f3n profesional y confiable a los cuerpos de c\u00e1mara con montura E de Sony.<\/li>\n<li>Dise\u00f1o a prueba de polvo y resistente al agua para uso en condiciones clim\u00e1ticas adversas.<\/li>\n<li>Interfaz USB-C para actualizaciones de firmware.<\/li>\n<li>Compatible con filtros de 77 mm<\/li>\n<\/ul>\n<p><strong><img decoding=\"async\" class=\"wp-image-14761 size-full aligncenter\" src=\"https:\/\/feralframe.com\/wp-content\/uploads\/2024\/09\/2_92ab2519-9fe6-48d3-a74c-96e54ff6a6f3.webp\" alt=\"\" width=\"750\" height=\"750\" \/><\/strong><\/p>\n<p>&nbsp;<\/p>\n<p><iframe title=\"VILTROX AF 16mm F1.8 FE Full Frame Ultra Wide-angle Large Aperture Autofocus Prime Lens\" width=\"500\" height=\"281\" src=\"https:\/\/www.youtube.com\/embed\/Ul2IGFKJ-Qg?feature=oembed\" frameborder=\"0\" allow=\"accelerometer; autoplay; clipboard-write; encrypted-media; gyroscope; picture-in-picture; web-share\" referrerpolicy=\"strict-origin-when-cross-origin\" allowfullscreen><\/iframe><\/p>\n<p>&nbsp;<\/p>\n","protected":false},"excerpt":{"rendered":"<ul>\n<li>Lente para full frame | f\/1.8 a f\/22<\/li>\n<li>Motor de enfoque autom\u00e1tico STM r\u00e1pido<\/li>\n<li>Anillo de apertura silencioso sin clic<\/li>\n<li>Revestimiento multicapa Nano HD<\/li>\n<li>Pantalla LCD f\u00e1cil de leer<\/li>\n<li>Interfaz USB-C para actualizaciones de firmware<\/li>\n<li>Todo el cuerpo de metal, dise\u00f1o resistente a la intemperie<\/li>\n<\/ul>\n","protected":false},"featured_media":14751,"template":"elementor_header_footer","meta":[],"product_brand":[],"product_cat":[270],"product_tag":[272,271],"class_list":{"0":"post-14747","1":"product","2":"type-product","3":"status-publish","4":"has-post-thumbnail","6":"product_cat-equipo-fotografico","7":"product_tag-equipo-fotografico","8":"product_tag-gran-angular","10":"first","11":"instock","12":"taxable","13":"shipping-taxable","14":"purchasable","15":"product-type-simple"},"yoast_head":"<!-- This site is optimized with the Yoast SEO Premium plugin v23.3 (Yoast SEO v27.4) - https:\/\/yoast.com\/product\/yoast-seo-premium-wordpress\/ -->\n<title>Lente Viltrox 16mm F1.8 Gran Angular montura Sony E - Feral Frame<\/title>\n<meta name=\"robots\" content=\"index, follow, max-snippet:-1, max-image-preview:large, max-video-preview:-1\" \/>\n<link rel=\"canonical\" href=\"https:\/\/feralframe.com\/en\/product\/viltrox-16mm-sony\/\" \/>\n<meta property=\"og:locale\" content=\"en_US\" \/>\n<meta property=\"og:type\" content=\"article\" \/>\n<meta property=\"og:title\" content=\"Lente Viltrox 16mm F1.8 Gran Angular montura Sony E\" \/>\n<meta property=\"og:description\" content=\"Lente para full frame | f\/1.8 a f\/22  Motor de enfoque autom\u00e1tico STM r\u00e1pido  Anillo de apertura silencioso sin clic  Revestimiento multicapa Nano HD  Pantalla LCD f\u00e1cil de leer  Interfaz USB-C para actualizaciones de firmware  Todo el cuerpo de metal, dise\u00f1o resistente a la intemperie\" \/>\n<meta property=\"og:url\" content=\"https:\/\/feralframe.com\/en\/product\/viltrox-16mm-sony\/\" \/>\n<meta property=\"og:site_name\" content=\"Feral Frame\" \/>\n<meta property=\"article:publisher\" content=\"https:\/\/www.facebook.com\/feralframe\" \/>\n<meta property=\"article:modified_time\" content=\"2024-09-06T03:31:16+00:00\" \/>\n<meta property=\"og:image\" content=\"https:\/\/feralframe.com\/wp-content\/uploads\/2024\/09\/16mmf1.8-2-scaled-1.jpg\" \/>\n\t<meta property=\"og:image:width\" content=\"1707\" \/>\n\t<meta property=\"og:image:height\" content=\"2560\" \/>\n\t<meta property=\"og:image:type\" content=\"image\/jpeg\" \/>\n<meta name=\"twitter:card\" content=\"summary_large_image\" \/>\n<meta name=\"twitter:label1\" content=\"Est. reading time\" \/>\n\t<meta name=\"twitter:data1\" content=\"3 minutes\" \/>\n<script type=\"application\/ld+json\" class=\"yoast-schema-graph\">{\"@context\":\"https:\\\/\\\/schema.org\",\"@graph\":[{\"@type\":\"WebPage\",\"@id\":\"https:\\\/\\\/feralframe.com\\\/en\\\/product\\\/viltrox-16mm-sony\\\/\",\"url\":\"https:\\\/\\\/feralframe.com\\\/en\\\/product\\\/viltrox-16mm-sony\\\/\",\"name\":\"Lente Viltrox 16mm F1.8 Gran Angular montura Sony E - Feral Frame\",\"isPartOf\":{\"@id\":\"https:\\\/\\\/feralframe.com\\\/en\\\/#website\"},\"primaryImageOfPage\":{\"@id\":\"https:\\\/\\\/feralframe.com\\\/en\\\/product\\\/viltrox-16mm-sony\\\/#primaryimage\"},\"image\":{\"@id\":\"https:\\\/\\\/feralframe.com\\\/en\\\/product\\\/viltrox-16mm-sony\\\/#primaryimage\"},\"thumbnailUrl\":\"https:\\\/\\\/feralframe.com\\\/wp-content\\\/uploads\\\/2024\\\/09\\\/16mmf1.8-2-scaled-1.jpg\",\"datePublished\":\"2024-09-04T17:45:41+00:00\",\"dateModified\":\"2024-09-06T03:31:16+00:00\",\"breadcrumb\":{\"@id\":\"https:\\\/\\\/feralframe.com\\\/en\\\/product\\\/viltrox-16mm-sony\\\/#breadcrumb\"},\"inLanguage\":\"en-US\",\"potentialAction\":[{\"@type\":\"ReadAction\",\"target\":[\"https:\\\/\\\/feralframe.com\\\/en\\\/product\\\/viltrox-16mm-sony\\\/\"]}]},{\"@type\":\"ImageObject\",\"inLanguage\":\"en-US\",\"@id\":\"https:\\\/\\\/feralframe.com\\\/en\\\/product\\\/viltrox-16mm-sony\\\/#primaryimage\",\"url\":\"https:\\\/\\\/feralframe.com\\\/wp-content\\\/uploads\\\/2024\\\/09\\\/16mmf1.8-2-scaled-1.jpg\",\"contentUrl\":\"https:\\\/\\\/feralframe.com\\\/wp-content\\\/uploads\\\/2024\\\/09\\\/16mmf1.8-2-scaled-1.jpg\",\"width\":1707,\"height\":2560},{\"@type\":\"BreadcrumbList\",\"@id\":\"https:\\\/\\\/feralframe.com\\\/en\\\/product\\\/viltrox-16mm-sony\\\/#breadcrumb\",\"itemListElement\":[{\"@type\":\"ListItem\",\"position\":1,\"name\":\"Portada\",\"item\":\"https:\\\/\\\/feralframe.com\\\/en\\\/\"},{\"@type\":\"ListItem\",\"position\":2,\"name\":\"Shop\",\"item\":\"https:\\\/\\\/feralframe.com\\\/en\\\/shop\\\/\"},{\"@type\":\"ListItem\",\"position\":3,\"name\":\"Lente Viltrox 16mm F1.8 Gran Angular montura Sony E\"}]},{\"@type\":\"WebSite\",\"@id\":\"https:\\\/\\\/feralframe.com\\\/en\\\/#website\",\"url\":\"https:\\\/\\\/feralframe.com\\\/en\\\/\",\"name\":\"Feral Frame, Viajes Fotogr\u00e1ficos\",\"description\":\"Viajes Fotogr\u00e1ficos\",\"publisher\":{\"@id\":\"https:\\\/\\\/feralframe.com\\\/en\\\/#organization\"},\"alternateName\":\"Feral Frame - Viajes Fotogr\u00e1ficos\",\"potentialAction\":[{\"@type\":\"SearchAction\",\"target\":{\"@type\":\"EntryPoint\",\"urlTemplate\":\"https:\\\/\\\/feralframe.com\\\/en\\\/?s={search_term_string}\"},\"query-input\":{\"@type\":\"PropertyValueSpecification\",\"valueRequired\":true,\"valueName\":\"search_term_string\"}}],\"inLanguage\":\"en-US\"},{\"@type\":\"Organization\",\"@id\":\"https:\\\/\\\/feralframe.com\\\/en\\\/#organization\",\"name\":\"FERAL FRAME\",\"url\":\"https:\\\/\\\/feralframe.com\\\/en\\\/\",\"logo\":{\"@type\":\"ImageObject\",\"inLanguage\":\"en-US\",\"@id\":\"https:\\\/\\\/feralframe.com\\\/en\\\/#\\\/schema\\\/logo\\\/image\\\/\",\"url\":\"https:\\\/\\\/feralframe.com\\\/wp-content\\\/uploads\\\/2022\\\/01\\\/logo-2-retina.png\",\"contentUrl\":\"https:\\\/\\\/feralframe.com\\\/wp-content\\\/uploads\\\/2022\\\/01\\\/logo-2-retina.png\",\"width\":200,\"height\":120,\"caption\":\"FERAL FRAME\"},\"image\":{\"@id\":\"https:\\\/\\\/feralframe.com\\\/en\\\/#\\\/schema\\\/logo\\\/image\\\/\"},\"sameAs\":[\"https:\\\/\\\/www.facebook.com\\\/feralframe\",\"https:\\\/\\\/www.instagram.com\\\/feralframe\"],\"email\":\"hola@feralframe.com\",\"telephone\":\"2228069678\"}]}<\/script>\n<!-- \/ Yoast SEO Premium plugin. -->","yoast_head_json":{"title":"Lente Viltrox 16mm F1.8 Gran Angular montura Sony E - Feral Frame","robots":{"index":"index","follow":"follow","max-snippet":"max-snippet:-1","max-image-preview":"max-image-preview:large","max-video-preview":"max-video-preview:-1"},"canonical":"https:\/\/feralframe.com\/en\/product\/viltrox-16mm-sony\/","og_locale":"en_US","og_type":"article","og_title":"Lente Viltrox 16mm F1.8 Gran Angular montura Sony E","og_description":"Lente para full frame | f\/1.8 a f\/22  Motor de enfoque autom\u00e1tico STM r\u00e1pido  Anillo de apertura silencioso sin clic  Revestimiento multicapa Nano HD  Pantalla LCD f\u00e1cil de leer  Interfaz USB-C para actualizaciones de firmware  Todo el cuerpo de metal, dise\u00f1o resistente a la intemperie","og_url":"https:\/\/feralframe.com\/en\/product\/viltrox-16mm-sony\/","og_site_name":"Feral Frame","article_publisher":"https:\/\/www.facebook.com\/feralframe","article_modified_time":"2024-09-06T03:31:16+00:00","og_image":[{"width":1707,"height":2560,"url":"https:\/\/feralframe.com\/wp-content\/uploads\/2024\/09\/16mmf1.8-2-scaled-1.jpg","type":"image\/jpeg"}],"twitter_card":"summary_large_image","twitter_misc":{"Est. reading time":"3 minutes"},"schema":{"@context":"https:\/\/schema.org","@graph":[{"@type":"WebPage","@id":"https:\/\/feralframe.com\/en\/product\/viltrox-16mm-sony\/","url":"https:\/\/feralframe.com\/en\/product\/viltrox-16mm-sony\/","name":"Lente Viltrox 16mm F1.8 Gran Angular montura Sony E - Feral Frame","isPartOf":{"@id":"https:\/\/feralframe.com\/en\/#website"},"primaryImageOfPage":{"@id":"https:\/\/feralframe.com\/en\/product\/viltrox-16mm-sony\/#primaryimage"},"image":{"@id":"https:\/\/feralframe.com\/en\/product\/viltrox-16mm-sony\/#primaryimage"},"thumbnailUrl":"https:\/\/feralframe.com\/wp-content\/uploads\/2024\/09\/16mmf1.8-2-scaled-1.jpg","datePublished":"2024-09-04T17:45:41+00:00","dateModified":"2024-09-06T03:31:16+00:00","breadcrumb":{"@id":"https:\/\/feralframe.com\/en\/product\/viltrox-16mm-sony\/#breadcrumb"},"inLanguage":"en-US","potentialAction":[{"@type":"ReadAction","target":["https:\/\/feralframe.com\/en\/product\/viltrox-16mm-sony\/"]}]},{"@type":"ImageObject","inLanguage":"en-US","@id":"https:\/\/feralframe.com\/en\/product\/viltrox-16mm-sony\/#primaryimage","url":"https:\/\/feralframe.com\/wp-content\/uploads\/2024\/09\/16mmf1.8-2-scaled-1.jpg","contentUrl":"https:\/\/feralframe.com\/wp-content\/uploads\/2024\/09\/16mmf1.8-2-scaled-1.jpg","width":1707,"height":2560},{"@type":"BreadcrumbList","@id":"https:\/\/feralframe.com\/en\/product\/viltrox-16mm-sony\/#breadcrumb","itemListElement":[{"@type":"ListItem","position":1,"name":"Portada","item":"https:\/\/feralframe.com\/en\/"},{"@type":"ListItem","position":2,"name":"Shop","item":"https:\/\/feralframe.com\/en\/shop\/"},{"@type":"ListItem","position":3,"name":"Lente Viltrox 16mm F1.8 Gran Angular montura Sony E"}]},{"@type":"WebSite","@id":"https:\/\/feralframe.com\/en\/#website","url":"https:\/\/feralframe.com\/en\/","name":"Feral Frame, Viajes Fotogr\u00e1ficos","description":"Viajes Fotogr\u00e1ficos","publisher":{"@id":"https:\/\/feralframe.com\/en\/#organization"},"alternateName":"Feral Frame - Viajes Fotogr\u00e1ficos","potentialAction":[{"@type":"SearchAction","target":{"@type":"EntryPoint","urlTemplate":"https:\/\/feralframe.com\/en\/?s={search_term_string}"},"query-input":{"@type":"PropertyValueSpecification","valueRequired":true,"valueName":"search_term_string"}}],"inLanguage":"en-US"},{"@type":"Organization","@id":"https:\/\/feralframe.com\/en\/#organization","name":"FERAL FRAME","url":"https:\/\/feralframe.com\/en\/","logo":{"@type":"ImageObject","inLanguage":"en-US","@id":"https:\/\/feralframe.com\/en\/#\/schema\/logo\/image\/","url":"https:\/\/feralframe.com\/wp-content\/uploads\/2022\/01\/logo-2-retina.png","contentUrl":"https:\/\/feralframe.com\/wp-content\/uploads\/2022\/01\/logo-2-retina.png","width":200,"height":120,"caption":"FERAL FRAME"},"image":{"@id":"https:\/\/feralframe.com\/en\/#\/schema\/logo\/image\/"},"sameAs":["https:\/\/www.facebook.com\/feralframe","https:\/\/www.instagram.com\/feralframe"],"email":"hola@feralframe.com","telephone":"2228069678"}]}},"_links":{"self":[{"href":"https:\/\/feralframe.com\/en\/wp-json\/wp\/v2\/product\/14747","targetHints":{"allow":["GET"]}}],"collection":[{"href":"https:\/\/feralframe.com\/en\/wp-json\/wp\/v2\/product"}],"about":[{"href":"https:\/\/feralframe.com\/en\/wp-json\/wp\/v2\/types\/product"}],"wp:featuredmedia":[{"embeddable":true,"href":"https:\/\/feralframe.com\/en\/wp-json\/wp\/v2\/media\/14751"}],"wp:attachment":[{"href":"https:\/\/feralframe.com\/en\/wp-json\/wp\/v2\/media?parent=14747"}],"wp:term":[{"taxonomy":"product_brand","embeddable":true,"href":"https:\/\/feralframe.com\/en\/wp-json\/wp\/v2\/product_brand?post=14747"},{"taxonomy":"product_cat","embeddable":true,"href":"https:\/\/feralframe.com\/en\/wp-json\/wp\/v2\/product_cat?post=14747"},{"taxonomy":"product_tag","embeddable":true,"href":"https:\/\/feralframe.com\/en\/wp-json\/wp\/v2\/product_tag?post=14747"}],"curies":[{"name":"wp","href":"https:\/\/api.w.org\/{rel}","templated":true}]}}