{"id":14332,"date":"2023-10-02T15:15:03","date_gmt":"2023-10-02T21:15:03","guid":{"rendered":"https:\/\/feralframe.com\/nelly-quijano\/"},"modified":"2024-08-31T17:47:43","modified_gmt":"2024-08-31T23:47:43","slug":"nelly-quijano","status":"publish","type":"page","link":"https:\/\/feralframe.com\/en\/nelly-quijano\/","title":{"rendered":"Nelly Quijano"},"content":{"rendered":"\t\t<div data-elementor-type=\"wp-page\" data-elementor-id=\"14332\" class=\"elementor elementor-14332 elementor-9733\" data-elementor-post-type=\"page\">\n\t\t\t\t\t\t<section class=\"elementor-section elementor-top-section elementor-element elementor-element-7817bdf elementor-section-boxed elementor-section-height-default elementor-section-height-default\" data-id=\"7817bdf\" data-element_type=\"section\" data-e-type=\"section\" data-settings=\"{&quot;grandtour_ext_is_background_parallax&quot;:&quot;false&quot;,&quot;grandtour_ext_is_background_backdrop&quot;:&quot;false&quot;,&quot;grandtour_ext_is_background_on_scroll&quot;:&quot;false&quot;}\">\n\t\t\t\t\t\t<div class=\"elementor-container elementor-column-gap-default\">\n\t\t\t\t\t<div class=\"elementor-column elementor-col-50 elementor-top-column elementor-element elementor-element-c1a8ebc\" data-id=\"c1a8ebc\" data-element_type=\"column\" data-e-type=\"column\" data-settings=\"{&quot;grandtour_ext_link_sidemenu&quot;:&quot;false&quot;,&quot;grandtour_ext_link_fullmenu&quot;:&quot;false&quot;,&quot;grandtour_ext_link_closed_fullmenu&quot;:&quot;false&quot;,&quot;grandtour_ext_is_sticky&quot;:&quot;false&quot;,&quot;grandtour_ext_is_scrollme&quot;:&quot;false&quot;,&quot;grandtour_ext_is_smoove&quot;:&quot;false&quot;,&quot;grandtour_ext_is_parallax_mouse&quot;:&quot;false&quot;,&quot;grandtour_ext_is_infinite&quot;:&quot;false&quot;,&quot;grandtour_ext_is_fadeout_animation&quot;:&quot;false&quot;,&quot;grandtour_ext_mobile_static&quot;:&quot;false&quot;}\">\n\t\t\t<div class=\"elementor-widget-wrap elementor-element-populated\">\n\t\t\t\t\t\t<div class=\"elementor-element elementor-element-a0c5cc5 elementor-widget__width-initial elementor-widget elementor-widget-image\" data-id=\"a0c5cc5\" data-element_type=\"widget\" data-e-type=\"widget\" data-settings=\"{&quot;grandtour_image_is_animation&quot;:&quot;false&quot;,&quot;grandtour_ext_link_sidemenu&quot;:&quot;false&quot;,&quot;grandtour_ext_link_fullmenu&quot;:&quot;false&quot;,&quot;grandtour_ext_link_closed_fullmenu&quot;:&quot;false&quot;,&quot;grandtour_ext_is_sticky&quot;:&quot;false&quot;,&quot;grandtour_ext_is_scrollme&quot;:&quot;false&quot;,&quot;grandtour_ext_is_smoove&quot;:&quot;false&quot;,&quot;grandtour_ext_is_parallax_mouse&quot;:&quot;false&quot;,&quot;grandtour_ext_is_infinite&quot;:&quot;false&quot;,&quot;grandtour_ext_is_fadeout_animation&quot;:&quot;false&quot;,&quot;grandtour_ext_mobile_static&quot;:&quot;false&quot;}\" data-widget_type=\"image.default\">\n\t\t\t\t<div class=\"elementor-widget-container\">\n\t\t\t\t\t\t\t\t\t\t\t\t\t\t\t<img fetchpriority=\"high\" decoding=\"async\" width=\"684\" height=\"1024\" src=\"https:\/\/feralframe.com\/wp-content\/uploads\/2023\/08\/DSC1139-Mejorado-NR-2-684x1024.jpg\" class=\"attachment-large size-large wp-image-13634\" alt=\"\" \/>\t\t\t\t\t\t\t\t\t\t\t\t\t\t\t<\/div>\n\t\t\t\t<\/div>\n\t\t\t\t<div class=\"elementor-element elementor-element-adca127 elementor-shape-circle elementor-grid-0 e-grid-align-center elementor-widget elementor-widget-social-icons\" data-id=\"adca127\" data-element_type=\"widget\" data-e-type=\"widget\" data-settings=\"{&quot;grandtour_ext_link_sidemenu&quot;:&quot;false&quot;,&quot;grandtour_ext_link_fullmenu&quot;:&quot;false&quot;,&quot;grandtour_ext_link_closed_fullmenu&quot;:&quot;false&quot;,&quot;grandtour_ext_is_sticky&quot;:&quot;false&quot;,&quot;grandtour_ext_is_scrollme&quot;:&quot;false&quot;,&quot;grandtour_ext_is_smoove&quot;:&quot;false&quot;,&quot;grandtour_ext_is_parallax_mouse&quot;:&quot;false&quot;,&quot;grandtour_ext_is_infinite&quot;:&quot;false&quot;,&quot;grandtour_ext_is_fadeout_animation&quot;:&quot;false&quot;,&quot;grandtour_ext_mobile_static&quot;:&quot;false&quot;}\" data-widget_type=\"social-icons.default\">\n\t\t\t\t<div class=\"elementor-widget-container\">\n\t\t\t\t\t\t\t<div class=\"elementor-social-icons-wrapper elementor-grid\" role=\"list\">\n\t\t\t\t\t\t\t<span class=\"elementor-grid-item\" role=\"listitem\">\n\t\t\t\t\t<a class=\"elementor-icon elementor-social-icon elementor-social-icon-facebook elementor-repeater-item-c48f463\" href=\"http:\/\/www.facebook.com\/nativasoy\" target=\"_blank\">\n\t\t\t\t\t\t<span class=\"elementor-screen-only\">Facebook<\/span>\n\t\t\t\t\t\t<i aria-hidden=\"true\" class=\"fab fa-facebook\"><\/i>\t\t\t\t\t<\/a>\n\t\t\t\t<\/span>\n\t\t\t\t\t\t\t<span class=\"elementor-grid-item\" role=\"listitem\">\n\t\t\t\t\t<a class=\"elementor-icon elementor-social-icon elementor-social-icon-instagram elementor-repeater-item-4f5bfee\" href=\"https:\/\/www.instagram.com\/nativasoy\/\" target=\"_blank\">\n\t\t\t\t\t\t<span class=\"elementor-screen-only\">Instagram<\/span>\n\t\t\t\t\t\t<i aria-hidden=\"true\" class=\"fab fa-instagram\"><\/i>\t\t\t\t\t<\/a>\n\t\t\t\t<\/span>\n\t\t\t\t\t<\/div>\n\t\t\t\t\t\t<\/div>\n\t\t\t\t<\/div>\n\t\t\t\t\t<\/div>\n\t\t<\/div>\n\t\t\t\t<div class=\"elementor-column elementor-col-50 elementor-top-column elementor-element elementor-element-e619c67\" data-id=\"e619c67\" data-element_type=\"column\" data-e-type=\"column\" data-settings=\"{&quot;grandtour_ext_link_sidemenu&quot;:&quot;false&quot;,&quot;grandtour_ext_link_fullmenu&quot;:&quot;false&quot;,&quot;grandtour_ext_link_closed_fullmenu&quot;:&quot;false&quot;,&quot;grandtour_ext_is_sticky&quot;:&quot;false&quot;,&quot;grandtour_ext_is_scrollme&quot;:&quot;false&quot;,&quot;grandtour_ext_is_smoove&quot;:&quot;false&quot;,&quot;grandtour_ext_is_parallax_mouse&quot;:&quot;false&quot;,&quot;grandtour_ext_is_infinite&quot;:&quot;false&quot;,&quot;grandtour_ext_is_fadeout_animation&quot;:&quot;false&quot;,&quot;grandtour_ext_mobile_static&quot;:&quot;false&quot;}\">\n\t\t\t<div class=\"elementor-widget-wrap elementor-element-populated\">\n\t\t\t\t\t\t<div class=\"elementor-element elementor-element-41fc7b2 elementor-widget__width-initial elementor-widget elementor-widget-text-editor\" data-id=\"41fc7b2\" data-element_type=\"widget\" data-e-type=\"widget\" data-settings=\"{&quot;grandtour_ext_link_sidemenu&quot;:&quot;false&quot;,&quot;grandtour_ext_link_fullmenu&quot;:&quot;false&quot;,&quot;grandtour_ext_link_closed_fullmenu&quot;:&quot;false&quot;,&quot;grandtour_ext_is_sticky&quot;:&quot;false&quot;,&quot;grandtour_ext_is_scrollme&quot;:&quot;false&quot;,&quot;grandtour_ext_is_smoove&quot;:&quot;false&quot;,&quot;grandtour_ext_is_parallax_mouse&quot;:&quot;false&quot;,&quot;grandtour_ext_is_infinite&quot;:&quot;false&quot;,&quot;grandtour_ext_is_fadeout_animation&quot;:&quot;false&quot;,&quot;grandtour_ext_mobile_static&quot;:&quot;false&quot;}\" data-widget_type=\"text-editor.default\">\n\t\t\t\t<div class=\"elementor-widget-container\">\n\t\t\t\t\t\t\t\t\t<div style=\"text-align: left; padding: 40px 0 40px 0;\"><div style=\"margin: auto; width: 100%;\"><div><div style=\"display: flex; justify-content: center;\"><p> <\/p><\/div><\/div><div><h2 style=\"font-size: 40px;\">NELLY QUIJANO DUARTE<\/h2><h4 style=\"color: #848585; font-weight: 300; font-size: 25px;\">Photographer<\/h4><div style=\"text-align: justify;\"><p>Nelly Quijano, Mexican photographer, she was born in San Francisco de Campeche, Mexico. She studied Journalism and Communication Sciences at the InsItuto Campechano. Photography has always been her passion, so she decided to study the Diploma in Digital Photography at F2 Estaci\u00f3n Visual in 2014 in M\u00e9rida, Yucat\u00e1n, Mexico. She works mainly doing nature, portrait, fashion and product photography.   <\/p><p>She has participated in different group exhibitions such as &#8220;LA OTRA CARA DEL<br>CANCER&#8221; in the cities of M\u00e9rida and Campeche simultaneously in October 2016 and &#8220;HALA KEN&#8221; Strengthening actions against gender violence with the SGG of Yucat\u00e1n and SEDECULTA in April 2018.<\/p><p>In 2023, two of its underwater photographs were selected by Climate Visuals to support communication on climate change at the global level. Three of her photographs of the cenotes of Yucatan were placed in billboards in CDMX during this year&#8217;s Tianguis Tur\u00edstico. <\/p><p>Her underwater photographs have been shared in National Geographic digital publications, CNN en Espa\u00f1ol and Pronatura Mexico.<\/p><p>Being born on the coast has allowed her to always have contact with the sea, with water being an element of her comfort in December 2019 she managed to make her dream of being able to dive with the camera and enter the world of underwater photography come true and thus manage to unite two of her great passions. Photography and the sea.<br>She considers that the best thing photography has given her is the opportunity to click with people. It is very important for her to take some time to contemplate in nature, to charge energy to be inspired and flow.  <\/p><p>For her, the most important thing is to enjoy taking the photograph and to do it with love.<\/p><\/div><\/div><\/div><\/div><p><style>\n  @media print {<br \/>    .ms-editor-squiggler {<br \/>        display:none !important;<br \/>    }<br \/>  }<br \/>  .ms-editor-squiggler {<br \/>    all: initial;<br \/>    display: block !important;<br \/>    height: 0px !important;<br \/>    width: 0px !important;<br \/>  }<\/style><\/p><div class=\"ms-editor-squiggler\"> <\/div>\t\t\t\t\t\t\t\t<\/div>\n\t\t\t\t<\/div>\n\t\t\t\t\t<\/div>\n\t\t<\/div>\n\t\t\t\t\t<\/div>\n\t\t<\/section>\n\t\t\t\t<\/div>\n\t\t","protected":false},"excerpt":{"rendered":"<p>Facebook Instagram NELLY QUIJANO DUARTE Photographer Nelly Quijano, Mexican photographer, she was born in San Francisco de Campeche, Mexico. She studied Journalism and Communication Sciences at the InsItuto Campechano. Photography has always been her passion, so she decided to study [&hellip;]<\/p>\n","protected":false},"author":1,"featured_media":0,"parent":0,"menu_order":0,"comment_status":"closed","ping_status":"closed","template":"","meta":{"footnotes":""},"class_list":["post-14332","page","type-page","status-publish","hentry"],"yoast_head":"<!-- This site is optimized with the Yoast SEO Premium plugin v23.3 (Yoast SEO v27.4) - https:\/\/yoast.com\/product\/yoast-seo-premium-wordpress\/ -->\n<title>Nelly Quijano - Feral Frame<\/title>\n<meta name=\"robots\" content=\"index, follow, max-snippet:-1, max-image-preview:large, max-video-preview:-1\" \/>\n<link rel=\"canonical\" href=\"https:\/\/feralframe.com\/en\/nelly-quijano\/\" \/>\n<meta property=\"og:locale\" content=\"en_US\" \/>\n<meta property=\"og:type\" content=\"article\" \/>\n<meta property=\"og:title\" content=\"Nelly Quijano\" \/>\n<meta property=\"og:description\" content=\"Facebook Instagram NELLY QUIJANO DUARTE Photographer Nelly Quijano, Mexican photographer, she was born in San Francisco de Campeche, Mexico. She studied Journalism and Communication Sciences at the InsItuto Campechano. Photography has always been her passion, so she decided to study [&hellip;]\" \/>\n<meta property=\"og:url\" content=\"https:\/\/feralframe.com\/en\/nelly-quijano\/\" \/>\n<meta property=\"og:site_name\" content=\"Feral Frame\" \/>\n<meta property=\"article:publisher\" content=\"https:\/\/www.facebook.com\/feralframe\" \/>\n<meta property=\"article:modified_time\" content=\"2024-08-31T23:47:43+00:00\" \/>\n<meta property=\"og:image\" content=\"https:\/\/feralframe.com\/wp-content\/uploads\/2023\/08\/DSC1139-Mejorado-NR-2-684x1024.jpg\" \/>\n<meta name=\"twitter:card\" content=\"summary_large_image\" \/>\n<meta name=\"twitter:label1\" content=\"Est. reading time\" \/>\n\t<meta name=\"twitter:data1\" content=\"1 minute\" \/>\n<script type=\"application\/ld+json\" class=\"yoast-schema-graph\">{\"@context\":\"https:\\\/\\\/schema.org\",\"@graph\":[{\"@type\":\"WebPage\",\"@id\":\"https:\\\/\\\/feralframe.com\\\/en\\\/nelly-quijano\\\/\",\"url\":\"https:\\\/\\\/feralframe.com\\\/en\\\/nelly-quijano\\\/\",\"name\":\"Nelly Quijano - Feral Frame\",\"isPartOf\":{\"@id\":\"https:\\\/\\\/feralframe.com\\\/en\\\/#website\"},\"primaryImageOfPage\":{\"@id\":\"https:\\\/\\\/feralframe.com\\\/en\\\/nelly-quijano\\\/#primaryimage\"},\"image\":{\"@id\":\"https:\\\/\\\/feralframe.com\\\/en\\\/nelly-quijano\\\/#primaryimage\"},\"thumbnailUrl\":\"https:\\\/\\\/feralframe.com\\\/wp-content\\\/uploads\\\/2023\\\/08\\\/DSC1139-Mejorado-NR-2-684x1024.jpg\",\"datePublished\":\"2023-10-02T21:15:03+00:00\",\"dateModified\":\"2024-08-31T23:47:43+00:00\",\"breadcrumb\":{\"@id\":\"https:\\\/\\\/feralframe.com\\\/en\\\/nelly-quijano\\\/#breadcrumb\"},\"inLanguage\":\"en-US\",\"potentialAction\":[{\"@type\":\"ReadAction\",\"target\":[\"https:\\\/\\\/feralframe.com\\\/en\\\/nelly-quijano\\\/\"]}]},{\"@type\":\"ImageObject\",\"inLanguage\":\"en-US\",\"@id\":\"https:\\\/\\\/feralframe.com\\\/en\\\/nelly-quijano\\\/#primaryimage\",\"url\":\"https:\\\/\\\/feralframe.com\\\/wp-content\\\/uploads\\\/2023\\\/08\\\/DSC1139-Mejorado-NR-2-684x1024.jpg\",\"contentUrl\":\"https:\\\/\\\/feralframe.com\\\/wp-content\\\/uploads\\\/2023\\\/08\\\/DSC1139-Mejorado-NR-2-684x1024.jpg\"},{\"@type\":\"BreadcrumbList\",\"@id\":\"https:\\\/\\\/feralframe.com\\\/en\\\/nelly-quijano\\\/#breadcrumb\",\"itemListElement\":[{\"@type\":\"ListItem\",\"position\":1,\"name\":\"Portada\",\"item\":\"https:\\\/\\\/feralframe.com\\\/en\\\/\"},{\"@type\":\"ListItem\",\"position\":2,\"name\":\"Nelly Quijano\"}]},{\"@type\":\"WebSite\",\"@id\":\"https:\\\/\\\/feralframe.com\\\/en\\\/#website\",\"url\":\"https:\\\/\\\/feralframe.com\\\/en\\\/\",\"name\":\"Feral Frame, Viajes Fotogr\u00e1ficos\",\"description\":\"Viajes Fotogr\u00e1ficos\",\"publisher\":{\"@id\":\"https:\\\/\\\/feralframe.com\\\/en\\\/#organization\"},\"alternateName\":\"Feral Frame - Viajes Fotogr\u00e1ficos\",\"potentialAction\":[{\"@type\":\"SearchAction\",\"target\":{\"@type\":\"EntryPoint\",\"urlTemplate\":\"https:\\\/\\\/feralframe.com\\\/en\\\/?s={search_term_string}\"},\"query-input\":{\"@type\":\"PropertyValueSpecification\",\"valueRequired\":true,\"valueName\":\"search_term_string\"}}],\"inLanguage\":\"en-US\"},{\"@type\":\"Organization\",\"@id\":\"https:\\\/\\\/feralframe.com\\\/en\\\/#organization\",\"name\":\"FERAL FRAME\",\"url\":\"https:\\\/\\\/feralframe.com\\\/en\\\/\",\"logo\":{\"@type\":\"ImageObject\",\"inLanguage\":\"en-US\",\"@id\":\"https:\\\/\\\/feralframe.com\\\/en\\\/#\\\/schema\\\/logo\\\/image\\\/\",\"url\":\"https:\\\/\\\/feralframe.com\\\/wp-content\\\/uploads\\\/2022\\\/01\\\/logo-2-retina.png\",\"contentUrl\":\"https:\\\/\\\/feralframe.com\\\/wp-content\\\/uploads\\\/2022\\\/01\\\/logo-2-retina.png\",\"width\":200,\"height\":120,\"caption\":\"FERAL FRAME\"},\"image\":{\"@id\":\"https:\\\/\\\/feralframe.com\\\/en\\\/#\\\/schema\\\/logo\\\/image\\\/\"},\"sameAs\":[\"https:\\\/\\\/www.facebook.com\\\/feralframe\",\"https:\\\/\\\/www.instagram.com\\\/feralframe\"],\"email\":\"hola@feralframe.com\",\"telephone\":\"2228069678\"}]}<\/script>\n<!-- \/ Yoast SEO Premium plugin. -->","yoast_head_json":{"title":"Nelly Quijano - Feral Frame","robots":{"index":"index","follow":"follow","max-snippet":"max-snippet:-1","max-image-preview":"max-image-preview:large","max-video-preview":"max-video-preview:-1"},"canonical":"https:\/\/feralframe.com\/en\/nelly-quijano\/","og_locale":"en_US","og_type":"article","og_title":"Nelly Quijano","og_description":"Facebook Instagram NELLY QUIJANO DUARTE Photographer Nelly Quijano, Mexican photographer, she was born in San Francisco de Campeche, Mexico. She studied Journalism and Communication Sciences at the InsItuto Campechano. Photography has always been her passion, so she decided to study [&hellip;]","og_url":"https:\/\/feralframe.com\/en\/nelly-quijano\/","og_site_name":"Feral Frame","article_publisher":"https:\/\/www.facebook.com\/feralframe","article_modified_time":"2024-08-31T23:47:43+00:00","og_image":[{"url":"https:\/\/feralframe.com\/wp-content\/uploads\/2023\/08\/DSC1139-Mejorado-NR-2-684x1024.jpg","type":"","width":"","height":""}],"twitter_card":"summary_large_image","twitter_misc":{"Est. reading time":"1 minute"},"schema":{"@context":"https:\/\/schema.org","@graph":[{"@type":"WebPage","@id":"https:\/\/feralframe.com\/en\/nelly-quijano\/","url":"https:\/\/feralframe.com\/en\/nelly-quijano\/","name":"Nelly Quijano - Feral Frame","isPartOf":{"@id":"https:\/\/feralframe.com\/en\/#website"},"primaryImageOfPage":{"@id":"https:\/\/feralframe.com\/en\/nelly-quijano\/#primaryimage"},"image":{"@id":"https:\/\/feralframe.com\/en\/nelly-quijano\/#primaryimage"},"thumbnailUrl":"https:\/\/feralframe.com\/wp-content\/uploads\/2023\/08\/DSC1139-Mejorado-NR-2-684x1024.jpg","datePublished":"2023-10-02T21:15:03+00:00","dateModified":"2024-08-31T23:47:43+00:00","breadcrumb":{"@id":"https:\/\/feralframe.com\/en\/nelly-quijano\/#breadcrumb"},"inLanguage":"en-US","potentialAction":[{"@type":"ReadAction","target":["https:\/\/feralframe.com\/en\/nelly-quijano\/"]}]},{"@type":"ImageObject","inLanguage":"en-US","@id":"https:\/\/feralframe.com\/en\/nelly-quijano\/#primaryimage","url":"https:\/\/feralframe.com\/wp-content\/uploads\/2023\/08\/DSC1139-Mejorado-NR-2-684x1024.jpg","contentUrl":"https:\/\/feralframe.com\/wp-content\/uploads\/2023\/08\/DSC1139-Mejorado-NR-2-684x1024.jpg"},{"@type":"BreadcrumbList","@id":"https:\/\/feralframe.com\/en\/nelly-quijano\/#breadcrumb","itemListElement":[{"@type":"ListItem","position":1,"name":"Portada","item":"https:\/\/feralframe.com\/en\/"},{"@type":"ListItem","position":2,"name":"Nelly Quijano"}]},{"@type":"WebSite","@id":"https:\/\/feralframe.com\/en\/#website","url":"https:\/\/feralframe.com\/en\/","name":"Feral Frame, Viajes Fotogr\u00e1ficos","description":"Viajes Fotogr\u00e1ficos","publisher":{"@id":"https:\/\/feralframe.com\/en\/#organization"},"alternateName":"Feral Frame - Viajes Fotogr\u00e1ficos","potentialAction":[{"@type":"SearchAction","target":{"@type":"EntryPoint","urlTemplate":"https:\/\/feralframe.com\/en\/?s={search_term_string}"},"query-input":{"@type":"PropertyValueSpecification","valueRequired":true,"valueName":"search_term_string"}}],"inLanguage":"en-US"},{"@type":"Organization","@id":"https:\/\/feralframe.com\/en\/#organization","name":"FERAL FRAME","url":"https:\/\/feralframe.com\/en\/","logo":{"@type":"ImageObject","inLanguage":"en-US","@id":"https:\/\/feralframe.com\/en\/#\/schema\/logo\/image\/","url":"https:\/\/feralframe.com\/wp-content\/uploads\/2022\/01\/logo-2-retina.png","contentUrl":"https:\/\/feralframe.com\/wp-content\/uploads\/2022\/01\/logo-2-retina.png","width":200,"height":120,"caption":"FERAL FRAME"},"image":{"@id":"https:\/\/feralframe.com\/en\/#\/schema\/logo\/image\/"},"sameAs":["https:\/\/www.facebook.com\/feralframe","https:\/\/www.instagram.com\/feralframe"],"email":"hola@feralframe.com","telephone":"2228069678"}]}},"_links":{"self":[{"href":"https:\/\/feralframe.com\/en\/wp-json\/wp\/v2\/pages\/14332","targetHints":{"allow":["GET"]}}],"collection":[{"href":"https:\/\/feralframe.com\/en\/wp-json\/wp\/v2\/pages"}],"about":[{"href":"https:\/\/feralframe.com\/en\/wp-json\/wp\/v2\/types\/page"}],"author":[{"embeddable":true,"href":"https:\/\/feralframe.com\/en\/wp-json\/wp\/v2\/users\/1"}],"replies":[{"embeddable":true,"href":"https:\/\/feralframe.com\/en\/wp-json\/wp\/v2\/comments?post=14332"}],"version-history":[{"count":3,"href":"https:\/\/feralframe.com\/en\/wp-json\/wp\/v2\/pages\/14332\/revisions"}],"predecessor-version":[{"id":14394,"href":"https:\/\/feralframe.com\/en\/wp-json\/wp\/v2\/pages\/14332\/revisions\/14394"}],"wp:attachment":[{"href":"https:\/\/feralframe.com\/en\/wp-json\/wp\/v2\/media?parent=14332"}],"curies":[{"name":"wp","href":"https:\/\/api.w.org\/{rel}","templated":true}]}}